{"id":6678,"date":"2017-01-30T10:35:27","date_gmt":"2017-01-30T10:35:27","guid":{"rendered":"http:\/\/castletown.ie\/contact-us\/"},"modified":"2022-09-05T09:38:53","modified_gmt":"2022-09-05T08:38:53","slug":"contact-us","status":"publish","type":"page","link":"https:\/\/castletown.ie\/ga\/contact-us\/","title":{"rendered":"Teagmh\u00e1il"},"content":{"rendered":"<p>[et_pb_section bb_built=&#8221;1&#8243; admin_label=&#8221;Section&#8221; fullwidth=&#8221;on&#8221; specialty=&#8221;off&#8221;][et_pb_fullwidth_header admin_label=&#8221;Fullwidth Header&#8221; title=&#8221;Teagmh\u00e1il&#8221; background_layout=&#8221;dark&#8221; text_orientation=&#8221;center&#8221; header_fullscreen=&#8221;on&#8221; header_scroll_down=&#8221;on&#8221; background_url=&#8221;http:\/\/castletown.ie\/wp-content\/uploads\/2017\/01\/Castletown-Nov-2010-18.-Davision-and-Associates-1.jpg&#8221; background_overlay_color=&#8221;rgba(0,0,0,0.33)&#8221; parallax=&#8221;off&#8221; parallax_method=&#8221;off&#8221; content_orientation=&#8221;center&#8221; image_orientation=&#8221;center&#8221; title_font_size=&#8221;50px&#8221; custom_button_one=&#8221;off&#8221; button_one_letter_spacing=&#8221;0&#8243; button_one_use_icon=&#8221;default&#8221; button_one_icon_placement=&#8221;right&#8221; button_one_on_hover=&#8221;on&#8221; button_one_letter_spacing_hover=&#8221;0&#8243; custom_button_two=&#8221;off&#8221; button_two_letter_spacing=&#8221;0&#8243; button_two_use_icon=&#8221;default&#8221; button_two_icon_placement=&#8221;right&#8221; button_two_on_hover=&#8221;on&#8221; button_two_letter_spacing_hover=&#8221;0&#8243; scroll_down_icon=&#8221;%%0%%&#8221; scroll_down_icon_size=&#8221;25px&#8221; subhead=&#8221;B\u00ed i dteagmh\u00e1il leis an duine ceart i mBaile an Chaisle\u00e1in maidir le d\u2019fhiosr\u00fa.&#8221; subhead_font_size=&#8221;23px&#8221; \/][\/et_pb_section][et_pb_section bb_built=&#8221;1&#8243; admin_label=&#8221;Section&#8221; fullwidth=&#8221;off&#8221; specialty=&#8221;off&#8221;][et_pb_row admin_label=&#8221;Row&#8221;][et_pb_column type=&#8221;1_3&#8243;][et_pb_blurb admin_label=&#8221;Address&#8221; title=&#8221;Teach Bhaile an Chaisle\u00e1in, Cill Droichid, Co. Chill Dara, W23 V9H3&#8243; url_new_window=&#8221;off&#8221; use_icon=&#8221;on&#8221; font_icon=&#8221;%%102%%&#8221; icon_color=&#8221;#27a9e1&#8243; use_circle=&#8221;off&#8221; circle_color=&#8221;#7EBEC5&#8243; use_circle_border=&#8221;off&#8221; circle_border_color=&#8221;#7EBEC5&#8243; icon_placement=&#8221;left&#8221; animation=&#8221;off&#8221; background_layout=&#8221;light&#8221; text_orientation=&#8221;left&#8221; use_icon_font_size=&#8221;on&#8221; use_border_color=&#8221;off&#8221; border_color=&#8221;#ffffff&#8221; border_style=&#8221;solid&#8221; icon_font_size=&#8221;20px&#8221; \/][\/et_pb_column][et_pb_column type=&#8221;1_3&#8243;][et_pb_blurb admin_label=&#8221;Phone Number&#8221; title=&#8221;+ 353 1 628 8252&#8243; url_new_window=&#8221;off&#8221; use_icon=&#8221;on&#8221; font_icon=&#8221;%%264%%&#8221; icon_color=&#8221;#27a9e1&#8243; use_circle=&#8221;off&#8221; circle_color=&#8221;#7EBEC5&#8243; use_circle_border=&#8221;off&#8221; circle_border_color=&#8221;#7EBEC5&#8243; icon_placement=&#8221;left&#8221; animation=&#8221;off&#8221; background_layout=&#8221;light&#8221; text_orientation=&#8221;left&#8221; use_icon_font_size=&#8221;on&#8221; use_border_color=&#8221;off&#8221; border_color=&#8221;#ffffff&#8221; border_style=&#8221;solid&#8221; icon_font_size=&#8221;20px&#8221; \/][\/et_pb_column][et_pb_column type=&#8221;1_3&#8243;][et_pb_blurb admin_label=&#8221;Email&#8221; title=&#8221;castletown@opw.ie&#8221; url_new_window=&#8221;off&#8221; use_icon=&#8221;on&#8221; font_icon=&#8221;%%153%%&#8221; icon_color=&#8221;#27a9e1&#8243; use_circle=&#8221;off&#8221; circle_color=&#8221;#7EBEC5&#8243; use_circle_border=&#8221;off&#8221; circle_border_color=&#8221;#7EBEC5&#8243; icon_placement=&#8221;left&#8221; animation=&#8221;off&#8221; background_layout=&#8221;light&#8221; text_orientation=&#8221;left&#8221; use_icon_font_size=&#8221;on&#8221; use_border_color=&#8221;off&#8221; border_color=&#8221;#ffffff&#8221; border_style=&#8221;solid&#8221; icon_font_size=&#8221;20px&#8221; \/][\/et_pb_column][\/et_pb_row][et_pb_row admin_label=&#8221;Row&#8221;][et_pb_column type=&#8221;4_4&#8243;][et_pb_divider admin_label=&#8221;Divider&#8221; color=&#8221;#494949&#8243; show_divider=&#8221;on&#8221; divider_style=&#8221;solid&#8221; divider_position=&#8221;top&#8221; hide_on_mobile=&#8221;off&#8221; \/][\/et_pb_column][\/et_pb_row][et_pb_row admin_label=&#8221;Row&#8221;][et_pb_column type=&#8221;1_2&#8243;][et_pb_text admin_label=&#8221;Events&#8221; background_layout=&#8221;light&#8221; text_orientation=&#8221;left&#8221; use_border_color=&#8221;off&#8221; border_color=&#8221;#ffffff&#8221; border_style=&#8221;solid&#8221;]<\/p>\n<h3>Imeachta\u00ed<\/h3>\n<p>T\u00e9igh i dteagmh\u00e1il go d\u00edreach le hOifig Imeachta\u00ed Bhaile an Chaisle\u00e1in maidir le hionad a th\u00f3g\u00e1il ar c\u00edos, grianghrafad\u00f3ireacht agus scann\u00e1n\u00fa. Glaoigh go d\u00edreach ar Kevina Dunne ag +353 1 6288252 n\u00f3 rphost castletownevents@opw.ie.<\/p>\n<p>[\/et_pb_text][et_pb_text admin_label=&#8221;Marketing&#8221; background_layout=&#8221;light&#8221; text_orientation=&#8221;left&#8221; use_border_color=&#8221;off&#8221; border_color=&#8221;#ffffff&#8221; border_style=&#8221;solid&#8221;]<\/p>\n<h3>Marga\u00edocht \/ Cumars\u00e1id<\/h3>\n<p>Do gach fiosr\u00fa maidir le marga\u00edocht agus cumars\u00e1id, t\u00e9igh i dteagmh\u00e1il go d\u00edreach le Claire Hickey ag +353 1 6288252 n\u00f3 rphost c.hickey@opw.ie.<\/p>\n<p>[\/et_pb_text][et_pb_text admin_label=&#8221;Archives&#8221; background_layout=&#8221;light&#8221; text_orientation=&#8221;left&#8221; use_border_color=&#8221;off&#8221; border_color=&#8221;#ffffff&#8221; border_style=&#8221;solid&#8221;]<\/p>\n<h3>Cartlann agus L\u00e1rionad Taighde OOP-Ollscoil Mhaigh Nuad<\/h3>\n<p>Do gach fiosr\u00fa maidir leis an gcartlann i mBaile an Chaisle\u00e1in n\u00f3 chun coinne a dh\u00e9anamh chun cuairt a thabhairt uirthi, b\u00ed i dteagmh\u00e1il le Nicola Kelly, Cartlanna\u00ed ag +353 1 654 4222 n\u00f3 rphost nicola.kelly@nuim.ie.<\/p>\n<p>[\/et_pb_text][et_pb_text admin_label=&#8221;Education&#8221; background_layout=&#8221;light&#8221; text_orientation=&#8221;left&#8221; use_border_color=&#8221;off&#8221; border_color=&#8221;#ffffff&#8221; border_style=&#8221;solid&#8221;]<\/p>\n<h3>Oideachas<\/h3>\n<p>Do gach fiosr\u00fa maidir le cuairteanna scoile, pac\u00e1ist\u00ed oideachais agus turais oiri\u00fanaithe d\u2019fhoghlaimeoir\u00ed \u00f3ga n\u00f3 f\u00e1sta, seol rphost chuig castletown@opw.ie n\u00f3 glaoigh orainn ag +353 1 6288252.<\/p>\n<p>[\/et_pb_text][\/et_pb_column][et_pb_column type=&#8221;1_2&#8243;][et_pb_text admin_label=&#8221;Collection&#8221; background_layout=&#8221;light&#8221; text_orientation=&#8221;left&#8221; use_border_color=&#8221;off&#8221; border_color=&#8221;#ffffff&#8221; border_style=&#8221;solid&#8221;]<\/p>\n<h3>Baili\u00fach\u00e1n<\/h3>\n<p>T\u00e9igh i dteagmh\u00e1il go d\u00edreach le Dorothea Depner faoi earra\u00ed sa bhaili\u00fach\u00e1n ag +353 1 6458846 n\u00f3 dorothea.depner@opw.ie.<\/p>\n<p>[\/et_pb_text][et_pb_text admin_label=&#8221;Management&#8221; background_layout=&#8221;light&#8221; text_orientation=&#8221;left&#8221; use_border_color=&#8221;off&#8221; border_color=&#8221;#ffffff&#8221; border_style=&#8221;solid&#8221;]<\/p>\n<h3>An Bhainist\u00edocht<\/h3>\n<p>Is f\u00e9idir rphost a sheoladh d\u00edreach chuig Mary Heffernan, Bainisteoir Ginear\u00e1lta, ag mary.heffernan@opw.ie. T\u00e1 Hugh Bonar, Bainisteoir, le f\u00e1il ag hugh.bonar@opw.ie agus is f\u00e9idir teacht ar Liam Murphy Bainisteoir East\u00e1it ag liam.murphy@opw.ie n\u00f3 +353 1 6288252.<\/p>\n<p>[\/et_pb_text][et_pb_text admin_label=&#8221;Foundation&#8221; background_layout=&#8221;light&#8221; text_orientation=&#8221;left&#8221; use_border_color=&#8221;off&#8221; border_color=&#8221;#ffffff&#8221; border_style=&#8221;solid&#8221;]<\/p>\n<h3>Fond\u00faireacht Bhaile an Chaisle\u00e1in<\/h3>\n<p>Chun tuilleadh eolais a fh\u00e1il faoi Fhond\u00faireacht Bhaile an Chaisle\u00e1in n\u00f3 chun dul i dteagmh\u00e1il leis na baill tabhair cuairt ar www.castletownfoundation.com.<\/p>\n<p>[\/et_pb_text][et_pb_text admin_label=&#8221;Music&#8221; background_layout=&#8221;light&#8221; text_orientation=&#8221;left&#8221; use_border_color=&#8221;off&#8221; border_color=&#8221;#ffffff&#8221; border_style=&#8221;solid&#8221;]<\/p>\n<h3>Ceol<\/h3>\n<p>Is \u00ed Linda Byrne at\u00e1 i bhfeighil ar an gcl\u00e1r spleodrach spreag\u00fail ceoil anseo gach bliain. Seol rphost chuici ag castletownmusic@opw.ie le smaointe don s\u00e9as\u00far seo chugainn.<\/p>\n<p>[\/et_pb_text][\/et_pb_column][\/et_pb_row][et_pb_row admin_label=&#8221;Row&#8221;][et_pb_column type=&#8221;4_4&#8243;][et_pb_social_media_follow admin_label=&#8221;Social Media Follow&#8221; link_shape=&#8221;circle&#8221; background_layout=&#8221;light&#8221; url_new_window=&#8221;on&#8221; follow_button=&#8221;off&#8221;] [et_pb_social_media_follow_network social_network=&#8221;facebook&#8221; url=&#8221;https:\/\/www.facebook.com\/castletownhouse\/&#8221; skype_action=&#8221;call&#8221; bg_color=&#8221;#3b5998&#8243;]Facebook[\/et_pb_social_media_follow_network][et_pb_social_media_follow_network social_network=&#8221;twitter&#8221; url=&#8221;https:\/\/twitter.com\/opwcastletown&#8221; skype_action=&#8221;call&#8221; bg_color=&#8221;#00aced&#8221;]Twitter[\/et_pb_social_media_follow_network][et_pb_social_media_follow_network social_network=&#8221;instagram&#8221; url=&#8221;https:\/\/www.instagram.com\/castletownhouse\/&#8221; skype_action=&#8221;call&#8221; bg_color=&#8221;#517fa4&#8243;]Instagram[\/et_pb_social_media_follow_network] [\/et_pb_social_media_follow][\/et_pb_column][\/et_pb_row][\/et_pb_section][et_pb_section bb_built=&#8221;1&#8243; admin_label=&#8221;Section&#8221; fullwidth=&#8221;on&#8221; specialty=&#8221;off&#8221;][et_pb_fullwidth_map admin_label=&#8221;Fullwidth Map&#8221; address=&#8221;Celbridge, Co. Kildare, Ireland&#8221; zoom_level=&#8221;13&#8243; address_lat=&#8221;53.3511697718163&#8243; address_lng=&#8221;-6.49365528061526&#8243; mouse_wheel=&#8221;off&#8221; mobile_dragging=&#8221;off&#8221;] [et_pb_map_pin title=&#8221;Teach Bhaile an Chaisle\u00e1in&#8221; pin_address=&#8221;Castletown, Celbridge, Co. Kildare, Ireland&#8221; pin_address_lat=&#8221;53.349127&#8243; pin_address_lng=&#8221;-6.530290000000036&#8243; \/] [\/et_pb_fullwidth_map][\/et_pb_section]<\/p>\n","protected":false},"excerpt":{"rendered":"<p>Imeachta\u00ed T\u00e9igh i dteagmh\u00e1il go d\u00edreach le hOifig Imeachta\u00ed Bhaile an Chaisle\u00e1in maidir le hionad a th\u00f3g\u00e1il ar c\u00edos, grianghrafad\u00f3ireacht agus scann\u00e1n\u00fa. Glaoigh go d\u00edreach ar Kevina Dunne ag +353 [&hellip;]<\/p>\n","protected":false},"author":12,"featured_media":0,"parent":0,"menu_order":0,"comment_status":"closed","ping_status":"closed","template":"","meta":{"_et_pb_use_builder":"on","_et_pb_old_content":"","_et_gb_content_width":"","footnotes":""},"class_list":["post-6678","page","type-page","status-publish","hentry"],"_links":{"self":[{"href":"https:\/\/castletown.ie\/ga\/wp-json\/wp\/v2\/pages\/6678","targetHints":{"allow":["GET"]}}],"collection":[{"href":"https:\/\/castletown.ie\/ga\/wp-json\/wp\/v2\/pages"}],"about":[{"href":"https:\/\/castletown.ie\/ga\/wp-json\/wp\/v2\/types\/page"}],"author":[{"embeddable":true,"href":"https:\/\/castletown.ie\/ga\/wp-json\/wp\/v2\/users\/12"}],"replies":[{"embeddable":true,"href":"https:\/\/castletown.ie\/ga\/wp-json\/wp\/v2\/comments?post=6678"}],"version-history":[{"count":2,"href":"https:\/\/castletown.ie\/ga\/wp-json\/wp\/v2\/pages\/6678\/revisions"}],"predecessor-version":[{"id":6679,"href":"https:\/\/castletown.ie\/ga\/wp-json\/wp\/v2\/pages\/6678\/revisions\/6679"}],"wp:attachment":[{"href":"https:\/\/castletown.ie\/ga\/wp-json\/wp\/v2\/media?parent=6678"}],"curies":[{"name":"wp","href":"https:\/\/api.w.org\/{rel}","templated":true}]}}