{"id":6681,"date":"2017-02-11T11:49:40","date_gmt":"2017-02-11T11:49:40","guid":{"rendered":"http:\/\/castletown.ie\/frequently-asked-questions\/"},"modified":"2023-12-04T16:15:56","modified_gmt":"2023-12-04T16:15:56","slug":"frequently-asked-questions","status":"publish","type":"page","link":"https:\/\/castletown.ie\/ga\/frequently-asked-questions\/","title":{"rendered":"Ceisteanna Coitianta"},"content":{"rendered":"<p>[et_pb_section bb_built=&#8221;1&#8243; admin_label=&#8221;Section&#8221; fullwidth=&#8221;on&#8221; specialty=&#8221;off&#8221;][et_pb_fullwidth_header admin_label=&#8221;Fullwidth Header&#8221; title=&#8221;Ceisteanna Coitianta&#8221; background_layout=&#8221;dark&#8221; text_orientation=&#8221;center&#8221; header_fullscreen=&#8221;on&#8221; header_scroll_down=&#8221;on&#8221; background_url=&#8221;http:\/\/castletown.ie\/wp-content\/uploads\/2017\/02\/070216_-Castletown_-House_-587-1.jpg&#8221; background_overlay_color=&#8221;rgba(0,0,0,0.33)&#8221; parallax=&#8221;off&#8221; parallax_method=&#8221;off&#8221; content_orientation=&#8221;center&#8221; image_orientation=&#8221;center&#8221; title_font_size=&#8221;50px&#8221; custom_button_one=&#8221;off&#8221; button_one_letter_spacing=&#8221;0&#8243; button_one_use_icon=&#8221;default&#8221; button_one_icon_placement=&#8221;right&#8221; button_one_on_hover=&#8221;on&#8221; button_one_letter_spacing_hover=&#8221;0&#8243; custom_button_two=&#8221;off&#8221; button_two_letter_spacing=&#8221;0&#8243; button_two_use_icon=&#8221;default&#8221; button_two_icon_placement=&#8221;right&#8221; button_two_on_hover=&#8221;on&#8221; button_two_letter_spacing_hover=&#8221;0&#8243; scroll_down_icon=&#8221;%%0%%&#8221; scroll_down_icon_size=&#8221;25px&#8221; subhead=&#8221;Freagra\u00ed \u00das\u00e1ideacha ar Cheisteanna ag Cuairteoir\u00ed go Baile an Chaisle\u00e1in go Minic&#8221; subhead_font_size=&#8221;23px&#8221; \/][\/et_pb_section][et_pb_section bb_built=&#8221;1&#8243; admin_label=&#8221;Section&#8221; fullwidth=&#8221;off&#8221; specialty=&#8221;off&#8221;][et_pb_row admin_label=&#8221;Row&#8221;][et_pb_column type=&#8221;1_2&#8243;][et_pb_text admin_label=&#8221;Visiting FAQ&#8221; background_layout=&#8221;light&#8221; text_orientation=&#8221;left&#8221; use_border_color=&#8221;off&#8221; border_color=&#8221;#ffffff&#8221; border_style=&#8221;solid&#8221;]<\/p>\n<h3>Cuairt a Thabhairt ar Bhaile an Chaisle\u00e1in<\/h3>\n<p>&nbsp;<\/p>\n<h4><strong>Conas teacht ar Bhaile an Chaisle\u00e1in?<\/strong><\/h4>\n<p>N\u00edl Baile an Chaisle\u00e1in ach 10 n\u00f3im\u00e9ad \u00f3 Ionad Siopad\u00f3ireachta Ghleann na Life agus an M50 agus t\u00e1 s\u00e9 \u00e9asca tiom\u00e1int anseo tr\u00edd an 6\u00fa Bhealach Amach \u00f3n M4 ag Iarthar Chill Droichid. Is f\u00e9idir bus 67 a th\u00f3g\u00e1il \u00f3 l\u00e1r Bhaile \u00c1tha Cliath go dt\u00ed stad Bhaile an Chaisle\u00e1in ar phr\u00edomhshr\u00e1id Chill Droichid.<\/p>\n<p>Plean\u00e1il do thuras <a href=\"http:\/\/castletown.ie\/ga\/how-to-find-us\/\">anseo<\/a>. Tabhair faoi deara le do thoil nach bhfuil sl\u00ed isteach do ghluaiste\u00e1in go Baile an Chaisle\u00e1in ach \u00f3 Bhealach Amach 6 den M4, tr\u00ed Bh\u00f3thar Halla an Sciob\u00f3il. D\u2019ainneoin a bhfuil le feice\u00e1il ar Google Maps n\u00edl sl\u00ed isteach ach do choisithe agus do rothair tr\u00ed na geata\u00ed ar phr\u00edomhshr\u00e1id Chill Droichid.<\/p>\n<h4><strong>An bhfuil p\u00e1irce\u00e1il do chuairteoir\u00ed i mBaile an Chaisle\u00e1in?<\/strong><\/h4>\n<p>T\u00e1. T\u00e1 carrchl\u00f3s na gcuairteoir\u00ed ar thaobh do l\u00e1imhe cl\u00e9 agus t\u00fa ag teacht chuig an teach. T\u00e1 sp\u00e1sanna p\u00e1irce\u00e1la d\u00f3ibh si\u00fad faoi mh\u00edchumas le f\u00e1il n\u00edos gaire don teach in aice le Sciath\u00e1n na Cistine (ag an taobh thall den teach agus t\u00fa ag teacht chuige).<\/p>\n<h4><strong>Conas a cheanna\u00edm tic\u00e9ad?<\/strong><\/h4>\n<p>Faoi l\u00e1thair, n\u00ed f\u00e9idir tic\u00e9id a cheannach ar an su\u00edomh ach ag an Oifig Tic\u00e9ad i Sciath\u00e1n na St\u00e1bla\u00ed (agus t\u00fa ag f\u00e9achaint ar aghaidh an t\u00ed t\u00e1 Sciath\u00e1n na St\u00e1bla\u00ed ar thaobh do l\u00e1imhe deise).<\/p>\n<h4><strong>T\u00e1 C\u00e1rta Oidhreachta OOP bail\u00ed agam. An g\u00e1 dom dul go dt\u00ed Oifig na dTic\u00e9ad?<\/strong><\/h4>\n<p>Is g\u00e1. D\u00e9anfaidh \u00e1r bhfoireann do ch\u00e1rta a scr\u00fad\u00fa agus ansin eiseofar tic\u00e9ad do thuras f\u00e9intreoraithe n\u00f3 treoraithe duit.<\/p>\n<h4><strong>Conas a dh\u00e9anaim \u00e1irithint ghr\u00fapa?<\/strong><\/h4>\n<p>M\u00e1s mian leat \u00e1irithint a dh\u00e9anamh do ghr\u00fapa de n\u00edos m\u00f3 n\u00e1 hochtar, glaoigh orainn n\u00f3 seol rphost chugainn i bhfad roimh r\u00e9, le do thoil: +353 1 6288252 n\u00f3 castletown@opw.ie.<\/p>\n<h4><strong>Cad \u00e9 an difr\u00edocht idir turas treoraithe agus cuairt fh\u00e9intreoraithe?<\/strong><\/h4>\n<p>Tugann tic\u00e9ad f\u00e9intreoraithe an deis duit cuairt a thabhairt ar an teach, mar aon le na taispe\u00e1ntais uile sa teach m\u00f3r, ar do luas f\u00e9in. T\u00e1 siad n\u00edos saoire n\u00e1 tic\u00e9id do thuras treoraithe. \u00c1r bhfoireann oilte a thugann na turais threoraithe agus t\u00e1 l\u00e9argas iontach le f\u00e1il iontu ar stair \u00e9achtach Bhaile an Chaisle\u00e1in. Maireann na turais thart ar uair an chloig.<\/p>\n<h4><strong>An f\u00e9idir liom \u00edoc le mo ch\u00e1rta creidmheasa?<\/strong><\/h4>\n<p>Is f\u00e9idir, glacaimid le gach c\u00e1rta creidmheasa ach amh\u00e1in American Express.<\/p>\n<p>[\/et_pb_text][\/et_pb_column][et_pb_column type=&#8221;1_2&#8243;][et_pb_text admin_label=&#8221;Venue Hire FAQ&#8221; background_layout=&#8221;light&#8221; text_orientation=&#8221;left&#8221; use_border_color=&#8221;off&#8221; border_color=&#8221;#ffffff&#8221; border_style=&#8221;solid&#8221;]<\/p>\n<h3>Ionad ar C\u00edos<\/h3>\n<p>&nbsp;<\/p>\n<h4><strong>Cathain ar f\u00e9idir liom breathn\u00fa ar na l\u00e1ithreacha f\u00e9ideartha do m\u2019imeacht f\u00e9in i dTeach Bhaile an Chaisle\u00e1in?<\/strong><\/h4>\n<p>Bheadh duine d\u00e1r bhFoireann \u00c1irithint\u00ed bre\u00e1 s\u00e1sta an t-ionad is oiri\u00fana\u00ed do d\u2019imeacht f\u00e9in a thaispe\u00e1int duit. B\u00ed i dteagmh\u00e1il chun cuairt ar an ionad a eagr\u00fa tr\u00ed ghlaoch ar +353 1 6288252 n\u00f3 rphost castletownevents@opw.ie.<\/p>\n<h4><strong>Conas a dh\u00e9anfaidh m\u00e9 ionad a chur in \u00e1irithe ag Teach Bhaile an Chaisle\u00e1in?<\/strong><\/h4>\n<p>Is f\u00e9idir gach \u00e1irithint shealadach a dh\u00e9anamh ar an rphost. B\u00ed i dteagmh\u00e1il chun seice\u00e1il go bhfuil an t-ionad ar f\u00e1il do d\u2019imeacht f\u00e9in.<\/p>\n<h4><strong>An f\u00e9idir le duine ar bith ionad i dTeach Bhaile an Chaisle\u00e1in a chur in \u00e1irithe?<\/strong><\/h4>\n<p>T\u00e1 gach ionad i dTeach Bhaile an Chaisle\u00e1in ar f\u00e1il d\u2019\u00e1irithint\u00ed corpar\u00e1ideacha. N\u00edl na hionaid imeachta\u00ed i dTeach Bhaile an Chaisle\u00e1in ar f\u00e1il do dhaoine pr\u00edobh\u00e1ideacha. <\/p>\n<h4><strong>Teasta\u00edonn uaim fearann Bhaile an Chaisle\u00e1in a \u00fas\u00e1id d\u2019\u00f3c\u00e1id \u2013 an f\u00e9idir \u00e9 sin a dh\u00e9anamh?<\/strong><\/h4>\n<p>Scr\u00fada\u00edtear smaointe maidir le himeachta\u00ed faoin aer c\u00e1s ar ch\u00e1s. B\u00ed i dteagmh\u00e1il linn, le do thoil, leis an smaoineamh n\u00f3 ceist at\u00e1 agat.<\/p>\n<h4><strong>C\u00e9 na comhlachta\u00ed l\u00f3nad\u00f3ireachta at\u00e1 ar f\u00e1il dom?<\/strong><\/h4>\n<p>Molaimid comhlachta\u00ed l\u00f3nad\u00f3ireachta \u00f3n <a href=\"http:\/\/castletown.ie\/catering\/\">bpain\u00e9al faofa seo <\/a> n\u00f3 an comhlacht l\u00f3nad\u00f3ireachta ar an l\u00e1thair, The Caterers, a \u00fas\u00e1id. T\u00e1 s\u00e9 mar choinn\u00edol den \u00e1irithint go bhfaighfear aont\u00fa Castletown Events Management sula mbronnfar aon chonradh l\u00f3nad\u00f3ireachta. <\/p>\n<h4><strong>An f\u00e9idir liom p\u00f3sadh ag Baile an Chaisle\u00e1in?<\/strong><\/h4>\n<p>N\u00edl Teach Bhaile an Chaisle\u00e1in ar f\u00e1il do bhainiseacha.<\/p>\n<h4><strong>An bhfuil Wi-Fi ar f\u00e1il?<\/strong><\/h4>\n<p>T\u00e1. T\u00e1 Wi-Fi saor in aisce ar f\u00e1il i ngach \u00e1it sa l\u00e1thair, sna hionaid go l\u00e9ir.<\/p>\n<h4><strong>An bhfuil \u00e1iseanna seomra c\u00f3ta\u00ed ar f\u00e1il?<\/strong><\/h4>\n<p>T\u00e1 \u00e1iseanna seomra c\u00f3ta\u00ed ar f\u00e1il sna hionaid go l\u00e9ir.<\/p>\n<h4><strong>An mbeidh m\u00e9 \u00e1balta turais a eagr\u00fa d\u00f3ibh si\u00fad ag freastal ar m\u2019imeacht?<\/strong><\/h4>\n<p>Nuair at\u00e1 d\u2019\u00f3c\u00e1id dearbhaithe linn is f\u00e9idir linn turais ar Theach Bhaile an Chaisle\u00e1in a eagr\u00fa d\u00f3ibh si\u00fad ata ag freastal ar d\u2019\u00f3c\u00e1id.<\/p>\n<p>[\/et_pb_text][\/et_pb_column][\/et_pb_row][et_pb_row admin_label=&#8221;Row&#8221;][et_pb_column type=&#8221;4_4&#8243;][et_pb_text admin_label=&#8221;More Visit FAQ Text&#8221; background_layout=&#8221;light&#8221; text_orientation=&#8221;left&#8221; use_border_color=&#8221;off&#8221; border_color=&#8221;#ffffff&#8221; border_style=&#8221;solid&#8221;]<\/p>\n<h4><strong>C\u00e9n f\u00e1th gur g\u00e1 dom mo mh\u00e1la droma a fh\u00e1g\u00e1il i dtaiscead\u00e1n?<\/strong><\/h4>\n<p>Chun nach mbr\u00fafa\u00ed in aghaidh n\u00f3 nach scr\u00edobfa\u00ed earra\u00ed leochaileacha sna si\u00falbheala\u00ed agus sna dorchla\u00ed, iarraimid ort do mh\u00e1la a fh\u00e1g\u00e1il i gceann d\u00e1r dtaiscead\u00e1in sula dtosa\u00edonn t\u00fa do chuairt. Is g\u00e1 \u00e9arlais \u20ac1 do na taiscead\u00e1in. <\/p>\n<h4><strong>An f\u00e9idir liom buga\u00ed\/pram a thabhairt isteach sa Teach M\u00f3r?<\/strong><\/h4>\n<p>Faraor, n\u00ed cheada\u00edtear pramanna agus bugaithe sna seomra\u00ed m\u00fasaeim. Cuirfimid iad i dtaisce duit le linn do chuairte \u2013 n\u00ed g\u00e1 ach cabhair a lorg ar dhuine d\u2019\u00e1r dtreoraithe ag an deasc eolais.<\/p>\n<h4><strong>An bhfuil an teach oiri\u00fanach do chathaoireacha rotha\u00ed?<\/strong><\/h4>\n<p>In ainneoin ardaitheoir a bheith sa teach, n\u00ed ardaitheoir tine at\u00e1 ann agus m\u00e1s ea, faraor, n\u00edl ach url\u00e1r na tal\u00fan oiri\u00fanach do chathaoireacha rotha\u00ed.<\/p>\n<h4><strong>An bhfuil clostreoir ar f\u00e1il?<\/strong><\/h4>\n<p>N\u00edl clostreoir ar f\u00e1il i l\u00e1thair na huaire ach is f\u00e9idir an Wi-Fi saor in aisce i mBaile an Chaisle\u00e1in a \u00fas\u00e1id chun <a href=\"http:\/\/castletown.ie\/\">\u00e1r nAip saor in aisce<\/a> a \u00edosl\u00f3d\u00e1il \u2013 t\u00e1 eolas faoi na taispe\u00e1ntais agus clostreoir r\u00e9amhthaifeadta ar f\u00e1il ansin (ar f\u00e1il do Android agus iOS). N\u00ed g\u00e1 ach c\u00f3d rochtana an Wi-Fi a iarraidh ar dhuine d\u00e1r dtreoraithe.<\/p>\n<h4><strong>An bhfuil \u00e1bhar eolais agaibh i dteangacha iasachta?<\/strong><\/h4>\n<p>T\u00e1 bileog le heolas faoi Theach Bhaile an Chaisle\u00e1in le f\u00e1il uainn sna teangacha a leanas: Gaeilge, B\u00e9arla, Fraincis, Sp\u00e1innis, Gearm\u00e1inis, S\u00ednis, Iod\u00e1ilis agus Polainnis.<\/p>\n<h4><strong>An f\u00e9idir liom grianghraif a ghlacadh?<\/strong><\/h4>\n<p>Is f\u00e9idir grianghraif agus f\u00edse\u00e1in a ghlacadh do d\u2019\u00fas\u00e1id f\u00e9in agus t\u00fa ar cuairt i mBaile an Chaisle\u00e1in. Ba bhre\u00e1 linn d\u00e1 roinnfe\u00e1 linne agus ar na me\u00e1in sh\u00f3isialta iad. Sa teach f\u00e9in, \u00e1fach, is g\u00e1 do splanc a chasadh as mar go gcuireann solas isteach ar \u00e1r mbaili\u00fach\u00e1n. Tabhair faoi deara freisin nach bhfuil cead maide f\u00e9in\u00edn n\u00e1 tr\u00edchosach a \u00fas\u00e1id le linn do chuairte agus iarraimid ort gan f\u00edse\u00e1n n\u00e1 taifead a dh\u00e9anamh d\u00e1r gcuid turas treoraithe.<\/p>\n<h4><strong>Conas a bheidh f\u00e1il agam ar eolas faoi imeachta\u00ed i mBaile an Chaisle\u00e1in?<\/strong><\/h4>\n<p>Cl\u00e1raigh len\u00e1r nuachtlitir le do thoil n\u00f3 tabhair cuairt ar <a href=\"http:\/\/castletown.ie\/calendar\/\">Cad At\u00e1 ar Si\u00fal<\/a> chun tuilleadh a fhoghlaim faoin\u00e1r gcl\u00e1r spleodrach imeachta\u00ed. Is f\u00e9idir Cl\u00e1r Cult\u00fartha 2017 a \u00edosl\u00f3d\u00e1il <a href=\"http:\/\/castletown.ie\/wp-content\/uploads\/2017\/04\/2017_OPW_Castletown-Event-Programme.pdf\" target=\"_blank\" rel=\"noopener noreferrer\">anseo<\/a> chomh maith n\u00f3 c\u00f3ip de a phiocadh suas ar do thuras.<\/p>\n<h4><strong>T\u00e1im ag freastal ar chomhdh\u00e1il i mBaile an Chaisle\u00e1in. C\u00e1 bhfuil l\u00e1thair na comhdh\u00e1la?<br \/>\n<\/strong><\/h4>\n<p>T\u00e1 \u00e1r n-\u00e1iseanna comhdh\u00e1la go l\u00e9ir i Sciath\u00e1n na St\u00e1bla\u00ed (agus an teach le d\u2019aghaidh, t\u00e1 an sciath\u00e1n ar thaobh do l\u00e1imhe deise). Beidh comhartha\u00ed maidir leis na himeachta\u00ed in airde ar do shon. Beidh \u00e1r bhfoireann ar an l\u00e1thair bre\u00e1 s\u00e1sta treoir a thabhairt duit freisin.<\/p>\n<p>[\/et_pb_text][\/et_pb_column][\/et_pb_row][\/et_pb_section][et_pb_section bb_built=&#8221;1&#8243; admin_label=&#8221;Section&#8221; fullwidth=&#8221;on&#8221; specialty=&#8221;off&#8221;][et_pb_fullwidth_image admin_label=&#8221;Fullwidth Image&#8221; src=&#8221;http:\/\/castletown.ie\/wp-content\/uploads\/2017\/02\/Castletown-Nov-2010-04.-Castletown-House.-Davision-and-Associates.JPG.jpg&#8221; show_in_lightbox=&#8221;off&#8221; url_new_window=&#8221;off&#8221; use_overlay=&#8221;off&#8221; animation=&#8221;off&#8221; use_border_color=&#8221;off&#8221; border_color=&#8221;#ffffff&#8221; border_style=&#8221;solid&#8221; \/][\/et_pb_section]<\/p>\n","protected":false},"excerpt":{"rendered":"<p>Cuairt a Thabhairt ar Bhaile an Chaisle\u00e1in &nbsp; Conas teacht ar Bhaile an Chaisle\u00e1in? N\u00edl Baile an Chaisle\u00e1in ach 10 n\u00f3im\u00e9ad \u00f3 Ionad Siopad\u00f3ireachta Ghleann na Life agus an M50 [&hellip;]<\/p>\n","protected":false},"author":12,"featured_media":0,"parent":0,"menu_order":0,"comment_status":"closed","ping_status":"closed","template":"","meta":{"_et_pb_use_builder":"on","_et_pb_old_content":"","_et_gb_content_width":"","footnotes":""},"class_list":["post-6681","page","type-page","status-publish","hentry"],"_links":{"self":[{"href":"https:\/\/castletown.ie\/ga\/wp-json\/wp\/v2\/pages\/6681","targetHints":{"allow":["GET"]}}],"collection":[{"href":"https:\/\/castletown.ie\/ga\/wp-json\/wp\/v2\/pages"}],"about":[{"href":"https:\/\/castletown.ie\/ga\/wp-json\/wp\/v2\/types\/page"}],"author":[{"embeddable":true,"href":"https:\/\/castletown.ie\/ga\/wp-json\/wp\/v2\/users\/12"}],"replies":[{"embeddable":true,"href":"https:\/\/castletown.ie\/ga\/wp-json\/wp\/v2\/comments?post=6681"}],"version-history":[{"count":3,"href":"https:\/\/castletown.ie\/ga\/wp-json\/wp\/v2\/pages\/6681\/revisions"}],"predecessor-version":[{"id":10633,"href":"https:\/\/castletown.ie\/ga\/wp-json\/wp\/v2\/pages\/6681\/revisions\/10633"}],"wp:attachment":[{"href":"https:\/\/castletown.ie\/ga\/wp-json\/wp\/v2\/media?parent=6681"}],"curies":[{"name":"wp","href":"https:\/\/api.w.org\/{rel}","templated":true}]}}