{"id":6684,"date":"2016-12-13T09:44:46","date_gmt":"2016-12-13T09:44:46","guid":{"rendered":"http:\/\/castletown.ie\/tickets-and-times\/"},"modified":"2022-08-16T16:09:23","modified_gmt":"2022-08-16T15:09:23","slug":"tickets-and-times","status":"publish","type":"page","link":"https:\/\/castletown.ie\/ga\/tickets-and-times\/","title":{"rendered":"Tic\u00e9id agus Amanna"},"content":{"rendered":"<p>[et_pb_section bb_built=&#8221;1&#8243; fullwidth=&#8221;on&#8221; specialty=&#8221;off&#8221;][et_pb_fullwidth_header title=&#8221;Tic\u00e9id agus Amanna&#8221; background_layout=&#8221;dark&#8221; text_orientation=&#8221;center&#8221; header_fullscreen=&#8221;on&#8221; header_scroll_down=&#8221;on&#8221; background_url=&#8221;http:\/\/castletown.ie\/wp-content\/uploads\/2016\/12\/WillPryce_CF007491_FL-1.jpg&#8221; background_overlay_color=&#8221;rgba(0,0,0,0.33)&#8221; parallax=&#8221;off&#8221; parallax_method=&#8221;off&#8221; content_orientation=&#8221;center&#8221; image_orientation=&#8221;center&#8221; title_font_size=&#8221;50px&#8221; custom_button_one=&#8221;off&#8221; button_one_letter_spacing=&#8221;0&#8243; button_one_use_icon=&#8221;default&#8221; button_one_icon_placement=&#8221;right&#8221; button_one_on_hover=&#8221;on&#8221; button_one_letter_spacing_hover=&#8221;0&#8243; custom_button_two=&#8221;off&#8221; button_two_letter_spacing=&#8221;0&#8243; button_two_use_icon=&#8221;default&#8221; button_two_icon_placement=&#8221;right&#8221; button_two_on_hover=&#8221;on&#8221; button_two_letter_spacing_hover=&#8221;0&#8243; scroll_down_icon=&#8221;%%0%%&#8221; scroll_down_icon_size=&#8221;25px&#8221; subhead=&#8221;Scrollaigh Chun Roghanna Maidir le Cuairteanna agus Cur in \u00c1irithe a Fheice\u00e1il.&#8221; subhead_font_size=&#8221;23px&#8221; saved_tabs=&#8221;all&#8221; background_image=&#8221;http:\/\/castletown.ie\/wp-content\/uploads\/2016\/12\/WillPryce_CF007491_FL-1.jpg&#8221; \/][\/et_pb_section][et_pb_section bb_built=&#8221;1&#8243; fullwidth=&#8221;off&#8221; specialty=&#8221;off&#8221;][et_pb_row background_position=&#8221;top_left&#8221; background_repeat=&#8221;repeat&#8221; background_size=&#8221;initial&#8221;][et_pb_column type=&#8221;1_3&#8243;][et_pb_text admin_label=&#8221;Opening Hours Text&#8221; background_layout=&#8221;light&#8221; text_orientation=&#8221;left&#8221; use_border_color=&#8221;off&#8221; border_color=&#8221;#ffffff&#8221; border_style=&#8221;solid&#8221; background_position=&#8221;top_left&#8221; background_repeat=&#8221;repeat&#8221; background_size=&#8221;initial&#8221;]<\/p>\n<h3>An Teach<\/h3>\n<p>T\u00e1 Teach Bhaile an Chaisle\u00e1in ar oscailt anois do sh\u00e9as\u00far 2017. Leanann s\u00e9 seo \u00f3n 16 M\u00e1rta go dt\u00ed an 5 Samhain. T\u00e1 an teach oscailte seacht l\u00e1 na seachtaine, D\u00e9 Luain Saoire Bainc san \u00e1ireamh, \u00f3 10:00 go dt\u00ed 17:00. Cead isteach deireanach 16:00.<\/p>\n<p>[\/et_pb_text][\/et_pb_column][et_pb_column type=&#8221;2_3&#8243;][et_pb_text admin_label=&#8221;Parkland Text&#8221; background_layout=&#8221;light&#8221; text_orientation=&#8221;left&#8221; use_border_color=&#8221;off&#8221; border_color=&#8221;#ffffff&#8221; border_style=&#8221;solid&#8221; background_position=&#8221;top_left&#8221; background_repeat=&#8221;repeat&#8221; background_size=&#8221;initial&#8221;]<\/p>\n<h3>An Fearann P\u00e1irce<\/h3>\n<p>T\u00e1 an fearann p\u00e1irce agus na si\u00fal\u00f3id\u00ed cois abhann, a dearadh san ocht\u00fa haois d\u00e9ag agus a athch\u00f3ir\u00edodh le deireanas, oscailte \u00f3 cheann ceann na bliana. N\u00edl t\u00e1ille ar bith ar shi\u00fal\u00f3id n\u00e1 an fearann a bhreathn\u00fa. T\u00e1 f\u00e1ilte roimh mhadra\u00ed ach is g\u00e1 iad a choime\u00e1d ar iall agus n\u00ed cheada\u00edtear sa loch iad, \u00f3ir t\u00e1 ainmhithe agus \u00e9in i mbun neadaithe ansin.<\/p>\n<p>Amanna oscailte\/d\u00fanta do gheata\u00ed an east\u00e1it mar a leanas:<\/p>\n<p>[\/et_pb_text][\/et_pb_column][\/et_pb_row][et_pb_row background_position=&#8221;top_left&#8221; background_repeat=&#8221;repeat&#8221; background_size=&#8221;initial&#8221;][et_pb_column type=&#8221;1_4&#8243;][\/et_pb_column][et_pb_column type=&#8221;1_4&#8243;][et_pb_text admin_label=&#8221;Parkland Text&#8221; background_layout=&#8221;light&#8221; text_orientation=&#8221;left&#8221; use_border_color=&#8221;off&#8221; border_color=&#8221;#ffffff&#8221; border_style=&#8221;solid&#8221; background_position=&#8221;top_left&#8221; background_repeat=&#8221;repeat&#8221; background_size=&#8221;initial&#8221;]<\/p>\n<p><em>Geata Batty Langley (sl\u00ed isteach do choisithe):<\/em><br \/>\n06:30 \u2013 21:00 Aibre\u00e1n &amp; Me\u00e1n F\u00f3mhair<br \/>\n06:30 \u2013 22:15 Bealtaine go L\u00fanasa<br \/>\n06:30 \u2013 22:00 Deireadh F\u00f3mhair go M\u00e1rta<\/p>\n<p>[\/et_pb_text][\/et_pb_column][et_pb_column type=&#8221;1_4&#8243;][et_pb_text admin_label=&#8221;Parkland Text&#8221; background_layout=&#8221;light&#8221; text_orientation=&#8221;left&#8221; use_border_color=&#8221;off&#8221; border_color=&#8221;#ffffff&#8221; border_style=&#8221;solid&#8221; background_position=&#8221;top_left&#8221; background_repeat=&#8221;repeat&#8221; background_size=&#8221;initial&#8221;]<\/p>\n<p><em>Geata Ascaill Chill Droichid (sl\u00ed isteach do choisithe):<\/em><br \/>\n06:45 \u2013 21:15 Aibre\u00e1n &amp; Me\u00e1n F\u00f3mhair<br \/>\n06:45 \u2013 22:15 Bealtaine go L\u00fanasa<br \/>\n06:45 \u2013 19:45 Deireadh F\u00f3mhair go M\u00e1rta<\/p>\n<p>[\/et_pb_text][\/et_pb_column][et_pb_column type=&#8221;1_4&#8243;][et_pb_text admin_label=&#8221;Parkland Text&#8221; background_layout=&#8221;light&#8221; text_orientation=&#8221;left&#8221; use_border_color=&#8221;off&#8221; border_color=&#8221;#ffffff&#8221; border_style=&#8221;solid&#8221; background_position=&#8221;top_left&#8221; background_repeat=&#8221;repeat&#8221; background_size=&#8221;initial&#8221;]<\/p>\n<p><em>Geata an M4 (sl\u00ed isteach d\u2019fheithicl\u00ed):<\/em><br \/>\n07:00 \u2013 21:30 Aibre\u00e1n &amp; Me\u00e1n F\u00f3mhair<br \/>\n07:00 \u2013 22:30 Bealtaine go L\u00fanasa<br \/>\n07:00 \u2013 20:00 Deireadh F\u00f3mhair go M\u00e1rta<\/p>\n<p>[\/et_pb_text][\/et_pb_column][\/et_pb_row][et_pb_row background_position=&#8221;top_left&#8221; background_repeat=&#8221;repeat&#8221; background_size=&#8221;initial&#8221;][et_pb_column type=&#8221;4_4&#8243;][et_pb_divider color=&#8221;#5b5b5b&#8221; show_divider=&#8221;on&#8221; divider_style=&#8221;solid&#8221; divider_position=&#8221;top&#8221; hide_on_mobile=&#8221;off&#8221; \/][\/et_pb_column][\/et_pb_row][et_pb_row background_position=&#8221;top_left&#8221; background_repeat=&#8221;repeat&#8221; background_size=&#8221;initial&#8221;][et_pb_column type=&#8221;1_4&#8243;][et_pb_text admin_label=&#8221;Entry to House and Exhibitions&#8221; background_layout=&#8221;light&#8221; text_orientation=&#8221;left&#8221; border_style=&#8221;solid&#8221; background_position=&#8221;top_left&#8221; background_repeat=&#8221;repeat&#8221; background_size=&#8221;initial&#8221; _builder_version=&#8221;3.0.65&#8243;]<\/p>\n<h4>Cead isteach go dt\u00ed an Teach agus Taispe\u00e1ntais<\/h4>\n<p><em>16 M\u00e1rta go 5 Samhain<\/em><br \/>\n<em>10:00 \u2013 18:00<\/em><\/p>\n<p>Duine F\u00e1sta \u20ac8<br \/>\nSean\u00f3ir \u20ac5<br \/>\nMac L\u00e9inn\/P\u00e1iste (12-17) \u20ac3.50<br \/>\nTeaghlach \u20ac15<\/p>\n<p>[\/et_pb_text][\/et_pb_column][et_pb_column type=&#8221;1_4&#8243;][et_pb_text admin_label=&#8221;Entry to House and Exhibitions with Guided Tour&#8221; background_layout=&#8221;light&#8221; text_orientation=&#8221;left&#8221; border_style=&#8221;solid&#8221; background_position=&#8221;top_left&#8221; background_repeat=&#8221;repeat&#8221; background_size=&#8221;initial&#8221; _builder_version=&#8221;3.0.65&#8243;]<\/p>\n<h4>Cead isteach go dt\u00ed an Teach agus Taispe\u00e1ntais le Turas Treoraithe<\/h4>\n<p><em>16 M\u00e1rta go 5 Samhain<\/em><\/p>\n<p>Duine F\u00e1sta \u20ac10<br \/>\nSean\u00f3ir \u20ac8<br \/>\nMac L\u00e9inn\/P\u00e1iste (12-17) \u20ac5<br \/>\nTeaghlach (2 F\u00e1sta + 3 Ph\u00e1iste) \u20ac25<\/p>\n<p>[\/et_pb_text][\/et_pb_column][et_pb_column type=&#8221;1_4&#8243;][et_pb_text admin_label=&#8221;Garden and Play Area&#8221; background_layout=&#8221;light&#8221; text_orientation=&#8221;left&#8221; use_border_color=&#8221;off&#8221; border_color=&#8221;#ffffff&#8221; border_style=&#8221;solid&#8221; background_position=&#8221;top_left&#8221; background_repeat=&#8221;repeat&#8221; background_size=&#8221;initial&#8221; _builder_version=&#8221;3.0.65&#8243;]<\/p>\n<h4>Gaird\u00edn agus L\u00e1thair Spraoi<\/h4>\n<p><em>1 Bealtaine go 30 Meitheamh<\/em><br \/>\n<em>10:00 \u2013 17:00<\/em><\/p>\n<p>Duine F\u00e1sta \u20ac3<br \/>\nSean\u00f3ir \u20ac2<br \/>\nMac L\u00e9inn\/P\u00e1iste (os cionn 3) \u20ac2<br \/>\nTeaghlach (2 F\u00e1sta + 3 Ph\u00e1iste) \u20ac10<\/p>\n<p>[\/et_pb_text][\/et_pb_column][et_pb_column type=&#8221;1_4&#8243;][et_pb_text admin_label=&#8221;The Castletown Experience&#8221; background_layout=&#8221;light&#8221; text_orientation=&#8221;left&#8221; use_border_color=&#8221;off&#8221; border_color=&#8221;#ffffff&#8221; border_style=&#8221;solid&#8221; background_position=&#8221;top_left&#8221; background_repeat=&#8221;repeat&#8221; background_size=&#8221;initial&#8221;]<\/p>\n<h4>Blaiseadh de Bhaile an Chaisle\u00e1in<\/h4>\n<p><em>1 I\u00fail go 31 L\u00fanasa agus deireadh seachtain\u00ed i m\u00ed Mhe\u00e1n F\u00f3mhair<\/em><br \/>\n<em>10:00 \u2013 17:00<\/em><\/p>\n<p>Duine F\u00e1sta \u20ac6<br \/>\nSean\u00f3ir \u20ac4<br \/>\nMac L\u00e9inn\/P\u00e1iste (os cionn 3) \u20ac3<br \/>\nTeaghlach (2 F\u00e1sta + 3 Ph\u00e1iste) \u20ac18<\/p>\n<p>[\/et_pb_text][\/et_pb_column][\/et_pb_row][\/et_pb_section][et_pb_section bb_built=&#8221;1&#8243; fullwidth=&#8221;off&#8221; specialty=&#8221;off&#8221; transparent_background=&#8221;off&#8221; allow_player_pause=&#8221;off&#8221; inner_shadow=&#8221;off&#8221; parallax=&#8221;off&#8221; parallax_method=&#8221;off&#8221; padding_mobile=&#8221;off&#8221; make_fullwidth=&#8221;off&#8221; use_custom_width=&#8221;off&#8221; width_unit=&#8221;on&#8221; make_equal=&#8221;off&#8221; use_custom_gutter=&#8221;off&#8221; background_color=&#8221;#eaeaea&#8221;][et_pb_row background_position=&#8221;top_left&#8221; background_repeat=&#8221;repeat&#8221; background_size=&#8221;initial&#8221;][et_pb_column type=&#8221;1_3&#8243;][et_pb_image admin_label=&#8221;Heritage Card Image&#8221; src=&#8221;https:\/\/castletown.ie\/wp-content\/uploads\/2016\/12\/adult-annual.jpg&#8221; show_in_lightbox=&#8221;off&#8221; url_new_window=&#8221;off&#8221; use_overlay=&#8221;off&#8221; animation=&#8221;off&#8221; sticky=&#8221;off&#8221; align=&#8221;left&#8221; force_fullwidth=&#8221;off&#8221; always_center_on_mobile=&#8221;on&#8221; use_border_color=&#8221;off&#8221; border_color=&#8221;#ffffff&#8221; border_style=&#8221;solid&#8221; \/][\/et_pb_column][et_pb_column type=&#8221;1_3&#8243;][et_pb_text admin_label=&#8221;Card Text&#8221; background_layout=&#8221;light&#8221; text_orientation=&#8221;left&#8221; use_border_color=&#8221;off&#8221; border_color=&#8221;#ffffff&#8221; border_style=&#8221;solid&#8221; background_position=&#8221;top_left&#8221; background_repeat=&#8221;repeat&#8221; background_size=&#8221;initial&#8221;]<\/p>\n<h3>An C\u00e1rta Oidhreachta<\/h3>\n<p>Faigh cead isteach saor in aisce go dt\u00ed gach L\u00e1thair Oidhreachta de chuid an OOP ar a bhfuil t\u00e1ille iontr\u00e1la ar feadh bliain \u00f3n gc\u00e9ad \u00fas\u00e1id leis an gC\u00e1rta Oidhreachta! T\u00e1 C\u00e1rta\u00ed Oidhreachta ar f\u00e1il \u00f3 dheasc na dtic\u00e9ad i gCaisle\u00e1n Bhaile \u00c1tha Cliath agus is m\u00f3r is fi\u00fa iad: i mBaile \u00c1tha Cliath, mar shampla, is f\u00e9idir cead isteach saor in aisce a fh\u00e1il go dt\u00ed Caisle\u00e1n Bhaile \u00c1tha Cliath, Pr\u00edos\u00fan Chill Mhaighneann n\u00f3 Casino Marino leis an gC\u00e1rta Oidhreachta. Chun liosta ioml\u00e1n de L\u00e1ithreacha Oidhreachta an OOP i mBaile \u00c1tha Cliath agus ar fud na t\u00edre a fh\u00e1il, clice\u00e1il anseo.<\/p>\n<p>[\/et_pb_text][\/et_pb_column][et_pb_column type=&#8221;1_3&#8243;][et_pb_text admin_label=&#8221;Card Prices Text&#8221; background_layout=&#8221;light&#8221; text_orientation=&#8221;left&#8221; border_style=&#8221;solid&#8221; background_position=&#8221;top_left&#8221; background_repeat=&#8221;repeat&#8221; background_size=&#8221;initial&#8221; _builder_version=&#8221;3.0.65&#8243;]<\/p>\n<p>T\u00e1 costas mar a leanas ar an gC\u00e1rta Oidhreachta:<\/p>\n<p>Duine F\u00e1sta \u20ac40<br \/>\nSean\u00f3ir (60+) \u20ac30<br \/>\nMac L\u00e9inn (is g\u00e1 aitheantas mac l\u00e9inn bail\u00ed) \u20ac10<br \/>\nP\u00e1iste (12-17) \u20ac10<br \/>\nTeaghlach (uasmh\u00e9id de 2 dhuine f\u00e1sta agus 5 ph\u00e1iste faoi 18) \u20ac90<\/p>\n<p>Br\u00faigh <a href=\"http:\/\/www.heritageireland.ie\/en\/info\/heritagecards\/\" target=\"_blank\" rel=\"noopener noreferrer\">anseo<\/a> d\u2019eolas sa bhreis ar Ch\u00e1rta Oidhreachta an OOP.<\/p>\n<p>[\/et_pb_text][\/et_pb_column][\/et_pb_row][\/et_pb_section][et_pb_section bb_built=&#8221;1&#8243; fullwidth=&#8221;off&#8221; specialty=&#8221;off&#8221; transparent_background=&#8221;off&#8221; allow_player_pause=&#8221;off&#8221; inner_shadow=&#8221;off&#8221; parallax=&#8221;off&#8221; parallax_method=&#8221;off&#8221; padding_mobile=&#8221;off&#8221; make_fullwidth=&#8221;off&#8221; use_custom_width=&#8221;off&#8221; width_unit=&#8221;on&#8221; make_equal=&#8221;off&#8221; use_custom_gutter=&#8221;off&#8221;][et_pb_row background_position=&#8221;top_left&#8221; background_repeat=&#8221;repeat&#8221; background_size=&#8221;initial&#8221;][et_pb_column type=&#8221;1_2&#8243;][et_pb_text admin_label=&#8221;School Bookings Text&#8221; background_layout=&#8221;light&#8221; text_orientation=&#8221;left&#8221; use_border_color=&#8221;off&#8221; border_color=&#8221;#ffffff&#8221; border_style=&#8221;solid&#8221; background_position=&#8221;top_left&#8221; background_repeat=&#8221;repeat&#8221; background_size=&#8221;initial&#8221;]<\/p>\n<h3>\u00c1irithint\u00ed do Scoileanna<\/h3>\n<p>N\u00ed ghearrtar t\u00e1ille ar thurais scoile ach is g\u00e1 \u00e1irthint roimh r\u00e9 a dh\u00e9anamh, \u00e1fach.<br \/>\nChun turas scoile a eagr\u00fa n\u00f3 chun eolas a fh\u00e1il faoin\u00e1r gceardlanna agus imeachta\u00ed oideachas\u00fala eile, b\u00ed i dteagmh\u00e1il linn le bhur dtoil.<\/p>\n<p>Chun a thuilleadh a fh\u00e1il amach faoin\u00e1r gcl\u00e1r oideachais n\u00f3 chun na pac\u00e1ist\u00ed d\u2019\u00e1bhar oideachas\u00fail a chuirimid ar f\u00e1il a fheice\u00e1il, br\u00faigh <a href=\"http:\/\/castletown.ie\/ga\/schools\/\">anseo<\/a>.<\/p>\n<p>[\/et_pb_text][\/et_pb_column][et_pb_column type=&#8221;1_2&#8243;][et_pb_text admin_label=&#8221;Group Bookings Text&#8221; background_layout=&#8221;light&#8221; text_orientation=&#8221;left&#8221; use_border_color=&#8221;off&#8221; border_color=&#8221;#ffffff&#8221; border_style=&#8221;solid&#8221; background_position=&#8221;top_left&#8221; background_repeat=&#8221;repeat&#8221; background_size=&#8221;initial&#8221;]<\/p>\n<h3>\u00c1irithint\u00ed do Ghr\u00fapa\u00ed Ginear\u00e1lta<\/h3>\n<p>Is g\u00e1 \u00e1irithint a dh\u00e9anamh roimh r\u00e9 do ghr\u00fapa\u00ed de n\u00edos m\u00f3 n\u00e1 8 nduine. B\u00ed i dteagmh\u00e1il linn maidir le r\u00e1ta\u00ed gr\u00fapa\u00ed n\u00f3 chun \u00e1irithint a dh\u00e9anamh.<\/p>\n<p>Cuirimid r\u00e1ta\u00ed speisialta ar f\u00e1il do thionscn\u00f3ir\u00ed turais do chuairteanna r\u00e9amh\u00e1irithe (idir threoraithe agus fh\u00e9intreoraithe) do ghr\u00fapa\u00ed. B\u00ed i dteagmh\u00e1il linn le haghaidh sonra\u00ed sa bhreis.<\/p>\n<p>[\/et_pb_text][\/et_pb_column][\/et_pb_row][\/et_pb_section][et_pb_section bb_built=&#8221;1&#8243; fullwidth=&#8221;on&#8221; specialty=&#8221;off&#8221;][et_pb_fullwidth_image src=&#8221;https:\/\/castletown.ie\/wp-content\/uploads\/2016\/12\/5-Castletown-House.-Country-Life-Picture-Library.jpg&#8221; show_in_lightbox=&#8221;off&#8221; url_new_window=&#8221;off&#8221; use_overlay=&#8221;off&#8221; animation=&#8221;off&#8221; use_border_color=&#8221;off&#8221; border_color=&#8221;#ffffff&#8221; border_style=&#8221;solid&#8221; \/][\/et_pb_section]<\/p>\n","protected":false},"excerpt":{"rendered":"<p>An Teach T\u00e1 Teach Bhaile an Chaisle\u00e1in ar oscailt anois do sh\u00e9as\u00far 2017. Leanann s\u00e9 seo \u00f3n 16 M\u00e1rta go dt\u00ed an 5 Samhain. T\u00e1 an teach oscailte seacht l\u00e1 [&hellip;]<\/p>\n","protected":false},"author":12,"featured_media":0,"parent":0,"menu_order":0,"comment_status":"closed","ping_status":"closed","template":"","meta":{"_et_pb_use_builder":"on","_et_pb_old_content":"","_et_gb_content_width":"","footnotes":""},"class_list":["post-6684","page","type-page","status-publish","hentry"],"_links":{"self":[{"href":"https:\/\/castletown.ie\/ga\/wp-json\/wp\/v2\/pages\/6684","targetHints":{"allow":["GET"]}}],"collection":[{"href":"https:\/\/castletown.ie\/ga\/wp-json\/wp\/v2\/pages"}],"about":[{"href":"https:\/\/castletown.ie\/ga\/wp-json\/wp\/v2\/types\/page"}],"author":[{"embeddable":true,"href":"https:\/\/castletown.ie\/ga\/wp-json\/wp\/v2\/users\/12"}],"replies":[{"embeddable":true,"href":"https:\/\/castletown.ie\/ga\/wp-json\/wp\/v2\/comments?post=6684"}],"version-history":[{"count":5,"href":"https:\/\/castletown.ie\/ga\/wp-json\/wp\/v2\/pages\/6684\/revisions"}],"predecessor-version":[{"id":9954,"href":"https:\/\/castletown.ie\/ga\/wp-json\/wp\/v2\/pages\/6684\/revisions\/9954"}],"wp:attachment":[{"href":"https:\/\/castletown.ie\/ga\/wp-json\/wp\/v2\/media?parent=6684"}],"curies":[{"name":"wp","href":"https:\/\/api.w.org\/{rel}","templated":true}]}}