{"id":6687,"date":"2016-12-13T10:04:21","date_gmt":"2016-12-13T10:04:21","guid":{"rendered":"http:\/\/castletown.ie\/how-to-find-us\/"},"modified":"2022-06-16T13:49:08","modified_gmt":"2022-06-16T12:49:08","slug":"how-to-find-us","status":"publish","type":"page","link":"https:\/\/castletown.ie\/ga\/how-to-find-us\/","title":{"rendered":"Le Teacht Orainn"},"content":{"rendered":"<p>[et_pb_section bb_built=&#8221;1&#8243; admin_label=&#8221;Section&#8221; fullwidth=&#8221;on&#8221; specialty=&#8221;off&#8221;][et_pb_fullwidth_header admin_label=&#8221;Fullwidth Header&#8221; title=&#8221;Le Teacht Orainn&#8221; background_layout=&#8221;dark&#8221; text_orientation=&#8221;center&#8221; header_fullscreen=&#8221;on&#8221; header_scroll_down=&#8221;on&#8221; background_url=&#8221;http:\/\/castletown.ie\/wp-content\/uploads\/2016\/12\/12-Castletown-House.-National-Monuments-Service-Dept.-of-Arts-Heritage-Regional-Rural-and-Gaeltacht-Affairs.jpg&#8221; background_overlay_color=&#8221;rgba(0,0,0,0.33)&#8221; parallax=&#8221;off&#8221; parallax_method=&#8221;off&#8221; content_orientation=&#8221;center&#8221; image_orientation=&#8221;center&#8221; title_font_size=&#8221;50px&#8221; custom_button_one=&#8221;off&#8221; button_one_letter_spacing=&#8221;0&#8243; button_one_use_icon=&#8221;default&#8221; button_one_icon_placement=&#8221;right&#8221; button_one_on_hover=&#8221;on&#8221; button_one_letter_spacing_hover=&#8221;0&#8243; custom_button_two=&#8221;off&#8221; button_two_letter_spacing=&#8221;0&#8243; button_two_use_icon=&#8221;default&#8221; button_two_icon_placement=&#8221;right&#8221; button_two_on_hover=&#8221;on&#8221; button_two_letter_spacing_hover=&#8221;0&#8243; scroll_down_icon=&#8221;%%0%%&#8221; scroll_down_icon_size=&#8221;25px&#8221; subhead=&#8221;Scrollaigh d\u2019eolas maidir le l\u00e1thair, inrochtaineacht, agus l\u00e1ithreacha eile sa cheantar.&#8221; subhead_font_size=&#8221;23px&#8221; \/][\/et_pb_section][et_pb_section bb_built=&#8221;1&#8243; admin_label=&#8221;Section&#8221; fullwidth=&#8221;off&#8221; specialty=&#8221;off&#8221;][et_pb_row admin_label=&#8221;Row&#8221;][et_pb_column type=&#8221;1_2&#8243;][et_pb_text admin_label=&#8221;Find Castletown Text&#8221; background_layout=&#8221;light&#8221; text_orientation=&#8221;left&#8221; use_border_color=&#8221;off&#8221; border_color=&#8221;#ffffff&#8221; border_style=&#8221;solid&#8221;]<\/p>\n<h2>Faigh Baile an Chaisle\u00e1in<\/h2>\n<p>T\u00e1 s\u00e9 \u00e9asca tiom\u00e1int go Baile an Chaisle\u00e1in agus n\u00edl s\u00e9 ach 10 n\u00f3im\u00e9ad \u00f3 Ionad Siopad\u00f3ireachta Ghleann na Life agus an M50. N\u00edl s\u00e9 ach 20km \u00f3 l\u00e1r Chathair Bhaile \u00c1tha Cliath agus 28km \u00f3 aerfort Bhaile \u00c1tha Cliath.<\/p>\n<p>[\/et_pb_text][et_pb_text admin_label=&#8221;By Bus Text&#8221; background_layout=&#8221;light&#8221; text_orientation=&#8221;left&#8221; use_border_color=&#8221;off&#8221; border_color=&#8221;#ffffff&#8221; border_style=&#8221;solid&#8221;]<\/p>\n<h4>Ar Bhus<\/h4>\n<p>Bus \u00c1tha Cliath: Bealach Bus 67.<\/p>\n<p>T\u00f3gann an turas bus \u00f3 l\u00e1r Chathair Bhaile \u00c1tha Cliath go dt\u00ed pr\u00edomhshr\u00e1id Chill Droichid thart ar 45 n\u00f3im\u00e9ad. As sin, t\u00e1 si\u00fal\u00f3id 10 n\u00f3im\u00e9ad romhat go Teach Bhaile an Chaisle\u00e1in.<\/p>\n<p>[\/et_pb_text][\/et_pb_column][et_pb_column type=&#8221;1_2&#8243;][et_pb_text admin_label=&#8221;By Car Text&#8221; background_layout=&#8221;light&#8221; text_orientation=&#8221;left&#8221; use_border_color=&#8221;off&#8221; border_color=&#8221;#ffffff&#8221; border_style=&#8221;solid&#8221;]<\/p>\n<h4>I nGluaiste\u00e1n<\/h4>\n<p>Ag teacht \u00f3 Bhaile \u00c1tha Cliath ar an M4 duit, t\u00f3g Bealach Amach 6 (Bealach Amach Chill Droichid Thiar\/L\u00e9im an Bhrad\u00e1in Thiar \u2013 R449, comhartha\u00ed do Bhaile an Chaisle\u00e1in agus Hewlett Packard). N\u00edl sl\u00ed isteach do ghluaiste\u00e1in ach tr\u00ed na geata\u00ed ar Bh\u00f3thar Halla an Sciob\u00f3il amh\u00e1in &#8211; do choisithe\/rothair amh\u00e1in at\u00e1 na geata\u00ed ar phr\u00edomhshr\u00e1id Chill Droichid.<\/p>\n<p>Br\u00faigh ar an l\u00e9arsc\u00e1il chun treoracha a fh\u00e1il \u00f3n \u00e1it ina bhfuil t\u00fa. T\u00e1 p\u00e1irce\u00e1il saor in aisce do ghluaiste\u00e1in sa charrchl\u00f3s ar thaobh na l\u00e1imhe cl\u00e9 agus t\u00fa ag teacht go dt\u00ed an teach.<\/p>\n<p>GPS\/Loingseoireacht satail\u00edte d\u2019Fheithicl\u00ed: 53.357877,-6.527574<\/p>\n<p>[\/et_pb_text][\/et_pb_column][\/et_pb_row][et_pb_row admin_label=&#8221;Row&#8221;][et_pb_column type=&#8221;4_4&#8243;][et_pb_divider admin_label=&#8221;Divider&#8221; color=&#8221;#565656&#8243; show_divider=&#8221;on&#8221; divider_style=&#8221;solid&#8221; divider_position=&#8221;top&#8221; hide_on_mobile=&#8221;off&#8221; \/][\/et_pb_column][\/et_pb_row][et_pb_row admin_label=&#8221;Row&#8221;][et_pb_column type=&#8221;1_2&#8243;][et_pb_text admin_label=&#8221;Find Your Way Around Text&#8221; background_layout=&#8221;light&#8221; text_orientation=&#8221;left&#8221; use_border_color=&#8221;off&#8221; border_color=&#8221;#ffffff&#8221; border_style=&#8221;solid&#8221;]<\/p>\n<h3>Do Bhealach a Dh\u00e9anamh Timpeall ar Bhaile an Chaisle\u00e1in.<\/h3>\n<p>T\u00e1 an deasc tic\u00e9ad agus an f\u00e1ilti\u00fa le f\u00e1il sa Teach C\u00f3iste i sean-Sciath\u00e1n na St\u00e1bla\u00ed (fch an l\u00e9ar\u00e1id den teach th\u00edos).<\/p>\n<h4>Ag Freastal ar Chomdh\u00e1il<\/h4>\n<p>T\u00e1 an tIonad Comhdh\u00e1lacha lonnaithe i Sciath\u00e1n na St\u00e1bla\u00ed leis. Br\u00faigh <a href=\"http:\/\/castletown.ie\/ga\/castletown-venues\/\">anseo<\/a> le tuilleadh eolais a fh\u00e1il faoi na hionaid.<\/p>\n<p>[\/et_pb_text][et_pb_blurb admin_label=&#8221;Blurb&#8221; title=&#8221;\u00cdosl\u00f3d\u00e1il&#8221; url_new_window=&#8221;on&#8221; use_icon=&#8221;on&#8221; font_icon=&#8221;%%115%%&#8221; icon_color=&#8221;#27a9e1&#8243; use_circle=&#8221;off&#8221; circle_color=&#8221;#7EBEC5&#8243; use_circle_border=&#8221;off&#8221; circle_border_color=&#8221;#7EBEC5&#8243; icon_placement=&#8221;left&#8221; animation=&#8221;off&#8221; background_layout=&#8221;light&#8221; text_orientation=&#8221;left&#8221; use_icon_font_size=&#8221;off&#8221; use_border_color=&#8221;off&#8221; border_color=&#8221;#ffffff&#8221; border_style=&#8221;solid&#8221; url=&#8221;http:\/\/castletown.ie\/wp-content\/uploads\/2017\/03\/Castletown-Parklands-and-River-Walks-Map.pdf&#8221;]<\/p>\n<p>L\u00e9arsc\u00e1il PDF de Theach agus Fearann P\u00e1irce Bhaile an Chaisle\u00e1in.<\/p>\n<p>[\/et_pb_blurb][\/et_pb_column][et_pb_column type=&#8221;1_2&#8243;][et_pb_text admin_label=&#8221;Accessibility Text&#8221; background_layout=&#8221;light&#8221; text_orientation=&#8221;left&#8221; use_border_color=&#8221;off&#8221; border_color=&#8221;#ffffff&#8221; border_style=&#8221;solid&#8221;]<\/p>\n<h3>Inrochtaineacht<\/h3>\n<p>T\u00e1 sp\u00e1sanna p\u00e1irce\u00e1la d\u00f3ibh si\u00fad faoi mh\u00edchumas le f\u00e1il ar thaobh Sciath\u00e1n na Cistine \/An Chaif\u00e9 den teach (an taobh thall den teach agus t\u00fa ag teacht chuige i ngluaiste\u00e1n).<\/p>\n<p>Tabhair faoi deara, le do thoil, go bhfuil rochtaineacht theoranta ar na seomra\u00ed m\u00fasaeim, agus n\u00edl rochtaineacht do chathaoireacha rotha\u00ed go dt\u00ed an ch\u00e9ad agus an dara hurl\u00e1r den teach m\u00f3r agus go dt\u00ed an Seomra Seilge i Sciath\u00e1n na St\u00e1bla\u00ed. N\u00ed f\u00e9idir bugaithe n\u00e1 pramanna a thabhairt isteach sna seomra\u00ed m\u00fasaeim agus is g\u00e1 iad a fh\u00e1g\u00e1il ag an bhf\u00e1ilti\u00fa.<\/p>\n<p>T\u00e1 f\u00e1ilte roimh mhadra\u00ed treorach. B\u00ed i dteagmh\u00e1il linn, le do thoil, m\u00e1 t\u00e1 ceisteanna sa bhreis agat.<\/p>\n<p>[\/et_pb_text][\/et_pb_column][\/et_pb_row][et_pb_row admin_label=&#8221;Row&#8221;][et_pb_column type=&#8221;1_4&#8243;][\/et_pb_column][et_pb_column type=&#8221;1_2&#8243;][et_pb_blurb admin_label=&#8221;Bicycle Rental Blurb&#8221; title=&#8221;Rothair ar C\u00edos&#8221; url=&#8221;http:\/\/www.wheels4u.ie\/&#8221; url_new_window=&#8221;on&#8221; use_icon=&#8221;off&#8221; icon_color=&#8221;#7EBEC5&#8243; use_circle=&#8221;off&#8221; circle_color=&#8221;#7EBEC5&#8243; use_circle_border=&#8221;off&#8221; circle_border_color=&#8221;#7EBEC5&#8243; image=&#8221;https:\/\/castletown.ie\/wp-content\/uploads\/2016\/12\/Untitled-design-1-1.png&#8221; icon_placement=&#8221;top&#8221; animation=&#8221;left&#8221; background_layout=&#8221;light&#8221; text_orientation=&#8221;left&#8221; use_icon_font_size=&#8221;off&#8221; use_border_color=&#8221;on&#8221; border_color=&#8221;#0c71c3&#8243; border_style=&#8221;solid&#8221; custom_padding=&#8221;10px|10px|10px|10px&#8221; saved_tabs=&#8221;all&#8221;]<\/p>\n<p>I mbliana, beidh an deis agat tabhairt faoi sciuird beag\u00e1in\u00edn n\u00edos faide agus n\u00edos m\u00f3 den \u00e1illeacht thart ar Bhaile an Chaisle\u00e1in a bhlaiseadh tr\u00edn\u00e1r sc\u00e9im nuasheolta Rothar ar C\u00edos, i gcomhph\u00e1irt le Wheels 4 U i sr\u00e1idbhaile stairi\u00fail Chill Droichid.<\/p>\n<p>Beidh an sc\u00e9im seo ar f\u00e1il gach l\u00e1 \u00f3 Bhealtaine go L\u00fanasa.<\/p>\n<p>San \u00e1ireamh sa ch\u00edos, beidh clogad, glas agus rothar le cise\u00e1n chun tosaigh do do chuid earra\u00ed pearsanta. Gearrfar na t\u00e1ill\u00ed a leanas: \u20ac6.00 in aghaidh na huaire, \u20ac15.00 do leathl\u00e1 (n\u00f3 suas go 4 huaire) agus \u20ac25.00 ar feadh l\u00e1 ioml\u00e1n.<\/p>\n<p>B\u00ed i dteagmh\u00e1il le Wheels 4 U m\u00e1 t\u00e1 ceisteanna sa bhreis agat.<\/p>\n<p>[\/et_pb_blurb][\/et_pb_column][et_pb_column type=&#8221;1_4&#8243;][\/et_pb_column][\/et_pb_row][et_pb_row admin_label=&#8221;Row&#8221;][et_pb_column type=&#8221;4_4&#8243;][et_pb_image admin_label=&#8221;Find Your Way Around Castletown Image&#8221; src=&#8221;https:\/\/castletown.ie\/wp-content\/uploads\/2016\/12\/How-to-Find-Us.png&#8221; show_in_lightbox=&#8221;on&#8221; url_new_window=&#8221;off&#8221; use_overlay=&#8221;off&#8221; animation=&#8221;off&#8221; sticky=&#8221;off&#8221; align=&#8221;center&#8221; force_fullwidth=&#8221;off&#8221; always_center_on_mobile=&#8221;on&#8221; use_border_color=&#8221;off&#8221; border_color=&#8221;#ffffff&#8221; border_style=&#8221;solid&#8221; \/][et_pb_text admin_label=&#8221;Floorplans Gallery Text&#8221; background_layout=&#8221;light&#8221; text_orientation=&#8221;left&#8221; use_border_color=&#8221;off&#8221; border_color=&#8221;#ffffff&#8221; border_style=&#8221;solid&#8221;]<\/p>\n\n\t\t<style type=\"text\/css\">\n\t\t\t#gallery-1 {\n\t\t\t\tmargin: auto;\n\t\t\t}\n\t\t\t#gallery-1 .gallery-item {\n\t\t\t\tfloat: left;\n\t\t\t\tmargin-top: 10px;\n\t\t\t\ttext-align: center;\n\t\t\t\twidth: 33%;\n\t\t\t}\n\t\t\t#gallery-1 img {\n\t\t\t\tborder: 2px solid #cfcfcf;\n\t\t\t}\n\t\t\t#gallery-1 .gallery-caption {\n\t\t\t\tmargin-left: 0;\n\t\t\t}\n\t\t\t\/* see gallery_shortcode() in wp-includes\/media.php *\/\n\t\t<\/style>\n\t\t<div id='gallery-1' class='gallery galleryid-6687 gallery-columns-3 gallery-size-thumbnail'><dl class='gallery-item'>\n\t\t\t<dt class='gallery-icon landscape'>\n\t\t\t\t<a href='https:\/\/castletown.ie\/ga\/how-to-find-us\/ground-floor-4-2\/'><img loading=\"lazy\" decoding=\"async\" width=\"150\" height=\"150\" src=\"https:\/\/castletown.ie\/wp-content\/uploads\/2016\/12\/Ground-Floor-1-150x150.png\" class=\"attachment-thumbnail size-thumbnail\" alt=\"\" aria-describedby=\"gallery-1-9835\" \/><\/a>\n\t\t\t<\/dt>\n\t\t\t\t<dd class='wp-caption-text gallery-caption' id='gallery-1-9835'>\n\t\t\t\tGround Floor\n\t\t\t\t<\/dd><\/dl><dl class='gallery-item'>\n\t\t\t<dt class='gallery-icon landscape'>\n\t\t\t\t<a href='https:\/\/castletown.ie\/ga\/how-to-find-us\/first-floor-4-2\/'><img loading=\"lazy\" decoding=\"async\" width=\"150\" height=\"150\" src=\"https:\/\/castletown.ie\/wp-content\/uploads\/2016\/12\/First-Floor-1-150x150.png\" class=\"attachment-thumbnail size-thumbnail\" alt=\"\" aria-describedby=\"gallery-1-9849\" \/><\/a>\n\t\t\t<\/dt>\n\t\t\t\t<dd class='wp-caption-text gallery-caption' id='gallery-1-9849'>\n\t\t\t\tFirst Floor\n\t\t\t\t<\/dd><\/dl><dl class='gallery-item'>\n\t\t\t<dt class='gallery-icon landscape'>\n\t\t\t\t<a href='https:\/\/castletown.ie\/ga\/how-to-find-us\/second-floor-3-2\/'><img loading=\"lazy\" decoding=\"async\" width=\"150\" height=\"150\" src=\"https:\/\/castletown.ie\/wp-content\/uploads\/2016\/12\/Second-Floor-1-150x150.png\" class=\"attachment-thumbnail size-thumbnail\" alt=\"\" aria-describedby=\"gallery-1-9834\" \/><\/a>\n\t\t\t<\/dt>\n\t\t\t\t<dd class='wp-caption-text gallery-caption' id='gallery-1-9834'>\n\t\t\t\tSecond Floor\n\t\t\t\t<\/dd><\/dl><br style=\"clear: both\" \/>\n\t\t<\/div>\n\n<p>[\/et_pb_text][\/et_pb_column][\/et_pb_row][et_pb_row admin_label=&#8221;Row&#8221;][et_pb_column type=&#8221;4_4&#8243;][et_pb_divider admin_label=&#8221;Divider&#8221; color=&#8221;#565656&#8243; show_divider=&#8221;on&#8221; divider_style=&#8221;solid&#8221; divider_position=&#8221;top&#8221; hide_on_mobile=&#8221;off&#8221; \/][\/et_pb_column][\/et_pb_row][et_pb_row admin_label=&#8221;Row&#8221;][et_pb_column type=&#8221;4_4&#8243;][et_pb_text admin_label=&#8221;You Might Also Like&#8230; Text&#8221; background_layout=&#8221;light&#8221; text_orientation=&#8221;left&#8221; use_border_color=&#8221;off&#8221; border_color=&#8221;#ffffff&#8221; border_style=&#8221;solid&#8221;]<\/p>\n<h3 style=\"text-align: left;\">B\u2019fh\u00e9idir go mbeadh sp\u00e9is agat cuairt a thabhairt ar&#8230;<\/h3>\n<p style=\"text-align: left;\">T\u00e1 na l\u00e1ithreacha iontacha seo go l\u00e9ir achar gearr \u00f3 Theach Bhaile an Chaisle\u00e1in. Baineann Baile an Chaisle\u00e1in le Sean-Oirthear na h\u00c9ireann. Br\u00faigh <a href=\"https:\/\/www.irelandsancienteast.com\/whats-nearby\" target=\"_blank\" rel=\"noopener noreferrer\">anseo<\/a> chun teacht ar l\u00e1ithreacha eile sa chomharsanacht.<\/p>\n<p>[\/et_pb_text][\/et_pb_column][\/et_pb_row][et_pb_row admin_label=&#8221;Row&#8221;][et_pb_column type=&#8221;1_4&#8243;][et_pb_image admin_label=&#8221;Carton Image&#8221; src=&#8221;https:\/\/castletown.ie\/wp-content\/uploads\/2016\/12\/carton-house.jpg&#8221; show_in_lightbox=&#8221;off&#8221; url_new_window=&#8221;on&#8221; use_overlay=&#8221;off&#8221; animation=&#8221;off&#8221; sticky=&#8221;off&#8221; align=&#8221;center&#8221; force_fullwidth=&#8221;off&#8221; always_center_on_mobile=&#8221;on&#8221; use_border_color=&#8221;off&#8221; border_color=&#8221;#ffffff&#8221; border_style=&#8221;solid&#8221; url=&#8221;http:\/\/www.cartonhouse.com\/hotel\/history\/&#8221; \/][et_pb_text admin_label=&#8221;Text&#8221; background_layout=&#8221;light&#8221; text_orientation=&#8221;left&#8221; use_border_color=&#8221;off&#8221; border_color=&#8221;#ffffff&#8221; border_style=&#8221;solid&#8221; text_font=&#8221;|||on|&#8221;]<\/p>\n<h5 style=\"text-align: center;\"><a href=\"http:\/\/www.cartonhouse.com\/hotel\/history\/\" target=\"_blank\" rel=\"noopener noreferrer\">Teach Chart\u00fan<\/a><\/h5>\n<p>[\/et_pb_text][\/et_pb_column][et_pb_column type=&#8221;1_4&#8243;][et_pb_image admin_label=&#8221;Leixlip Image&#8221; src=&#8221;https:\/\/castletown.ie\/wp-content\/uploads\/2016\/12\/Leixlip-Castle.png.jpg&#8221; show_in_lightbox=&#8221;off&#8221; url_new_window=&#8221;on&#8221; use_overlay=&#8221;off&#8221; animation=&#8221;off&#8221; sticky=&#8221;off&#8221; align=&#8221;center&#8221; force_fullwidth=&#8221;off&#8221; always_center_on_mobile=&#8221;on&#8221; use_border_color=&#8221;off&#8221; border_color=&#8221;#ffffff&#8221; border_style=&#8221;solid&#8221; url=&#8221;http:\/\/www.discoverireland.ie\/Arts-Culture-Heritage\/leixlip-castle\/9183&#8243; \/][et_pb_text admin_label=&#8221;Text&#8221; background_layout=&#8221;light&#8221; text_orientation=&#8221;left&#8221; use_border_color=&#8221;off&#8221; border_color=&#8221;#ffffff&#8221; border_style=&#8221;solid&#8221; text_font=&#8221;|||on|&#8221;]<\/p>\n<h5 style=\"text-align: center;\"><a href=\"http:\/\/www.discoverireland.ie\/Arts-Culture-Heritage\/leixlip-castle\/9183\" target=\"_blank\" rel=\"noopener noreferrer\">Caisle\u00e1n L\u00e9im an Bhrad\u00e1in<\/a><\/h5>\n<p>[\/et_pb_text][\/et_pb_column][et_pb_column type=&#8221;1_4&#8243;][et_pb_image admin_label=&#8221;Arthur Image&#8221; src=&#8221;https:\/\/castletown.ie\/wp-content\/uploads\/2016\/12\/Guinness-Statue2-my65nxwb4rl6gxhikgdg4qk0efw6blu0dovk8586wg.jpg&#8221; show_in_lightbox=&#8221;off&#8221; url_new_window=&#8221;on&#8221; use_overlay=&#8221;off&#8221; animation=&#8221;off&#8221; sticky=&#8221;off&#8221; align=&#8221;center&#8221; force_fullwidth=&#8221;off&#8221; always_center_on_mobile=&#8221;on&#8221; use_border_color=&#8221;off&#8221; border_color=&#8221;#ffffff&#8221; border_style=&#8221;solid&#8221; url=&#8221;https:\/\/www.intokildare.ie\/listing\/celbridge-heritage-trail\/&#8221; \/][et_pb_text admin_label=&#8221;Text&#8221; background_layout=&#8221;light&#8221; text_orientation=&#8221;left&#8221; use_border_color=&#8221;off&#8221; border_color=&#8221;#ffffff&#8221; border_style=&#8221;solid&#8221; text_font=&#8221;|||on|&#8221;]<\/p>\n<h5 style=\"text-align: center;\"><a href=\"https:\/\/www.intokildare.ie\/listing\/celbridge-heritage-trail\/\" target=\"_blank\" rel=\"noopener noreferrer\">Conair Oidhreachta Chill Droichid<\/a><\/h5>\n<p>[\/et_pb_text][\/et_pb_column][et_pb_column type=&#8221;1_4&#8243;][et_pb_image admin_label=&#8221;Maynooth Image&#8221; src=&#8221;https:\/\/castletown.ie\/wp-content\/uploads\/2016\/12\/dscf0001.jpg&#8221; show_in_lightbox=&#8221;off&#8221; url_new_window=&#8221;on&#8221; use_overlay=&#8221;off&#8221; animation=&#8221;off&#8221; sticky=&#8221;off&#8221; align=&#8221;center&#8221; force_fullwidth=&#8221;off&#8221; always_center_on_mobile=&#8221;on&#8221; use_border_color=&#8221;off&#8221; border_color=&#8221;#ffffff&#8221; border_style=&#8221;solid&#8221; url=&#8221;http:\/\/www.heritageireland.ie\/en\/midlands-eastcoast\/maynoothcastle\/&#8221; \/][et_pb_text admin_label=&#8221;Text&#8221; background_layout=&#8221;light&#8221; text_orientation=&#8221;left&#8221; use_border_color=&#8221;off&#8221; border_color=&#8221;#ffffff&#8221; border_style=&#8221;solid&#8221; text_font=&#8221;|||on|&#8221;]<\/p>\n<h5 style=\"text-align: center;\"><a href=\"http:\/\/www.heritageireland.ie\/en\/midlands-eastcoast\/maynoothcastle\/\" target=\"_blank\" rel=\"noopener noreferrer\">Caisle\u00e1n Mhaigh Nuad<\/a><\/h5>\n<p>[\/et_pb_text][\/et_pb_column][\/et_pb_row][\/et_pb_section][et_pb_section bb_built=&#8221;1&#8243; admin_label=&#8221;Section&#8221; fullwidth=&#8221;on&#8221; specialty=&#8221;off&#8221;][et_pb_fullwidth_image admin_label=&#8221;Fullwidth Image&#8221; src=&#8221;http:\/\/castletown.ie\/wp-content\/uploads\/2016\/12\/Castletown-House.-Mark-Reddy-Trinity-Digital-Studios.-OPW.-1.jpg&#8221; show_in_lightbox=&#8221;off&#8221; url_new_window=&#8221;off&#8221; use_overlay=&#8221;off&#8221; animation=&#8221;off&#8221; use_border_color=&#8221;off&#8221; border_color=&#8221;#ffffff&#8221; border_style=&#8221;solid&#8221; \/][\/et_pb_section]<\/p>\n","protected":false},"excerpt":{"rendered":"<p>Faigh Baile an Chaisle\u00e1in T\u00e1 s\u00e9 \u00e9asca tiom\u00e1int go Baile an Chaisle\u00e1in agus n\u00edl s\u00e9 ach 10 n\u00f3im\u00e9ad \u00f3 Ionad Siopad\u00f3ireachta Ghleann na Life agus an M50. N\u00edl s\u00e9 ach [&hellip;]<\/p>\n","protected":false},"author":12,"featured_media":0,"parent":0,"menu_order":0,"comment_status":"closed","ping_status":"closed","template":"","meta":{"_et_pb_use_builder":"on","_et_pb_old_content":"","_et_gb_content_width":"","footnotes":""},"class_list":["post-6687","page","type-page","status-publish","hentry"],"_links":{"self":[{"href":"https:\/\/castletown.ie\/ga\/wp-json\/wp\/v2\/pages\/6687","targetHints":{"allow":["GET"]}}],"collection":[{"href":"https:\/\/castletown.ie\/ga\/wp-json\/wp\/v2\/pages"}],"about":[{"href":"https:\/\/castletown.ie\/ga\/wp-json\/wp\/v2\/types\/page"}],"author":[{"embeddable":true,"href":"https:\/\/castletown.ie\/ga\/wp-json\/wp\/v2\/users\/12"}],"replies":[{"embeddable":true,"href":"https:\/\/castletown.ie\/ga\/wp-json\/wp\/v2\/comments?post=6687"}],"version-history":[{"count":5,"href":"https:\/\/castletown.ie\/ga\/wp-json\/wp\/v2\/pages\/6687\/revisions"}],"predecessor-version":[{"id":9851,"href":"https:\/\/castletown.ie\/ga\/wp-json\/wp\/v2\/pages\/6687\/revisions\/9851"}],"wp:attachment":[{"href":"https:\/\/castletown.ie\/ga\/wp-json\/wp\/v2\/media?parent=6687"}],"curies":[{"name":"wp","href":"https:\/\/api.w.org\/{rel}","templated":true}]}}