{"id":6690,"date":"2016-12-19T14:28:00","date_gmt":"2016-12-19T14:28:00","guid":{"rendered":"http:\/\/castletown.ie\/tours\/"},"modified":"2022-06-28T20:31:55","modified_gmt":"2022-06-28T19:31:55","slug":"tours","status":"publish","type":"page","link":"https:\/\/castletown.ie\/ga\/tours\/","title":{"rendered":"Turais"},"content":{"rendered":"<p>[et_pb_section bb_built=&#8221;1&#8243; admin_label=&#8221;Section&#8221; fullwidth=&#8221;on&#8221; specialty=&#8221;off&#8221;][et_pb_fullwidth_header admin_label=&#8221;Fullwidth Header&#8221; title=&#8221;Turais&#8221; background_layout=&#8221;dark&#8221; text_orientation=&#8221;center&#8221; header_fullscreen=&#8221;on&#8221; header_scroll_down=&#8221;on&#8221; background_url=&#8221;http:\/\/castletown.ie\/wp-content\/uploads\/2016\/12\/Castletown-House.-Mark-Reddy-Trinity-Digital-Studios.-OPW.-2.jpg&#8221; background_overlay_color=&#8221;rgba(0,0,0,0.33)&#8221; parallax=&#8221;off&#8221; parallax_method=&#8221;off&#8221; content_orientation=&#8221;center&#8221; image_orientation=&#8221;center&#8221; title_font_size=&#8221;50px&#8221; custom_button_one=&#8221;off&#8221; button_one_letter_spacing=&#8221;0&#8243; button_one_use_icon=&#8221;default&#8221; button_one_icon_placement=&#8221;right&#8221; button_one_on_hover=&#8221;on&#8221; button_one_letter_spacing_hover=&#8221;0&#8243; custom_button_two=&#8221;off&#8221; button_two_letter_spacing=&#8221;0&#8243; button_two_use_icon=&#8221;default&#8221; button_two_icon_placement=&#8221;right&#8221; button_two_on_hover=&#8221;on&#8221; button_two_letter_spacing_hover=&#8221;0&#8243; scroll_down_icon=&#8221;%%0%%&#8221; scroll_down_icon_size=&#8221;25px&#8221; subhead=&#8221;Tar ar thuras f\u00edorsp\u00e9isi\u00fail le duine d\u00e1r dtreoraithe eolacha!&#8221; subhead_font_size=&#8221;23px&#8221; \/][\/et_pb_section][et_pb_section bb_built=&#8221;1&#8243; admin_label=&#8221;Section&#8221; fullwidth=&#8221;off&#8221; specialty=&#8221;off&#8221;][et_pb_row admin_label=&#8221;Row&#8221;][et_pb_column type=&#8221;2_3&#8243;][et_pb_text admin_label=&#8221;Daily Guided Tours Text&#8221; background_layout=&#8221;light&#8221; text_orientation=&#8221;left&#8221; use_border_color=&#8221;off&#8221; border_color=&#8221;#ffffff&#8221; border_style=&#8221;solid&#8221;]<\/p>\n<h3>Turais Threoraithe Laeth\u00fala<\/h3>\n<p>B\u00ed le duine d\u00e1r dtreoraithe oilte ar thuras f\u00edorsp\u00e9isi\u00fail de Theach Bhaile an Chaisle\u00e1in a th\u00f3gann t\u00fa \u00f3 th\u00fas t\u00f3g\u00e1la in 1722 suas go dt\u00ed an l\u00e1 inniu. \u00c9ist leis na sc\u00e9alta iontacha faoi na baill \u00e9ags\u00fala de mhuintir Conolly a mhair sa teach agus foghlaim faoin ailtireacht mhaorga agus na seoid at\u00e1 le feice\u00e1il sa bhaili\u00fach\u00e1n anseo.<\/p>\n<p>Cuireann \u00e1r bhfoireann treoraithe turais scoile saor in aisce ar f\u00e1il agus cuirtear f\u00e1ilte ar leith roimh ghr\u00fapa\u00ed pr\u00edobh\u00e1ideacha freisin (is g\u00e1 iad a chur in \u00e1irithe roimh r\u00e9). B\u00ed i dteagmh\u00e1il linn maidir le h\u00e1irithint\u00ed do scoileanna agus do ghr\u00fapa\u00ed, le do thoil.<\/p>\n<p>[\/et_pb_text][\/et_pb_column][et_pb_column type=&#8221;1_3&#8243;][et_pb_text admin_label=&#8221;Click here banner Text&#8221; background_layout=&#8221;light&#8221; text_orientation=&#8221;center&#8221; use_border_color=&#8221;off&#8221; border_color=&#8221;#ffffff&#8221; border_style=&#8221;solid&#8221;]<\/p>\n<h2 style=\"text-align: center;\">Br\u00faigh <a href=\"http:\/\/castletown.ie\/ga\/tickets-and-times\/\"><span style=\"color: #3366ff;\">anseo<\/span><\/a> maidir le hamanna, tic\u00e9id agus t\u00e1ill\u00ed.<\/h2>\n<p>&nbsp;<\/p>\n<p>&nbsp;<\/p>\n<h3 style=\"text-align: center;\">Ar b\u00eds le teacht ar cuairt chugainn? Tabhair an turas ar l\u00edne <a href=\"http:\/\/castletown.ie\/ga\/the-house\/\"><span style=\"color: #3366ff;\">anseo<\/span><\/a>.<\/h3>\n<p>[\/et_pb_text][\/et_pb_column][\/et_pb_row][et_pb_row admin_label=&#8221;Row&#8221;][et_pb_column type=&#8221;4_4&#8243;][et_pb_divider admin_label=&#8221;Divider&#8221; color=&#8221;#686868&#8243; show_divider=&#8221;on&#8221; divider_style=&#8221;solid&#8221; divider_position=&#8221;top&#8221; hide_on_mobile=&#8221;off&#8221; \/][\/et_pb_column][\/et_pb_row][et_pb_row admin_label=&#8221;Row&#8221;][et_pb_column type=&#8221;1_3&#8243;][et_pb_testimonial admin_label=&#8221;Testimonial&#8221; url_new_window=&#8221;off&#8221; quote_icon=&#8221;on&#8221; use_background_color=&#8221;on&#8221; background_color=&#8221;#f5f5f5&#8243; background_layout=&#8221;light&#8221; text_orientation=&#8221;left&#8221; use_border_color=&#8221;off&#8221; border_color=&#8221;#ffffff&#8221; border_style=&#8221;solid&#8221;]<\/p>\n<p>Teach ar d\u00f3igh. Agus ba \u00e9 Steve, an treora\u00ed, buaic an lae. Treora\u00ed den scoth a rinne an turas fi\u00fa n\u00edos sp\u00e9isi\u00fala f\u00f3s. T\u00e1 an-eolas aige ar Oidhreacht na h\u00c9ireann agus thug s\u00e9 molta\u00ed maithe d\u00fainn maidir le l\u00e1ithreacha Oidhreachta le cuairt a thabhairt orthu.<\/p>\n<p>[\/et_pb_testimonial][\/et_pb_column][et_pb_column type=&#8221;1_3&#8243;][et_pb_testimonial admin_label=&#8221;Testimonial&#8221; url_new_window=&#8221;off&#8221; quote_icon=&#8221;on&#8221; use_background_color=&#8221;on&#8221; background_color=&#8221;#f5f5f5&#8243; background_layout=&#8221;light&#8221; text_orientation=&#8221;left&#8221; use_border_color=&#8221;off&#8221; border_color=&#8221;#ffffff&#8221; border_style=&#8221;solid&#8221;]<\/p>\n<p>D\u00edreach fillte \u00f3 thr\u00e1thn\u00f3na \u00e1lainn i mBaile an Chaisle\u00e1in. Bh\u00ed mo mh\u00e1thair aosta agus mo leana\u00ed \u00f3ga liom agus m\u2019anam go ndearna an fhoireann gach rud ar a gcumas d\u00fainn. Treora\u00ed iontach \u2013 d\u2019\u00e9irigh l\u00e9i aird na leana\u00ed a choime\u00e1d le linn an turais. L\u00e1 an-taitneamhach, neamhchostasach don teaghlach go l\u00e9ir.<\/p>\n<p>[\/et_pb_testimonial][\/et_pb_column][et_pb_column type=&#8221;1_3&#8243;][et_pb_testimonial admin_label=&#8221;Testimonial&#8221; url_new_window=&#8221;off&#8221; quote_icon=&#8221;on&#8221; use_background_color=&#8221;on&#8221; background_color=&#8221;#f5f5f5&#8243; background_layout=&#8221;light&#8221; text_orientation=&#8221;left&#8221; use_border_color=&#8221;off&#8221; border_color=&#8221;#ffffff&#8221; border_style=&#8221;solid&#8221;]<\/p>\n<p>M\u00edle bu\u00edochas le Yvonne agus Sandra as cuairt thar barr a chur ar f\u00e1il! Rinneamar an beothuras stairi\u00fail, n\u00f3t\u00e1ilte amach is amach! An teach agus an fearann iontach, caif\u00e9 agus leithris\u00ed gan sm\u00e1l. Bh\u00ed an-l\u00e1 go deo againn, in ainneoin na b\u00e1ist\u00ed!! \u00c1it den scoth.<\/p>\n<p>[\/et_pb_testimonial][\/et_pb_column][\/et_pb_row][\/et_pb_section][et_pb_section bb_built=&#8221;1&#8243; admin_label=&#8221;Section&#8221; fullwidth=&#8221;on&#8221; specialty=&#8221;off&#8221;][et_pb_fullwidth_image admin_label=&#8221;Fullwidth Image&#8221; src=&#8221;http:\/\/castletown.ie\/wp-content\/uploads\/2017\/01\/Heritage-Week-Walk.-Castletown-House.-Office-of-Public-Works.jpg&#8221; show_in_lightbox=&#8221;off&#8221; url_new_window=&#8221;off&#8221; use_overlay=&#8221;off&#8221; animation=&#8221;off&#8221; use_border_color=&#8221;off&#8221; border_color=&#8221;#ffffff&#8221; border_style=&#8221;solid&#8221; \/][\/et_pb_section]<\/p>\n","protected":false},"excerpt":{"rendered":"<p>Turais Threoraithe Laeth\u00fala B\u00ed le duine d\u00e1r dtreoraithe oilte ar thuras f\u00edorsp\u00e9isi\u00fail de Theach Bhaile an Chaisle\u00e1in a th\u00f3gann t\u00fa \u00f3 th\u00fas t\u00f3g\u00e1la in 1722 suas go dt\u00ed an l\u00e1 [&hellip;]<\/p>\n","protected":false},"author":12,"featured_media":0,"parent":0,"menu_order":0,"comment_status":"closed","ping_status":"closed","template":"","meta":{"_et_pb_use_builder":"on","_et_pb_old_content":"","_et_gb_content_width":"","footnotes":""},"class_list":["post-6690","page","type-page","status-publish","hentry"],"_links":{"self":[{"href":"https:\/\/castletown.ie\/ga\/wp-json\/wp\/v2\/pages\/6690","targetHints":{"allow":["GET"]}}],"collection":[{"href":"https:\/\/castletown.ie\/ga\/wp-json\/wp\/v2\/pages"}],"about":[{"href":"https:\/\/castletown.ie\/ga\/wp-json\/wp\/v2\/types\/page"}],"author":[{"embeddable":true,"href":"https:\/\/castletown.ie\/ga\/wp-json\/wp\/v2\/users\/12"}],"replies":[{"embeddable":true,"href":"https:\/\/castletown.ie\/ga\/wp-json\/wp\/v2\/comments?post=6690"}],"version-history":[{"count":3,"href":"https:\/\/castletown.ie\/ga\/wp-json\/wp\/v2\/pages\/6690\/revisions"}],"predecessor-version":[{"id":6753,"href":"https:\/\/castletown.ie\/ga\/wp-json\/wp\/v2\/pages\/6690\/revisions\/6753"}],"wp:attachment":[{"href":"https:\/\/castletown.ie\/ga\/wp-json\/wp\/v2\/media?parent=6690"}],"curies":[{"name":"wp","href":"https:\/\/api.w.org\/{rel}","templated":true}]}}