{"id":6696,"date":"2016-12-13T10:09:31","date_gmt":"2016-12-13T10:09:31","guid":{"rendered":"http:\/\/castletown.ie\/the-courtyard-cafe\/"},"modified":"2022-01-27T12:06:09","modified_gmt":"2022-01-27T12:06:09","slug":"the-courtyard-cafe","status":"publish","type":"page","link":"https:\/\/castletown.ie\/ga\/the-courtyard-cafe\/","title":{"rendered":"An Courtyard Caf\u00e9"},"content":{"rendered":"<p>[et_pb_section bb_built=&#8221;1&#8243; admin_label=&#8221;Section&#8221; fullwidth=&#8221;on&#8221; specialty=&#8221;off&#8221;][et_pb_fullwidth_header admin_label=&#8221;Fullwidth Header&#8221; title=&#8221;An Courtyard Caf\u00e9&#8221; background_layout=&#8221;dark&#8221; text_orientation=&#8221;center&#8221; header_fullscreen=&#8221;on&#8221; header_scroll_down=&#8221;on&#8221; background_url=&#8221;http:\/\/castletown.ie\/wp-content\/uploads\/2016\/12\/5455-079.jpg&#8221; background_overlay_color=&#8221;rgba(0,0,0,0.33)&#8221; parallax=&#8221;off&#8221; parallax_method=&#8221;off&#8221; content_orientation=&#8221;center&#8221; image_orientation=&#8221;center&#8221; title_font_size=&#8221;50px&#8221; custom_button_one=&#8221;off&#8221; button_one_letter_spacing=&#8221;0&#8243; button_one_use_icon=&#8221;default&#8221; button_one_icon_placement=&#8221;right&#8221; button_one_on_hover=&#8221;on&#8221; button_one_letter_spacing_hover=&#8221;0&#8243; custom_button_two=&#8221;off&#8221; button_two_letter_spacing=&#8221;0&#8243; button_two_use_icon=&#8221;default&#8221; button_two_icon_placement=&#8221;right&#8221; button_two_on_hover=&#8221;on&#8221; button_two_letter_spacing_hover=&#8221;0&#8243; scroll_down_icon=&#8221;%%0%%&#8221; scroll_down_icon_size=&#8221;25px&#8221; subhead=&#8221;\u00c9ire ar an bPl\u00e1ta&#8221; subhead_font_size=&#8221;23px&#8221; \/][\/et_pb_section][et_pb_section bb_built=&#8221;1&#8243; admin_label=&#8221;Section&#8221; fullwidth=&#8221;off&#8221; specialty=&#8221;off&#8221;][et_pb_row admin_label=&#8221;Row&#8221;][et_pb_column type=&#8221;1_4&#8243;][et_pb_image admin_label=&#8221;The Caterers Logo Image&#8221; src=&#8221;http:\/\/castletown.ie\/wp-content\/uploads\/2016\/12\/BIG-LOGO.-jpeg-Ashley-Conroy.jpg&#8221; show_in_lightbox=&#8221;off&#8221; url=&#8221;http:\/\/www.thecaterers.ie\/&#8221; url_new_window=&#8221;on&#8221; use_overlay=&#8221;off&#8221; animation=&#8221;off&#8221; sticky=&#8221;off&#8221; align=&#8221;center&#8221; force_fullwidth=&#8221;off&#8221; always_center_on_mobile=&#8221;on&#8221; use_border_color=&#8221;off&#8221; border_color=&#8221;#ffffff&#8221; border_style=&#8221;solid&#8221; \/][\/et_pb_column][et_pb_column type=&#8221;3_4&#8243;][et_pb_text admin_label=&#8221;Cafe Text&#8221; background_layout=&#8221;light&#8221; text_orientation=&#8221;left&#8221; use_border_color=&#8221;off&#8221; border_color=&#8221;#ffffff&#8221; border_style=&#8221;solid&#8221;]<\/p>\n<h3>Lig do Sc\u00edth le Cup\u00e1n Caife.<\/h3>\n<p>T\u00e1 An Courtyard Caf\u00e9 suite i Sciath\u00e1n athch\u00f3irithe na Cistine agus The Caterers anois i bhfeighil san ionad seo a t\u00f3gadh san ocht\u00fa haois d\u00e9ag. Buail isteach i gcomhair cup\u00e1n caife roimh do chuairt n\u00f3 lig do sc\u00edth ag am l\u00f3in tar \u00e9is si\u00fal\u00f3ide. N\u00f3, m\u00e1 t\u00e1 t\u00fa ag freastal ar cheolchoirm n\u00f3 dr\u00e1ma i mBaile an Chaisle\u00e1in san o\u00edche, d\u2019fh\u00e9adf\u00e1 dinn\u00e9ar a bheith agat sa chaif\u00e9 ar dt\u00fas (is g\u00e1 \u00e1irithint a dh\u00e9anamh roimh r\u00e9).<\/p>\n<p>T\u00e1 an iliomad roghanna ar f\u00e1il, b\u00e9il\u00ed do veigeat\u00f3ir\u00ed agus b\u00e9il\u00ed gan ghl\u00fatan san \u00e1ireamh, agus \u00fas\u00e1idtear na comh\u00e1bhair \u00e1iti\u00fala is \u00faire at\u00e1 le f\u00e1il. \u00cdosl\u00f3d\u00e1il \u00e1r gcl\u00e1r bia <a href=\"http:\/\/castletown.ie\/wp-content\/uploads\/2017\/02\/The-Courtyard-Cafe-New-Season-2016.pdf\" target=\"_blank\" rel=\"noopener noreferrer\">anseo<\/a>.<\/p>\n<p>M\u00e9id Su\u00edoch\u00e1n: 80 duine (roinnte idir An tSeanchistin agus Seomra Bhean an T\u00ed).<\/p>\n<p>Chun \u00f3c\u00e1id phr\u00edobh\u00e1ideach a phl\u00e9 le The Caterers n\u00f3 chun \u00e1irithint a dh\u00e9anamh glaoigh ar +353 1 627 9498 n\u00f3 r\u00edomhphost chuig castletown@thecaterers.ie le do thoil.<\/p>\n<p>&nbsp;<\/p>\n<h4>Uaireanta Oscailte:<\/h4>\n<p>16 M\u00e1rta \u2013 5 Samhain 2017<br \/>\nLuan \u2013 Domhnach: 10:00 \u2013 17:00<\/p>\n<p>6 Samhain 2017 \u2013 M\u00e1rta 2018<br \/>\nM\u00e1irt \u2013 Domhnach: 10:00 \u2013 16:00<\/p>\n<p>[\/et_pb_text][\/et_pb_column][\/et_pb_row][\/et_pb_section][et_pb_section bb_built=&#8221;1&#8243; admin_label=&#8221;Section&#8221; fullwidth=&#8221;off&#8221; specialty=&#8221;off&#8221;][et_pb_row admin_label=&#8221;Row&#8221; make_fullwidth=&#8221;on&#8221; use_custom_width=&#8221;off&#8221; width_unit=&#8221;on&#8221; use_custom_gutter=&#8221;on&#8221; gutter_width=&#8221;0&#8243; padding_mobile=&#8221;off&#8221; allow_player_pause=&#8221;off&#8221; parallax=&#8221;off&#8221; parallax_method=&#8221;off&#8221; make_equal=&#8221;off&#8221; parallax_1=&#8221;off&#8221; parallax_method_1=&#8221;off&#8221; parallax_2=&#8221;off&#8221; parallax_method_2=&#8221;off&#8221; parallax_3=&#8221;off&#8221; parallax_method_3=&#8221;off&#8221; column_padding_mobile=&#8221;on&#8221; custom_padding=&#8221;0px|||&#8221; parallax_4=&#8221;off&#8221; parallax_method_4=&#8221;off&#8221;][et_pb_column type=&#8221;1_4&#8243;][et_pb_image admin_label=&#8221;Image&#8221; src=&#8221;http:\/\/castletown.ie\/wp-content\/uploads\/2016\/12\/5-The-Courtyard-Cafe-at-Castletown.-The-Caterers.jpg&#8221; show_in_lightbox=&#8221;off&#8221; url_new_window=&#8221;off&#8221; use_overlay=&#8221;off&#8221; animation=&#8221;off&#8221; sticky=&#8221;off&#8221; align=&#8221;center&#8221; force_fullwidth=&#8221;off&#8221; always_center_on_mobile=&#8221;on&#8221; use_border_color=&#8221;off&#8221; border_color=&#8221;#ffffff&#8221; border_style=&#8221;solid&#8221; \/][\/et_pb_column][et_pb_column type=&#8221;1_4&#8243;][et_pb_image admin_label=&#8221;Image&#8221; src=&#8221;http:\/\/castletown.ie\/wp-content\/uploads\/2016\/12\/7-The-Courtyard-Cafe-at-Castletown.-The-Caterers.jpg&#8221; show_in_lightbox=&#8221;off&#8221; url_new_window=&#8221;off&#8221; use_overlay=&#8221;off&#8221; animation=&#8221;off&#8221; sticky=&#8221;off&#8221; align=&#8221;center&#8221; force_fullwidth=&#8221;off&#8221; always_center_on_mobile=&#8221;on&#8221; use_border_color=&#8221;off&#8221; border_color=&#8221;#ffffff&#8221; border_style=&#8221;solid&#8221; \/][\/et_pb_column][et_pb_column type=&#8221;1_4&#8243;][et_pb_image admin_label=&#8221;Image&#8221; src=&#8221;http:\/\/castletown.ie\/wp-content\/uploads\/2016\/12\/Pulled-pork-panini-at-Castletown.-The-Caterers.jpg&#8221; show_in_lightbox=&#8221;off&#8221; url_new_window=&#8221;off&#8221; use_overlay=&#8221;off&#8221; animation=&#8221;off&#8221; sticky=&#8221;off&#8221; align=&#8221;center&#8221; force_fullwidth=&#8221;off&#8221; always_center_on_mobile=&#8221;on&#8221; use_border_color=&#8221;off&#8221; border_color=&#8221;#ffffff&#8221; border_style=&#8221;solid&#8221; \/][\/et_pb_column][et_pb_column type=&#8221;1_4&#8243;][et_pb_image admin_label=&#8221;Image&#8221; src=&#8221;http:\/\/castletown.ie\/wp-content\/uploads\/2016\/12\/Coffee-Cake.jpg&#8221; show_in_lightbox=&#8221;off&#8221; url_new_window=&#8221;off&#8221; use_overlay=&#8221;off&#8221; animation=&#8221;off&#8221; sticky=&#8221;off&#8221; align=&#8221;center&#8221; force_fullwidth=&#8221;off&#8221; always_center_on_mobile=&#8221;on&#8221; use_border_color=&#8221;off&#8221; border_color=&#8221;#ffffff&#8221; border_style=&#8221;solid&#8221; \/][\/et_pb_column][\/et_pb_row][\/et_pb_section]<\/p>\n","protected":false},"excerpt":{"rendered":"<p>Lig do Sc\u00edth le Cup\u00e1n Caife. T\u00e1 An Courtyard Caf\u00e9 suite i Sciath\u00e1n athch\u00f3irithe na Cistine agus The Caterers anois i bhfeighil san ionad seo a t\u00f3gadh san ocht\u00fa haois [&hellip;]<\/p>\n","protected":false},"author":12,"featured_media":0,"parent":0,"menu_order":0,"comment_status":"closed","ping_status":"closed","template":"","meta":{"_et_pb_use_builder":"on","_et_pb_old_content":"","_et_gb_content_width":"","footnotes":""},"class_list":["post-6696","page","type-page","status-publish","hentry"],"_links":{"self":[{"href":"https:\/\/castletown.ie\/ga\/wp-json\/wp\/v2\/pages\/6696","targetHints":{"allow":["GET"]}}],"collection":[{"href":"https:\/\/castletown.ie\/ga\/wp-json\/wp\/v2\/pages"}],"about":[{"href":"https:\/\/castletown.ie\/ga\/wp-json\/wp\/v2\/types\/page"}],"author":[{"embeddable":true,"href":"https:\/\/castletown.ie\/ga\/wp-json\/wp\/v2\/users\/12"}],"replies":[{"embeddable":true,"href":"https:\/\/castletown.ie\/ga\/wp-json\/wp\/v2\/comments?post=6696"}],"version-history":[{"count":1,"href":"https:\/\/castletown.ie\/ga\/wp-json\/wp\/v2\/pages\/6696\/revisions"}],"predecessor-version":[{"id":6698,"href":"https:\/\/castletown.ie\/ga\/wp-json\/wp\/v2\/pages\/6696\/revisions\/6698"}],"wp:attachment":[{"href":"https:\/\/castletown.ie\/ga\/wp-json\/wp\/v2\/media?parent=6696"}],"curies":[{"name":"wp","href":"https:\/\/api.w.org\/{rel}","templated":true}]}}