{"id":6699,"date":"2016-12-20T10:20:41","date_gmt":"2016-12-20T10:20:41","guid":{"rendered":"http:\/\/castletown.ie\/exhibitions\/"},"modified":"2023-05-30T08:28:50","modified_gmt":"2023-05-30T07:28:50","slug":"exhibitions","status":"publish","type":"page","link":"https:\/\/castletown.ie\/ga\/exhibitions\/","title":{"rendered":"Taispe\u00e1ntais"},"content":{"rendered":"<p>[et_pb_section bb_built=&#8221;1&#8243; admin_label=&#8221;Section&#8221; fullwidth=&#8221;on&#8221; specialty=&#8221;off&#8221;][et_pb_fullwidth_header admin_label=&#8221;Fullwidth Header&#8221; title=&#8221;Taispe\u00e1ntais&#8221; background_layout=&#8221;dark&#8221; text_orientation=&#8221;center&#8221; header_fullscreen=&#8221;on&#8221; header_scroll_down=&#8221;on&#8221; background_url=&#8221;http:\/\/castletown.ie\/wp-content\/uploads\/2016\/12\/67_Agence-Dalmas-1.jpg&#8221; background_overlay_color=&#8221;rgba(0,0,0,0.33)&#8221; parallax=&#8221;off&#8221; parallax_method=&#8221;off&#8221; content_orientation=&#8221;center&#8221; image_orientation=&#8221;center&#8221; title_font_size=&#8221;50px&#8221; custom_button_one=&#8221;off&#8221; button_one_letter_spacing=&#8221;0&#8243; button_one_use_icon=&#8221;default&#8221; button_one_icon_placement=&#8221;right&#8221; button_one_on_hover=&#8221;on&#8221; button_one_letter_spacing_hover=&#8221;0&#8243; custom_button_two=&#8221;off&#8221; button_two_letter_spacing=&#8221;0&#8243; button_two_use_icon=&#8221;default&#8221; button_two_icon_placement=&#8221;right&#8221; button_two_on_hover=&#8221;on&#8221; button_two_letter_spacing_hover=&#8221;0&#8243; scroll_down_icon=&#8221;%%0%%&#8221; scroll_down_icon_size=&#8221;25px&#8221; subhead=&#8221;T\u00e1 idir Thaispe\u00e1ntais Reatha agus Seantaispe\u00e1ntais i mBaile an Chaisle\u00e1in Liost\u00e1ilte Th\u00edos&#8221; subhead_font_size=&#8221;23px&#8221; \/][\/et_pb_section][et_pb_section bb_built=&#8221;1&#8243; admin_label=&#8221;Section&#8221; fullwidth=&#8221;off&#8221; specialty=&#8221;off&#8221; transparent_background=&#8221;off&#8221; allow_player_pause=&#8221;off&#8221; inner_shadow=&#8221;off&#8221; parallax=&#8221;off&#8221; parallax_method=&#8221;off&#8221; padding_mobile=&#8221;off&#8221; make_fullwidth=&#8221;off&#8221; use_custom_width=&#8221;off&#8221; width_unit=&#8221;on&#8221; make_equal=&#8221;off&#8221; use_custom_gutter=&#8221;off&#8221;][et_pb_row admin_label=&#8221;Row&#8221;][et_pb_column type=&#8221;2_3&#8243;][et_pb_text admin_label=&#8221;Grace Kelly&#8221; background_layout=&#8221;light&#8221; text_orientation=&#8221;left&#8221; use_border_color=&#8221;off&#8221; border_color=&#8221;#ffffff&#8221; border_style=&#8221;solid&#8221;]<\/p>\n<h4><strong>GRACE: PHOTOGRAPHS, 1955\u20131969<\/strong><\/h4>\n<h3>29 Bealtaine \u2013 30 Me\u00e1n F\u00f3mhair 2017<br \/>\nGaileara\u00ed, Dara hUrl\u00e1r, Teach Bhaile an Chaisle\u00e1in<\/h3>\n<p>Cuireann s\u00e9 an-\u00e1thas ar an OOP an taispe\u00e1ntas iontach seo faoi choime\u00e1da\u00edocht Guillaume Aral, Virginie Journiac agus Leonardo Saviano a chur i l\u00e1thair an phobail. L\u00e9ir\u00edonn an 124 grianghraf bunaidh sa bhaili\u00fach\u00e1n seo claochl\u00fa mh\u00f3rphearsa Hollywood, Grace Kelly, go Banphrionsa Grace Mhonac\u00f3. L\u00e9ir\u00edodh an taispe\u00e1ntas seo ar dt\u00fas in Galerie Ferrero in Nice sa samhradh seo caite agus t\u00e1 curtha leis \u00f3 shin le grianghraif \u00f3n r\u00e9 de chuairt St\u00e1it Phrionsa Rainier agus Bhanphrionsa Grace Mhonac\u00f3 ar \u00c9irinn in 1961.<\/p>\n<p>Ag tos\u00fa agus \u00ed i mbarr a r\u00e9ime gairmi\u00fala in 1955 \u2013 bh\u00ed Oscar d\u00edreach bronnta uirthi as a p\u00e1irt in The Country Girl \u2013 feicimid Grace ar dt\u00fas ar sheit scann\u00e1in Alfred Hitchcock, To Catch a Thief, a scann\u00e1na\u00edodh ar an C\u00f4te d\u2019Azur. Ansin feicimid \u00ed \u00e1 hullmh\u00fa f\u00e9in do na grianghrafad\u00f3ir\u00ed ag F\u00e9ile Scann\u00e1na\u00edochta Cannes c\u00fapla m\u00ed ina dhiaidh sin. Tr\u00ed lionsa an ghrianghrafad\u00f3ra Edward Quinn, a saola\u00edodh in \u00c9irinn, feicimid a c\u00e9ad teagmh\u00e1il leis an bPrionsa Rainier ag an bP\u00e1l\u00e1s R\u00edoga in Monte Carlo, deis f\u00f3tagrafa\u00edochta a d\u2019eagraigh Paris Match agus n\u00e1r aontaigh an bheirt a bh\u00ed i gceist leis ach go drogallach. Grianghraf ar ghrianghraf, ins\u00edtear an sc\u00e9al: aistear an Phrionsa Rainier chuig na St\u00e1it Aontaithe i m\u00ed na Nollag \u2013 ar ch\u00faiseanna leighis, mar dhea \u2013 inar chaith s\u00e9 an Nollaig le muintir U\u00ed Cheallaigh agus inar iarr s\u00e9 ar Grace \u00e9 a ph\u00f3sadh, ansin filleadh Grace go Monac\u00f3 san earrach d\u00e1r gcionn chun p\u00f3sadh. T\u00e9ann an cail\u00e9ideasc\u00f3p de ghrianghraif phearsanta agus de ghrianghraif phreasa i bhfad n\u00edos doimhne n\u00e1 na h\u00edomh\u00e1nna snasta a luaitear de ghn\u00e1th le sc\u00e9al fantais\u00edochta na haoise. Tugtar l\u00e9argas neamhghn\u00e1ch ar leith d\u00fainn ar dhomhan Grace, saol na c\u00fairte, saol na bpiarda\u00ed agus na r\u00e9alta\u00ed, saol na bhfreagrachta\u00ed poibli agus na ndualgas r\u00edoga. Agus ag an am c\u00e9anna feicimid a saol pr\u00edobh\u00e1ideach, c\u00faraim\u00ed teaghlaigh, caidrimh phearsanta, \u00e9achtaint\u00ed ar a dra\u00edocht agus a sprid mhealltach.<\/p>\n<p>Sin \u00e9 bua m\u00f3r an taispe\u00e1ntais: snasta \u00f3 thaobh taighde agus cur le ch\u00e9ile de \u2013 t\u00e1 c\u00falra luachmhar gach grianghraif tugtha \u2013 t\u00e1 sruth \u00e9asca ann a mheabhr\u00f3dh comhr\u00e1 br\u00edomhar n\u00f3 si\u00fal\u00f3id dheas tr\u00ed na blianta duit, ag f\u00e1g\u00e1il an cuairteoir faoi gheasa \u00f3n gc\u00e9ad ghrianghraf go dt\u00ed an ceann deiridh.<\/p>\n<p>T\u00e1 cead iontr\u00e1la san \u00e1ireamh le tic\u00e9ad f\u00e9intreoraithe.<\/p>\n<p>[\/et_pb_text][\/et_pb_column][et_pb_column type=&#8221;1_3&#8243;][et_pb_gallery admin_label=&#8221;Gallery&#8221; gallery_ids=&#8221;10355,10348,10349,10350,10351&#8243; fullwidth=&#8221;on&#8221; show_title_and_caption=&#8221;off&#8221; show_pagination=&#8221;off&#8221; background_layout=&#8221;light&#8221; auto=&#8221;on&#8221; hover_overlay_color=&#8221;rgba(255,255,255,0.9)&#8221; use_border_color=&#8221;off&#8221; border_color=&#8221;#ffffff&#8221; border_style=&#8221;solid&#8221; auto_speed=&#8221;4000&#8243; \/][\/et_pb_column][\/et_pb_row][et_pb_row admin_label=&#8221;Row&#8221;][et_pb_column type=&#8221;4_4&#8243;][et_pb_divider admin_label=&#8221;Divider&#8221; color=&#8221;#5b5b5b&#8221; show_divider=&#8221;on&#8221; divider_style=&#8221;solid&#8221; divider_position=&#8221;top&#8221; hide_on_mobile=&#8221;off&#8221; \/][\/et_pb_column][\/et_pb_row][et_pb_row admin_label=&#8221;Row&#8221;][et_pb_column type=&#8221;2_3&#8243;][et_pb_text admin_label=&#8221;Big Brick&#8221; background_layout=&#8221;light&#8221; text_orientation=&#8221;left&#8221; use_border_color=&#8221;off&#8221; border_color=&#8221;#ffffff&#8221; border_style=&#8221;solid&#8221;]<\/p>\n<h4><strong>TAISPEANT\u00c1S BIG BRICK<\/strong><\/h4>\n<h3>I\u00fail \u2013 Me\u00e1n F\u00f3mhair 2017<br \/>\nCl\u00f3s na Feirme<\/h3>\n<p>Is iad an OOP an eagra\u00edocht is m\u00f3 a phl\u00e9ann le c\u00farsa\u00ed deartha in \u00c9irinn ina gc\u00e1il mar dhearth\u00f3ir\u00ed agus t\u00f3g\u00e1laithe na n-\u00e1iseanna poibl\u00ed sa t\u00edr seo. T\u00e1 r\u00edm\u00e9ad orthu oibri\u00fa i bp\u00e1irt le Michael Finan agus Learn it chun cur le hoili\u00faint na ch\u00e9ad ghl\u00faine eile de dhearth\u00f3ir\u00ed \u00c9ireannacha i dtimpeallacht at\u00e1 spra\u00ed\u00fail, spreag\u00fail. Beidh scoth na mbr\u00e9ag\u00e1n foirgn\u00edochta agus na bpuzal tr\u00edthoiseacha tugtha le ch\u00e9ile ag Taispe\u00e1ntas Big Brick agus is aoibhinn le p\u00e1ist\u00ed agus daoine f\u00e1sta araon an deis iad a fheice\u00e1il. T\u00e1 an taispe\u00e1ntas spra\u00ed\u00fail, taitneamhach agus oiri\u00fanach don teaghlach go l\u00e9ir. Is cinnte go gcuirfear iontas ort ann!<\/p>\n<p>Beidh br\u00e9ag\u00e1in neamhghn\u00e1cha, uath\u00fala, thar a bheith luachmhara, le feice\u00e1il sa taispe\u00e1ntas agus beidh s\u00e9adchomhartha\u00ed m\u00f3ra an domhain, an Taj Mahal, Tower Bridge agus \u00c1ras Ceoldr\u00e1ma\u00edochta Sydney ina measc, l\u00e1rnach ann chomh maith. Aithneoidh na leana\u00ed carachtair ar leith \u00f3 na scann\u00e1in, an peata gr\u00e1mhar Minion Bob, Darth Maul, an r\u00f3gaire sc\u00e1far \u00f3 Star Wars, agus an sp\u00fainse is c\u00e1ili\u00fala ar domhan \u2013 SpongeBob SquarePants!<\/p>\n<p>[\/et_pb_text][\/et_pb_column][et_pb_column type=&#8221;1_3&#8243;][et_pb_gallery admin_label=&#8221;Gallery&#8221; gallery_ids=&#8221;10336,10337,10338&#8243; fullwidth=&#8221;on&#8221; show_title_and_caption=&#8221;off&#8221; show_pagination=&#8221;off&#8221; background_layout=&#8221;light&#8221; auto=&#8221;on&#8221; hover_overlay_color=&#8221;rgba(255,255,255,0.9)&#8221; use_border_color=&#8221;off&#8221; border_color=&#8221;#ffffff&#8221; border_style=&#8221;solid&#8221; auto_speed=&#8221;4000&#8243; \/][\/et_pb_column][\/et_pb_row][et_pb_row admin_label=&#8221;Row&#8221;][et_pb_column type=&#8221;4_4&#8243;][et_pb_divider admin_label=&#8221;Divider&#8221; color=&#8221;#5b5b5b&#8221; show_divider=&#8221;on&#8221; divider_style=&#8221;solid&#8221; divider_position=&#8221;top&#8221; hide_on_mobile=&#8221;off&#8221; \/][\/et_pb_column][\/et_pb_row][et_pb_row admin_label=&#8221;Row&#8221;][et_pb_column type=&#8221;2_3&#8243;][et_pb_text admin_label=&#8221;CASA&#8221; background_layout=&#8221;light&#8221; text_orientation=&#8221;left&#8221; use_border_color=&#8221;off&#8221; border_color=&#8221;#ffffff&#8221; border_style=&#8221;solid&#8221;]<\/p>\n<h4><strong>RICHARD GORMAN: CASA<\/strong><\/h4>\n<h3>30 Bealtaine \u2013 31 Deireadh F\u00f3mhair 2016<\/h3>\n<p>Chuir s\u00e9 an-\u00e1thas ar fhoireann an OOP an saothar is d\u00e9ana\u00ed \u00f3 Richard Gorman, CASA, a chur ar taispe\u00e1int ag Baile an Chaisle\u00e1in in 2016. Bh\u00ed an taispe\u00e1ntas le feice\u00e1il i roinnt de na seomra\u00ed m\u00fasaeim sa phr\u00edomhtheach; an Halla Iontr\u00e1la, an dorchla cuar taobh thiar den chol\u00fanra thiar, Seomra Bhantiarna Chill Dara agus Seomra Codlata an Bhantiarna Louisa ina measc. Chruthaigh s\u00e9 sineirge chumhachtach den nua-eala\u00edn agus an su\u00edomh traidisi\u00fanta. <\/p>\n<p>Tagann go leor den chumhacht a bhaineann le saothar Richard \u00f3n teannas sa chomhdh\u00e9anamh idir bhloic dhaite neamhrialta, iad n\u00edos feice\u00e1la\u00ed i gc\u00f3na\u00ed agus simplithe go d\u00e1na aige. T\u00e1 a shaothar ar taispe\u00e1int go forleathan agus go rialta ag Richard \u00f3 l\u00e1r na 1980id\u00ed i leith, go h\u00e1irithe i nGaileara\u00ed Kerlin i mBaile \u00c1tha Cliath, agus i Londain, Milano agus T\u00f3iceo chomh maith. T\u00e1 tionchar a chuid aistear rialta ar an tSeap\u00e1in le feice\u00e1il ina bheala\u00ed oibre agus sna comh\u00e1bhair a \u00fas\u00e1ideann s\u00e9. An sampla is suntasa\u00ed de sin n\u00e1 an tsraith rath\u00fail de shaothair mh\u00f3rsc\u00e1la ar ph\u00e1ip\u00e9ar l\u00e1mhdh\u00e9anta washi a chruthaigh s\u00e9 in iarthar na Seap\u00e1ine in 1999, 2003 agus 2008.<\/p>\n<p>T\u00e1 \u00e1bhar ag Richard san ioma\u00ed baili\u00fach\u00e1n, idir phoibl\u00ed agus phr\u00edobh\u00e1ideach, san Eoraip, sa R\u00edocht Aontaithe, in \u00c9irinn agus sa tSeap\u00e1in &#8211; an New York Public Library, Deutsche Bank agus M\u00fasaem Uladh ina measc. In 2014, ba \u00e9 Gorman an ch\u00e9ad eala\u00edont\u00f3ir \u00c9ireannach a dhear scairf carr\u00e9 don teach faisin gal\u00e1nta Herm\u00e8s. T\u00e1 deartha\u00ed Gorman le feice\u00e1il i mbaili\u00fach\u00e1n \u00e9adach fear Herm\u00e8s don Fh\u00f3mhar\/Geimhreadh 2015, dar t\u00f3gadh na grianghraif d\u00f3 i mBaile an Chaisle\u00e1in.<\/p>\n<p>[\/et_pb_text][\/et_pb_column][et_pb_column type=&#8221;1_3&#8243;][et_pb_gallery admin_label=&#8221;Gallery&#8221; gallery_ids=&#8221;10339,10340,10341&#8243; fullwidth=&#8221;on&#8221; show_title_and_caption=&#8221;off&#8221; show_pagination=&#8221;off&#8221; background_layout=&#8221;light&#8221; auto=&#8221;on&#8221; hover_overlay_color=&#8221;rgba(255,255,255,0.9)&#8221; use_border_color=&#8221;off&#8221; border_color=&#8221;#ffffff&#8221; border_style=&#8221;solid&#8221; auto_speed=&#8221;4000&#8243; \/][\/et_pb_column][\/et_pb_row][et_pb_row admin_label=&#8221;Row&#8221;][et_pb_column type=&#8221;4_4&#8243;][et_pb_divider admin_label=&#8221;Divider&#8221; color=&#8221;#5b5b5b&#8221; show_divider=&#8221;on&#8221; divider_style=&#8221;solid&#8221; divider_position=&#8221;top&#8221; hide_on_mobile=&#8221;off&#8221; \/][\/et_pb_column][\/et_pb_row][et_pb_row admin_label=&#8221;Row&#8221;][et_pb_column type=&#8221;2_3&#8243;][et_pb_text admin_label=&#8221;Vanishing&#8221; background_layout=&#8221;light&#8221; text_orientation=&#8221;left&#8221; use_border_color=&#8221;off&#8221; border_color=&#8221;#ffffff&#8221; border_style=&#8221;solid&#8221;]<\/p>\n<h4><strong>VANISHING IRELAND<\/strong><\/h4>\n<h3>12 M\u00e1rta \u2013 31 Deireadh F\u00f3mhair 2016<br \/>\nSciath\u00e1n na St\u00e1bla\u00ed<\/h3>\n<p>\u00d3 2001 i leith, t\u00e1 an grianghrafad\u00f3ir James Fennell agus an stara\u00ed Turtle Bunbury tar \u00e9is cos\u00e1n dearg a dhe\u00e1namh \u00f3 thaobh taobh a dt\u00edr d\u00fachais. Rinneadh agallamh le agus glacadh grianghraif de os cionn 300 duine idir 70 agus 108 bliain d\u2019aois. T\u00e1 thart ar dhaichead ceann d\u2019\u00edomh\u00e1nna James Fennell le feice\u00e1il sa taispe\u00e1ntas seo i Sciath\u00e1n na St\u00e1bla\u00ed i mBaile an Chaisle\u00e1in, l\u00e9argas \u00e1 thabhairt d\u00fainn ar dhaoine a dh\u00e9antar neamhaird orthu go r\u00f3mhinic sa l\u00e1 at\u00e1 inniu ann. \u00c9ireannaigh den lucht oibre den chuid is m\u00f3 at\u00e1 i gceist \u2013 gaibhne, iascair\u00ed, feirmeoir\u00ed, dugair\u00ed agus banaltra\u00ed \u2013 chomh maith le sagairt, mn\u00e1 rialta, m\u00fainteoir\u00ed agus ceardaithe \u00f3 na seancheirdeanna at\u00e1 ag dul i l\u00e9ig, diallaiteoir\u00ed, tu\u00edod\u00f3ir\u00ed, l\u00e1sad\u00f3ir\u00ed agus sle\u00e1nad\u00f3ir\u00ed.<\/p>\n<p>T\u00e1 ceithre cinn d\u2019imleabhair sa tsraith \u2018Vanishing Ireland\u2019 foilsithe mar chuid den togra agus ardmholadh tuillte acu \u00f3 na l\u00e9irmheast\u00f3ir\u00ed. Rinne an Irish Independent cur s\u00edos orthu mar \u2018thaifead s\u00e1rluachmhar ar an am at\u00e1 thart\u2019. T\u00e1 Turtle tar \u00e9is an t-uaf\u00e1s cainteanna ar an togra a thabhairt, i Nua-Eabhrac, P\u00e1ras, Londain, Chicago, Baile \u00c1tha Cliath, Corcaigh agus Monte Carlo i measc a thuilleadh. T\u00e1 c\u00e1il ghrianghraif James Fennell imithe i bhfad i sraith de thaispe\u00e1ntais ar fud na h\u00c9ireann chomh maith.<\/p>\n<p>[\/et_pb_text][\/et_pb_column][et_pb_column type=&#8221;1_3&#8243;][et_pb_gallery admin_label=&#8221;Gallery&#8221; gallery_ids=&#8221;10342,10343,10344,10345&#8243; fullwidth=&#8221;on&#8221; show_title_and_caption=&#8221;off&#8221; show_pagination=&#8221;off&#8221; background_layout=&#8221;light&#8221; auto=&#8221;on&#8221; hover_overlay_color=&#8221;rgba(255,255,255,0.9)&#8221; use_border_color=&#8221;off&#8221; border_color=&#8221;#ffffff&#8221; border_style=&#8221;solid&#8221; auto_speed=&#8221;4000&#8243; \/][\/et_pb_column][\/et_pb_row][\/et_pb_section][et_pb_section bb_built=&#8221;1&#8243; admin_label=&#8221;Section&#8221; fullwidth=&#8221;on&#8221; specialty=&#8221;off&#8221;][et_pb_fullwidth_image admin_label=&#8221;Fullwidth Image&#8221; src=&#8221;http:\/\/castletown.ie\/wp-content\/uploads\/2016\/12\/3-Richard-Gorman.-Office-of-Public-Works.png&#8221; show_in_lightbox=&#8221;off&#8221; url_new_window=&#8221;off&#8221; use_overlay=&#8221;off&#8221; animation=&#8221;off&#8221; use_border_color=&#8221;off&#8221; border_color=&#8221;#ffffff&#8221; border_style=&#8221;solid&#8221; \/][\/et_pb_section]<\/p>\n","protected":false},"excerpt":{"rendered":"<p>GRACE: PHOTOGRAPHS, 1955\u20131969 29 Bealtaine \u2013 30 Me\u00e1n F\u00f3mhair 2017 Gaileara\u00ed, Dara hUrl\u00e1r, Teach Bhaile an Chaisle\u00e1in Cuireann s\u00e9 an-\u00e1thas ar an OOP an taispe\u00e1ntas iontach seo faoi choime\u00e1da\u00edocht Guillaume [&hellip;]<\/p>\n","protected":false},"author":12,"featured_media":0,"parent":0,"menu_order":0,"comment_status":"closed","ping_status":"closed","template":"","meta":{"_et_pb_use_builder":"on","_et_pb_old_content":"","_et_gb_content_width":"","footnotes":""},"class_list":["post-6699","page","type-page","status-publish","hentry"],"_links":{"self":[{"href":"https:\/\/castletown.ie\/ga\/wp-json\/wp\/v2\/pages\/6699","targetHints":{"allow":["GET"]}}],"collection":[{"href":"https:\/\/castletown.ie\/ga\/wp-json\/wp\/v2\/pages"}],"about":[{"href":"https:\/\/castletown.ie\/ga\/wp-json\/wp\/v2\/types\/page"}],"author":[{"embeddable":true,"href":"https:\/\/castletown.ie\/ga\/wp-json\/wp\/v2\/users\/12"}],"replies":[{"embeddable":true,"href":"https:\/\/castletown.ie\/ga\/wp-json\/wp\/v2\/comments?post=6699"}],"version-history":[{"count":3,"href":"https:\/\/castletown.ie\/ga\/wp-json\/wp\/v2\/pages\/6699\/revisions"}],"predecessor-version":[{"id":10356,"href":"https:\/\/castletown.ie\/ga\/wp-json\/wp\/v2\/pages\/6699\/revisions\/10356"}],"wp:attachment":[{"href":"https:\/\/castletown.ie\/ga\/wp-json\/wp\/v2\/media?parent=6699"}],"curies":[{"name":"wp","href":"https:\/\/api.w.org\/{rel}","templated":true}]}}