{"id":6776,"date":"2016-12-20T14:22:28","date_gmt":"2016-12-20T14:22:28","guid":{"rendered":"http:\/\/castletown.ie\/collection-highlights\/"},"modified":"2017-06-12T12:37:40","modified_gmt":"2017-06-12T11:37:40","slug":"collection-highlights","status":"publish","type":"page","link":"https:\/\/castletown.ie\/ga\/collection-highlights\/","title":{"rendered":"Buaicphoint\u00ed an Bhaili\u00fach\u00e1in"},"content":{"rendered":"<p>[et_pb_section bb_built=&#8221;1&#8243; admin_label=&#8221;Section&#8221; fullwidth=&#8221;on&#8221; specialty=&#8221;off&#8221;][et_pb_fullwidth_header admin_label=&#8221;Fullwidth Header&#8221; title=&#8221;Buaicphoint\u00ed an Bhaili\u00fach\u00e1in&#8221; background_layout=&#8221;dark&#8221; text_orientation=&#8221;center&#8221; header_fullscreen=&#8221;on&#8221; header_scroll_down=&#8221;on&#8221; background_url=&#8221;http:\/\/castletown.ie\/wp-content\/uploads\/2016\/12\/WillPryce_CF007534_FL-1.jpg&#8221; background_overlay_color=&#8221;rgba(0,0,0,0.33)&#8221; parallax=&#8221;off&#8221; parallax_method=&#8221;off&#8221; content_orientation=&#8221;center&#8221; image_orientation=&#8221;center&#8221; title_font_size=&#8221;50px&#8221; custom_button_one=&#8221;off&#8221; button_one_letter_spacing=&#8221;0&#8243; button_one_use_icon=&#8221;default&#8221; button_one_icon_placement=&#8221;right&#8221; button_one_on_hover=&#8221;on&#8221; button_one_letter_spacing_hover=&#8221;0&#8243; custom_button_two=&#8221;off&#8221; button_two_letter_spacing=&#8221;0&#8243; button_two_use_icon=&#8221;default&#8221; button_two_icon_placement=&#8221;right&#8221; button_two_on_hover=&#8221;on&#8221; button_two_letter_spacing_hover=&#8221;0&#8243; scroll_down_icon=&#8221;%%0%%&#8221; scroll_down_icon_size=&#8221;25px&#8221; subhead=&#8221;Cuid de na Saothair is T\u00e1bhachta\u00ed i dTeach Bhaile an Chaisle\u00e1in&#8221; subhead_font_size=&#8221;23px&#8221; \/][\/et_pb_section][et_pb_section bb_built=&#8221;1&#8243; admin_label=&#8221;Section&#8221; fullwidth=&#8221;off&#8221; specialty=&#8221;off&#8221; transparent_background=&#8221;off&#8221; allow_player_pause=&#8221;off&#8221; inner_shadow=&#8221;off&#8221; parallax=&#8221;off&#8221; parallax_method=&#8221;off&#8221; padding_mobile=&#8221;off&#8221; make_fullwidth=&#8221;off&#8221; use_custom_width=&#8221;off&#8221; width_unit=&#8221;on&#8221; make_equal=&#8221;off&#8221; use_custom_gutter=&#8221;off&#8221;][et_pb_row admin_label=&#8221;Row&#8221;][et_pb_column type=&#8221;4_4&#8243;][et_pb_text admin_label=&#8221;A Personal List of Precious Items&#8221; background_layout=&#8221;light&#8221; text_orientation=&#8221;left&#8221; use_border_color=&#8221;off&#8221; border_color=&#8221;#ffffff&#8221; border_style=&#8221;solid&#8221;]<\/p>\n<h3>Liosta Pearsanta de Sheoda Luachmhara<\/h3>\n<p>Is \u00ed an saineola\u00ed caomhnaithe Linda Kearns at\u00e1 freagrach as aire a thabhairt do chnuasach Bhaile an Chaisle\u00e1in. Le breis is deich mbliana anuas t\u00e1 c\u00f3ras dian cothabh\u00e1la ar si\u00fal ag Linda agus a foireann chun an aire cheart a thabhairt do gach uile ph\u00edosa sa chnuasach. Bh\u00ed r\u00f3l nach beag ag Linda san iarratas a rinne Teach Bhaile an Chaisle\u00e1in le haghaidh creidi\u00fan\u00fa ioml\u00e1n sa Chl\u00e1r um Chaighde\u00e1in M\u00fasaem in \u00c9irinn in 2012 agus ar\u00eds in 2016 nuair a rinneadh athnuachan ar an st\u00e1das sin. Agus an oiread sin seoda \u00e1ille neamhchoitianta faoina c\u00faram i gcaitheamh na mblianta, t\u00e1 liosta pearsanta curtha le ch\u00e9ile aici de na buaicphoint\u00ed, dar l\u00e9i f\u00e9in; liosta at\u00e1 s\u00ed s\u00e1sta a roinnt ar l\u00edne anseo.<\/p>\n<p>Clice\u00e1il ar an mionsamhail chun \u00edomh\u00e1 n\u00edos m\u00f3 a fheice\u00e1il.<\/p>\n<p>[\/et_pb_text][et_pb_divider admin_label=&#8221;Divider&#8221; color=&#8221;#3f3f3f&#8221; show_divider=&#8221;on&#8221; divider_style=&#8221;solid&#8221; divider_position=&#8221;top&#8221; hide_on_mobile=&#8221;off&#8221; \/][et_pb_divider admin_label=&#8221;Divider&#8221; color=&#8221;#3f3f3f&#8221; show_divider=&#8221;off&#8221; divider_style=&#8221;solid&#8221; divider_position=&#8221;top&#8221; hide_on_mobile=&#8221;off&#8221; height=&#8221;10&#8243; \/][\/et_pb_column][\/et_pb_row][et_pb_row admin_label=&#8221;Row&#8221;][et_pb_column type=&#8221;1_3&#8243;][et_pb_image admin_label=&#8221;The Bear Hunt Image&#8221; src=&#8221;http:\/\/castletown.ie\/wp-content\/uploads\/2016\/12\/0002-Boar-Hunt-049-1.jpg&#8221; alt=&#8221;The Bear Hunt&#8221; title_text=&#8221;The Bear Hunt&#8221; show_in_lightbox=&#8221;on&#8221; url_new_window=&#8221;off&#8221; use_overlay=&#8221;off&#8221; animation=&#8221;off&#8221; sticky=&#8221;off&#8221; align=&#8221;center&#8221; force_fullwidth=&#8221;off&#8221; always_center_on_mobile=&#8221;on&#8221; use_border_color=&#8221;off&#8221; border_color=&#8221;#ffffff&#8221; border_style=&#8221;solid&#8221; \/][et_pb_text admin_label=&#8221;The Bear Hunt, studio of Paul de Vos, c.1690.&#8221; background_layout=&#8221;light&#8221; text_orientation=&#8221;left&#8221; use_border_color=&#8221;off&#8221; border_color=&#8221;#ffffff&#8221; border_style=&#8221;solid&#8221;]<\/p>\n<p><strong>Seilg na mB\u00e9ar, sti\u00faideo Paul de Vos, c.1690.<\/strong><\/p>\n<p>Is c\u00f3ip \u00e9 seo de phicti\u00far de chuid Paul de Vos, p\u00e9int\u00e9ir Pl\u00e9imeannach a mhair sa 17\u00fa haois. T\u00e1 an bunphicti\u00far le feice\u00e1il i M\u00fasaem an D\u00edsirt i gCathair Pheadair. Bearradh an picti\u00far ar an taobh deas ag pointe \u00e9igin chun go rachadh s\u00e9 isteach sa chuas pl\u00e1stair l\u00e1ir os cionn an staighre starrmhaide. Thabharfadh s\u00e9 sin le fios n\u00e1r coimisi\u00fana\u00edodh an saothar don su\u00edomh \u00e1irithe sin. Murab ionann agus an radharc seilge, t\u00e1 ragairne bacan\u00e1lach i st\u00edl Fran\u00e7ois Boucher le feice\u00e1il sna picti\u00fair sa d\u00e1 chuas eile i Halla an Staighre. D\u00edoladh an d\u00e1 cheann acu sin i m\u00ed Aibre\u00e1in 1966. Grianghraf le Davison and Associates.<\/p>\n<p>[\/et_pb_text][et_pb_image admin_label=&#8221;Chandeliers&#8221; src=&#8221;http:\/\/castletown.ie\/wp-content\/uploads\/2016\/12\/300610-13-1st-floor-highlight-e1490185218750.jpg&#8221; alt=&#8221;Murano Glass Chandeliers&#8221; title_text=&#8221;Murano Glass Chandeliers&#8221; show_in_lightbox=&#8221;on&#8221; url_new_window=&#8221;off&#8221; use_overlay=&#8221;off&#8221; animation=&#8221;off&#8221; sticky=&#8221;off&#8221; align=&#8221;center&#8221; force_fullwidth=&#8221;off&#8221; always_center_on_mobile=&#8221;on&#8221; use_border_color=&#8221;off&#8221; border_color=&#8221;#ffffff&#8221; border_style=&#8221;solid&#8221; \/][et_pb_text admin_label=&#8221;Set of three chandeliers, Italian, c.1775.\u2028&#8221; background_layout=&#8221;light&#8221; text_orientation=&#8221;left&#8221; use_border_color=&#8221;off&#8221; border_color=&#8221;#ffffff&#8221; border_style=&#8221;solid&#8221;]<\/p>\n<p><strong>Tr\u00ed cinn de choinnleoir\u00ed craobhacha, an Iod\u00e1il, c.1775.\u2028<\/strong><\/p>\n<p>Foireann de thr\u00ed cinn de choinnleoir\u00ed craobhacha Vein\u00e9iseacha \u00f3n 18\u00fa haois. Gloine dhaite agus gn\u00e1thghloine at\u00e1 iontu agus iad maisithe le bl\u00e1thanna agus barrghr\u00e9asa m\u00fanlaithe. As gloine Murano a rinneadh iad agus n\u00edl coinnleoir\u00ed craobhacha mar iad le feice\u00e1il in aon \u00e1it eile in \u00c9irinn. Go deimhin t\u00e1 siad neamhchoitianta go maith san Iod\u00e1il leis. Meastar gur ordaigh an Bhantiarna Louisa \u00f3n Vein\u00e9is iad idir 1775 agus 1778, tr\u00e1th a raibh an Gaileara\u00ed Fada \u00e1 athmhaisi\u00fa. Cuireadh leictreachas leis na coinnleoir\u00ed craobhacha seo i l\u00e1r na 1990id\u00ed. Glanadh iad agus rinneadh athch\u00f3iri\u00fa orthu in 2009. Speisialt\u00f3ir\u00ed gloine \u00f3n Vein\u00e9is a rinne an obair sin. Grianghraf le Davison and Associates.<\/p>\n<p>[\/et_pb_text][et_pb_image admin_label=&#8221;Box&#8221; src=&#8221;http:\/\/castletown.ie\/wp-content\/uploads\/2016\/12\/A0032-Oak-deed-box-043.jpg&#8221; alt=&#8221;Oak Deed Box&#8221; title_text=&#8221;Oak Deed Box&#8221; show_in_lightbox=&#8221;on&#8221; url_new_window=&#8221;off&#8221; use_overlay=&#8221;off&#8221; animation=&#8221;off&#8221; sticky=&#8221;off&#8221; align=&#8221;center&#8221; force_fullwidth=&#8221;off&#8221; always_center_on_mobile=&#8221;on&#8221; use_border_color=&#8221;off&#8221; border_color=&#8221;#ffffff&#8221; border_style=&#8221;solid&#8221; \/][et_pb_text admin_label=&#8221;William Conolly\u2019s oak deed box, early 18th century.\u2028&#8221; background_layout=&#8221;light&#8221; text_orientation=&#8221;left&#8221; use_border_color=&#8221;off&#8221; border_color=&#8221;#ffffff&#8221; border_style=&#8221;solid&#8221;]<\/p>\n<p><strong>Taiscead\u00e1n darach de chuid William Conolly, an 18\u00fa haois luath.\u2028<\/strong><\/p>\n<p>Taiscead\u00e1n d\u00e9anta de dhair na h\u00c9ireann. L\u00e1mha dubha iarainn air. Choinn\u00edodh an Sp\u00e9ic\u00e9ir William Conolly (1662-1729) a chuid c\u00e1ip\u00e9is\u00ed ann. Tr\u00e1th d\u00e1 raibh b\u00e1 \u00e9 Conolly an duine ba shaibhre agus ba chumhachta\u00ed in \u00c9irinn n\u00e1r dhuine de shliocht na huaisleachta \u00e9. N\u00ed raibh aon chlann air f\u00e9in agus a bhean Katherine agus, d\u00e1 r\u00e9ir sin, nuair a fuair William b\u00e1s d\u2019fh\u00e1g s\u00e9 Baile an Chaisle\u00e1in agus na heast\u00e1it ar fad ag a nia, William James. Grianghraf le Davison and Associates.<\/p>\n<p>[\/et_pb_text][et_pb_image admin_label=&#8221;Print Room&#8221; src=&#8221;http:\/\/castletown.ie\/wp-content\/uploads\/2016\/12\/Print-Room-Prints-in-Print-Room-060.jpg&#8221; alt=&#8221;The Print Room&#8221; title_text=&#8221;The Print Room&#8221; show_in_lightbox=&#8221;on&#8221; url_new_window=&#8221;off&#8221; use_overlay=&#8221;off&#8221; animation=&#8221;off&#8221; sticky=&#8221;off&#8221; align=&#8221;center&#8221; force_fullwidth=&#8221;off&#8221; always_center_on_mobile=&#8221;on&#8221; use_border_color=&#8221;off&#8221; border_color=&#8221;#ffffff&#8221; border_style=&#8221;solid&#8221; \/][et_pb_text admin_label=&#8221;Text&#8221; background_layout=&#8221;light&#8221; text_orientation=&#8221;left&#8221; use_border_color=&#8221;off&#8221; border_color=&#8221;#ffffff&#8221; border_style=&#8221;solid&#8221;]<\/p>\n<p><strong>Seomra na bPrionta\u00ed, an Bhantiarna Louisa Conolly a rinne, cuireadh cr\u00edoch leis in 1769.\u2028\u2028<\/strong><\/p>\n<p>T\u00e1 rian Louisa Conolly le feice\u00e1il i Seomra na bPrionta\u00ed n\u00edos m\u00f3 n\u00e1 in aon seomra eile i mBaile an Chaisle\u00e1in. D\u2019oibrigh s\u00ed go d\u00edograiseach ann, ag baili\u00fa prionta\u00ed, fr\u00e1ma\u00ed agus maisi\u00fach\u00e1in eile, agus \u00e1 gcur in eagar sa seomra. D\u2019fhaigheadh s\u00ed pain\u00e9il de ph\u00e1ip\u00e9ar p\u00e9inte\u00e1ilte neasbh\u00e1n agus ghreama\u00edodh s\u00ed na prionta\u00ed de na pain\u00e9il sin. Chuirt\u00ed na pain\u00e9il ar na balla\u00ed ansin ar shliseoga adhmaid cl\u00fadaithe le h\u00e9adach. D\u2019\u00e9irigh le Louisa seomra cluthar, an-phearsanta a chruth\u00fa a f\u00e1gadh sa bhunriocht sin \u00f3 shin i leith, in ainneoin na n-athruithe iomad\u00fala san fhaisean agus sna tuiscint\u00ed a th\u00e1inig chun cinn. Is \u00e9 an t-aon Seomra Prionta\u00ed in \u00c9irinn \u00e9 a th\u00e1inig chugainn go hioml\u00e1n sl\u00e1n \u00f3n 18\u00fa haois. Grianghraf le Davison and Associates.<\/p>\n<p>[\/et_pb_text][\/et_pb_column][et_pb_column type=&#8221;1_3&#8243;][et_pb_image admin_label=&#8221;Mrs Parnel Moore&#8221; src=&#8221;http:\/\/castletown.ie\/wp-content\/uploads\/2016\/12\/0008-Parnell-Moore.jpg&#8221; alt=&#8221;Mrs Parnel Moore&#8221; title_text=&#8221;Mrs Parnel Moore&#8221; show_in_lightbox=&#8221;on&#8221; url_new_window=&#8221;off&#8221; use_overlay=&#8221;off&#8221; animation=&#8221;off&#8221; sticky=&#8221;off&#8221; align=&#8221;center&#8221; force_fullwidth=&#8221;off&#8221; always_center_on_mobile=&#8221;on&#8221; use_border_color=&#8221;off&#8221; border_color=&#8221;#ffffff&#8221; border_style=&#8221;solid&#8221; \/][et_pb_text admin_label=&#8221;Text&#8221; background_layout=&#8221;light&#8221; text_orientation=&#8221;left&#8221; use_border_color=&#8221;off&#8221; border_color=&#8221;#ffffff&#8221; border_style=&#8221;solid&#8221;]<\/p>\n<p><strong>Portr\u00e1id de Mrs Parnel Moore (1649-1761), n\u00ed fios c\u00e9 a rinne, 18\u00fa haois.<\/strong><\/p>\n<p>T\u00e1 an picti\u00far seo ar cheann de na bunsaothair is sine sa chnuasach n\u00f3 meastar go raibh s\u00e9 ann i gc\u00e9adlaethanta Bhaile an Chaisle\u00e1in. Bheadh slua m\u00f3r searbh\u00f3nta\u00ed ag teast\u00e1il ina leith\u00e9id de theach agus ar dhuine acu sin bh\u00ed Mrs Parnel Moore, a fuair b\u00e1s ag aois 112 dar leis an inscr\u00edbhinn ar an bpicti\u00far. Grianghraf le Davison and Associates.<\/p>\n<p>[\/et_pb_text][et_pb_image admin_label=&#8221;Tables&#8221; src=&#8221;http:\/\/castletown.ie\/wp-content\/uploads\/2016\/12\/A0011-Crandield-Tables-CASTL2__032-e1490185195111.jpg&#8221; alt=&#8221;Cranfield Serving Tables&#8221; title_text=&#8221;Cranfield Serving Tables&#8221; show_in_lightbox=&#8221;on&#8221; url_new_window=&#8221;off&#8221; use_overlay=&#8221;off&#8221; animation=&#8221;off&#8221; sticky=&#8221;off&#8221; align=&#8221;center&#8221; force_fullwidth=&#8221;off&#8221; always_center_on_mobile=&#8221;on&#8221; use_border_color=&#8221;off&#8221; border_color=&#8221;#ffffff&#8221; border_style=&#8221;solid&#8221; \/][et_pb_text admin_label=&#8221;Text&#8221; background_layout=&#8221;light&#8221; text_orientation=&#8221;left&#8221; use_border_color=&#8221;off&#8221; border_color=&#8221;#ffffff&#8221; border_style=&#8221;solid&#8221;]<\/p>\n<p><strong>Dh\u00e1 thaobh-bhord, luaite le Richard Cranfield, c.1768.<\/strong><\/p>\n<p>P\u00e9ire de thaobh-bhoird \u00c9ireannacha \u00f3 r\u00e9 Sheoirse III. Iad \u00f3raithe le huisce agus le hola. Barr m\u00fanlaithe as marmar liath ar an d\u00e1 cheann acu. T\u00e1 an d\u00e1 bhord nuachlasaiceacha seo ag teacht le st\u00edl an tSeomra Bhia, seomra a rinneadh nuair a cumascadh dh\u00e1 sheomra eile timpeall 1767. Meastar gur sno\u00edod\u00f3ir i mBaile \u00c1tha Cliath, Richard Cranfield, a rinne na boird. Grianghraf le Davison and Associates.<\/p>\n<p>[\/et_pb_text][et_pb_image admin_label=&#8221;Cabinet&#8221; src=&#8221;http:\/\/castletown.ie\/wp-content\/uploads\/2016\/12\/A0041-slope-open-cast1-072.jpg&#8221; alt=&#8221;Mahogany Bureau-Cabinet&#8221; title_text=&#8221;Mahogany Bureau-Cabinet&#8221; show_in_lightbox=&#8221;on&#8221; url_new_window=&#8221;off&#8221; use_overlay=&#8221;off&#8221; animation=&#8221;off&#8221; sticky=&#8221;off&#8221; align=&#8221;center&#8221; force_fullwidth=&#8221;off&#8221; always_center_on_mobile=&#8221;on&#8221; use_border_color=&#8221;off&#8221; border_color=&#8221;#ffffff&#8221; border_style=&#8221;solid&#8221; \/][et_pb_text admin_label=&#8221;Text&#8221; background_layout=&#8221;light&#8221; text_orientation=&#8221;left&#8221; use_border_color=&#8221;off&#8221; border_color=&#8221;#ffffff&#8221; border_style=&#8221;solid&#8221;]<\/p>\n<p><strong>Caibin\u00e9ad bi\u00far\u00f3 mahagaine, \u00c9ire, c.1760.\u2028<\/strong><\/p>\n<p>Caibin\u00e9ad mahagaine \u00f3 r\u00e9 Sheoirse III. T\u00e1 peidim\u00e9id bhriste air ar a bhfuil d\u00e9ad\u00f3ga agus scrolla\u00ed agus t\u00e1 r\u00f3is\u00e9id greanta air mar mhaisi\u00fach\u00e1n. Ba n\u00f3s leis an mBantiarna Louisa bheith ag scr\u00edobh go rialta chuig a deirfi\u00faracha agus a dearth\u00e1ireacha in \u00c9irinn agus i Sasana ar feadh a saoil. Is furasta \u00ed a shamhl\u00fa ina su\u00ed ag an mbi\u00far\u00f3 seo, a cuid litreacha \u00e1 scr\u00edobh aici agus na cinn a fuair s\u00ed \u00e1 st\u00f3r\u00e1il sna tarraice\u00e1in. T\u00e1 tras-scr\u00edbhinn\u00ed de na litreacha a scr\u00edobh s\u00ed chuig a dearth\u00e1ireacha agus deirfi\u00faracha le feice\u00e1il i gCartlann agus L\u00e1rionad Taighde OOP-Ollscoil Mhaigh Nuad i mBaile an Chaisle\u00e1in. Grianghraf le Davison and Associates.<\/p>\n<p>[\/et_pb_text][et_pb_image admin_label=&#8221;Lennox&#8221; src=&#8221;http:\/\/castletown.ie\/wp-content\/uploads\/2016\/12\/S0001-Charles-Lennox__039-e1490185147654.jpg&#8221; alt=&#8221;Charles Lennox&#8221; title_text=&#8221;Charles Lennox&#8221; show_in_lightbox=&#8221;on&#8221; url_new_window=&#8221;off&#8221; use_overlay=&#8221;off&#8221; animation=&#8221;off&#8221; sticky=&#8221;off&#8221; align=&#8221;center&#8221; force_fullwidth=&#8221;off&#8221; always_center_on_mobile=&#8221;on&#8221; use_border_color=&#8221;off&#8221; border_color=&#8221;#ffffff&#8221; border_style=&#8221;solid&#8221; \/][et_pb_text admin_label=&#8221;Text&#8221; background_layout=&#8221;light&#8221; text_orientation=&#8221;left&#8221; use_border_color=&#8221;off&#8221; border_color=&#8221;#ffffff&#8221; border_style=&#8221;solid&#8221;]<\/p>\n<p><strong>Charles Lennox, an Dara Di\u00fac Richmond, Jean-Baptiste Van Loo a rinne.<\/strong><br \/>\nPortr\u00e1id leathmh\u00e9ide de Charles Lennox (1701\u20131750), an Dara Di\u00fac Richmond agus an Dara Di\u00fac Lennox. T\u00e1 cath\u00e9ide agus rib\u00edn Ord an Ghairt\u00e9ir \u00e1 chaitheamh aige. T\u00e1 fr\u00e1ma comhaimseartha i st\u00edl William Kent timpeall ar an bpicti\u00far. Grianghraf le Davison and Associates.<\/p>\n<p>[\/et_pb_text][\/et_pb_column][et_pb_column type=&#8221;1_3&#8243;][et_pb_image admin_label=&#8221;Louisa Lennox&#8221; src=&#8221;http:\/\/castletown.ie\/wp-content\/uploads\/2016\/12\/0056-Louisa-age-4-030.jpg&#8221; alt=&#8221;Lady Louisa Lennox&#8221; title_text=&#8221;Lady Louisa Lennox&#8221; show_in_lightbox=&#8221;on&#8221; url_new_window=&#8221;off&#8221; use_overlay=&#8221;off&#8221; animation=&#8221;off&#8221; sticky=&#8221;off&#8221; align=&#8221;center&#8221; force_fullwidth=&#8221;off&#8221; always_center_on_mobile=&#8221;on&#8221; use_border_color=&#8221;off&#8221; border_color=&#8221;#ffffff&#8221; border_style=&#8221;solid&#8221; \/][et_pb_text admin_label=&#8221;Text&#8221; background_layout=&#8221;light&#8221; text_orientation=&#8221;left&#8221; use_border_color=&#8221;off&#8221; border_color=&#8221;#ffffff&#8221; border_style=&#8221;solid&#8221;]<\/p>\n<p><strong>Pastal den Bhantiarna Louisa Lennox, gr\u00fapa George Knapton, c.1747.<\/strong><br \/>\nLe gr\u00fapa George Knapton a luaitear an pastal seo ina bhfuil an Bhantiarna Louisa le feice\u00e1il ag aois a ceathair. In\u00edon Charles Lennox, an 2\u00fa Di\u00fac Richmond, agus a bhean ch\u00e9ile an Bhantiarna Sarah Cadogan, ab ea Louisa. Fuair a tuismitheoir\u00ed b\u00e1s nuair a bh\u00ed s\u00ed ocht mbliana d\u2019aois. Nuair a tharla s\u00e9 sin chuaigh s\u00ed f\u00e9in agus a beirt deirfi\u00faracha n\u00edos \u00f3ige, Sarah agus Cecilia, chun c\u00f3naithe lena deirfi\u00far n\u00edos sine, Emily, in \u00c9irinn. Ba \u00ed Emily Cuntaois Chill Dara. Grianghraf le Davison and Associates.<\/p>\n<p>[\/et_pb_text][et_pb_image admin_label=&#8221;Vases&#8221; src=&#8221;http:\/\/castletown.ie\/wp-content\/uploads\/2016\/12\/A0012-Meissan-Vases_038-e1490185176682.jpg&#8221; alt=&#8221;Meissen Vases&#8221; title_text=&#8221;Meissen Vases&#8221; show_in_lightbox=&#8221;on&#8221; url_new_window=&#8221;off&#8221; use_overlay=&#8221;off&#8221; animation=&#8221;off&#8221; sticky=&#8221;off&#8221; align=&#8221;center&#8221; force_fullwidth=&#8221;off&#8221; always_center_on_mobile=&#8221;on&#8221; use_border_color=&#8221;off&#8221; border_color=&#8221;#ffffff&#8221; border_style=&#8221;solid&#8221; \/][et_pb_text admin_label=&#8221;Text&#8221; background_layout=&#8221;light&#8221; text_orientation=&#8221;left&#8221; use_border_color=&#8221;off&#8221; border_color=&#8221;#ffffff&#8221; border_style=&#8221;solid&#8221;]<\/p>\n<p><strong>P\u00e9ire v\u00e1sa\u00ed, an Ghearm\u00e1in, c.1850.<\/strong><\/p>\n<p>P\u00e9ire de v\u00e1sa\u00ed m\u00f3ra Meissen at\u00e1 \u00f3raithe in \u00e1iteanna agus b\u00e1n in \u00e1iteanna eile. I gcruth cloig\u00edn at\u00e1 siad. T\u00e1 dh\u00e1 l\u00e1mh ar an d\u00e1 cheann acu agus t\u00e1 na l\u00e1mha sin maisithe le nathracha agus acantas fite fuaite lena ch\u00e9ile. Meastar gur fear a bh\u00ed ina Impire na Fraince n\u00edos d\u00e9ana\u00ed, Napol\u00e9on III, a thug na v\u00e1sa\u00ed do Thomas Conolly (1823-1876). Grianghraf le Davison and Associates.<\/p>\n<p>[\/et_pb_text][et_pb_image admin_label=&#8221;Japanned Cabinet&#8221; src=&#8221;http:\/\/castletown.ie\/wp-content\/uploads\/2016\/12\/A0055-outer-doors-open-cast1-068-1.jpg&#8221; alt=&#8221;Cabinet&#8221; title_text=&#8221;Cabinet&#8221; show_in_lightbox=&#8221;on&#8221; url_new_window=&#8221;off&#8221; use_overlay=&#8221;off&#8221; animation=&#8221;off&#8221; sticky=&#8221;off&#8221; align=&#8221;center&#8221; force_fullwidth=&#8221;off&#8221; always_center_on_mobile=&#8221;on&#8221; use_border_color=&#8221;off&#8221; border_color=&#8221;#ffffff&#8221; border_style=&#8221;solid&#8221; \/][et_pb_text admin_label=&#8221;Text&#8221; background_layout=&#8221;light&#8221; text_orientation=&#8221;left&#8221; use_border_color=&#8221;off&#8221; border_color=&#8221;#ffffff&#8221; border_style=&#8221;solid&#8221;]<\/p>\n<p><strong>Caibin\u00e9ad seap\u00e1nta, an 18\u00fa haois luath.<\/strong><\/p>\n<p>Caibin\u00e9ad S\u00edneach polacr\u00f3mach \u00f3raithe ina sheasamh ar sheast\u00e1n \u00c9ireannach. Dh\u00e1 dhoras air a p\u00e9inte\u00e1ladh n\u00edos d\u00e9ana\u00ed le h\u00edomh\u00e1nna de th\u00edrdhreacha r\u00f3m\u00e1ns\u00fala agus d\u2019\u00e9in ar ch\u00falra\u00ed bl\u00e1thanna. Ceaptar gur Katherine Conolly a ph\u00e9inte\u00e1il na radhairc th\u00edrdhreacha ar an gcaibin\u00e9ad laicearaithe timpeall na bliana 1725. Deirtear gur mar bhronntanas d\u00e1 garneacht, Molly Bruton, a rinne s\u00ed \u00e9 sin. N\u00ed raibh aon chlann ar Katherine, ach is \u00ed a thug aire do Molly nuair a fuair a hathair b\u00e1s. Grianghraf le Davison and Associates.<\/p>\n<p>[\/et_pb_text][et_pb_image admin_label=&#8221;Clock&#8221; src=&#8221;http:\/\/castletown.ie\/wp-content\/uploads\/2016\/12\/Musical-Clock-by-Charles-Clay-c.1730.-Davison-and-Associates.jpg&#8221; alt=&#8221;Musical Clock&#8221; title_text=&#8221;Musical Clock&#8221; show_in_lightbox=&#8221;on&#8221; url_new_window=&#8221;off&#8221; use_overlay=&#8221;off&#8221; animation=&#8221;off&#8221; sticky=&#8221;off&#8221; align=&#8221;center&#8221; force_fullwidth=&#8221;off&#8221; always_center_on_mobile=&#8221;on&#8221; use_border_color=&#8221;off&#8221; border_color=&#8221;#ffffff&#8221; border_style=&#8221;solid&#8221; \/][et_pb_text admin_label=&#8221;Text&#8221; background_layout=&#8221;light&#8221; text_orientation=&#8221;left&#8221; use_border_color=&#8221;off&#8221; border_color=&#8221;#ffffff&#8221; border_style=&#8221;solid&#8221;]<\/p>\n<p><strong>Clog Ceoil le Charles Clay, c.1730.<\/strong><\/p>\n<p>Meastar gur Katherine agus William Conolly a thug an clog ceoil t\u00e1bhachtach seo go dt\u00ed Baile an Chaisle\u00e1in. Ba \u00e9 Charles Clay, pr\u00edomhdh\u00e9ant\u00f3ir clog le Bord na nOibreacha Poibl\u00ed i Londain a rinne an clog. T\u00e1thar den tuairim nach bhfuil aon chlog eile d\u00e1 leith\u00e9id in \u00c9irinn. Is f\u00e9idir an ceol binn uaidh a chloiste\u00e1il timpeall na coda sin den teach. Grianghraf le Davison and Associates.<\/p>\n<p>[\/et_pb_text][\/et_pb_column][\/et_pb_row][\/et_pb_section][et_pb_section bb_built=&#8221;1&#8243; admin_label=&#8221;Section&#8221; fullwidth=&#8221;on&#8221; specialty=&#8221;off&#8221;][et_pb_fullwidth_image admin_label=&#8221;Fullwidth Image&#8221; src=&#8221;http:\/\/castletown.ie\/wp-content\/uploads\/2016\/12\/Castletown-Nov-2010-39.-Davision-and-Associates.jpg&#8221; show_in_lightbox=&#8221;off&#8221; url_new_window=&#8221;off&#8221; use_overlay=&#8221;off&#8221; animation=&#8221;off&#8221; use_border_color=&#8221;off&#8221; border_color=&#8221;#ffffff&#8221; border_style=&#8221;solid&#8221; \/][\/et_pb_section]<\/p>\n","protected":false},"excerpt":{"rendered":"<p>Liosta Pearsanta de Sheoda Luachmhara Is \u00ed an saineola\u00ed caomhnaithe Linda Kearns at\u00e1 freagrach as aire a thabhairt do chnuasach Bhaile an Chaisle\u00e1in. Le breis is deich mbliana anuas t\u00e1 [&hellip;]<\/p>\n","protected":false},"author":12,"featured_media":0,"parent":0,"menu_order":0,"comment_status":"closed","ping_status":"closed","template":"","meta":{"_et_pb_use_builder":"on","_et_pb_old_content":"","_et_gb_content_width":"","footnotes":""},"class_list":["post-6776","page","type-page","status-publish","hentry"],"_links":{"self":[{"href":"https:\/\/castletown.ie\/ga\/wp-json\/wp\/v2\/pages\/6776","targetHints":{"allow":["GET"]}}],"collection":[{"href":"https:\/\/castletown.ie\/ga\/wp-json\/wp\/v2\/pages"}],"about":[{"href":"https:\/\/castletown.ie\/ga\/wp-json\/wp\/v2\/types\/page"}],"author":[{"embeddable":true,"href":"https:\/\/castletown.ie\/ga\/wp-json\/wp\/v2\/users\/12"}],"replies":[{"embeddable":true,"href":"https:\/\/castletown.ie\/ga\/wp-json\/wp\/v2\/comments?post=6776"}],"version-history":[{"count":2,"href":"https:\/\/castletown.ie\/ga\/wp-json\/wp\/v2\/pages\/6776\/revisions"}],"predecessor-version":[{"id":6778,"href":"https:\/\/castletown.ie\/ga\/wp-json\/wp\/v2\/pages\/6776\/revisions\/6778"}],"wp:attachment":[{"href":"https:\/\/castletown.ie\/ga\/wp-json\/wp\/v2\/media?parent=6776"}],"curies":[{"name":"wp","href":"https:\/\/api.w.org\/{rel}","templated":true}]}}