{"id":6780,"date":"2016-12-21T15:23:41","date_gmt":"2016-12-21T15:23:41","guid":{"rendered":"http:\/\/castletown.ie\/research\/"},"modified":"2024-04-08T13:06:35","modified_gmt":"2024-04-08T12:06:35","slug":"research","status":"publish","type":"page","link":"https:\/\/castletown.ie\/ga\/research\/","title":{"rendered":"Taighde"},"content":{"rendered":"<p>[et_pb_section bb_built=&#8221;1&#8243; admin_label=&#8221;Section&#8221; fullwidth=&#8221;on&#8221; specialty=&#8221;off&#8221;][et_pb_fullwidth_header admin_label=&#8221;Fullwidth Header&#8221; title=&#8221;Taighde&#8221; background_layout=&#8221;dark&#8221; text_orientation=&#8221;center&#8221; header_fullscreen=&#8221;on&#8221; header_scroll_down=&#8221;on&#8221; background_url=&#8221;http:\/\/castletown.ie\/wp-content\/uploads\/2016\/12\/6-Castletown-House.-National-Monuments-Service-Dept.-of-Arts-Heritage-Regional-Rural-and-Gaeltacht-Affairs.jpg&#8221; background_overlay_color=&#8221;rgba(0,0,0,0.33)&#8221; parallax=&#8221;off&#8221; parallax_method=&#8221;off&#8221; content_orientation=&#8221;center&#8221; image_orientation=&#8221;center&#8221; title_font_size=&#8221;50px&#8221; custom_button_one=&#8221;off&#8221; button_one_letter_spacing=&#8221;0&#8243; button_one_use_icon=&#8221;default&#8221; button_one_icon_placement=&#8221;right&#8221; button_one_on_hover=&#8221;on&#8221; button_one_letter_spacing_hover=&#8221;0&#8243; custom_button_two=&#8221;off&#8221; button_two_letter_spacing=&#8221;0&#8243; button_two_use_icon=&#8221;default&#8221; button_two_icon_placement=&#8221;right&#8221; button_two_on_hover=&#8221;on&#8221; button_two_letter_spacing_hover=&#8221;0&#8243; scroll_down_icon=&#8221;%%0%%&#8221; scroll_down_icon_size=&#8221;25px&#8221; subhead=&#8221;Foilseach\u00e1in Nua ar F\u00e1il le Ceannach \u00f3 Shiopa Leabhar Bhaile an Chaisle\u00e1in&#8221; subhead_font_size=&#8221;23px&#8221; \/][\/et_pb_section][et_pb_section bb_built=&#8221;1&#8243; admin_label=&#8221;Section&#8221; fullwidth=&#8221;off&#8221; specialty=&#8221;off&#8221;][et_pb_row admin_label=&#8221;Row&#8221;][et_pb_column type=&#8221;4_4&#8243;][et_pb_text admin_label=&#8221;An Active Research Programme &#8230; Text&#8221; background_layout=&#8221;light&#8221; text_orientation=&#8221;left&#8221; use_border_color=&#8221;off&#8221; border_color=&#8221;#ffffff&#8221; border_style=&#8221;solid&#8221;]<\/p>\n<h3>Cl\u00e1r Taighde Gn\u00edomhach<\/h3>\n<p>Is \u00e9 \u00e1r misean ag Baile an Chaisle\u00e1in an l\u00e1ithre\u00e1n stairi\u00fail seo agus a bhfuil ann \u2018a chaomhn\u00fa, a chosaint agus a choinne\u00e1il ar iontaobhas\u2019 \u2018de r\u00e9ir a dt\u00e1bhacht agus a bhfeidhmeanna n\u00e1isi\u00fanta\u2019. Tr\u00ed oibri\u00fa go dl\u00fath le hIontaobhas Bhaile an Chaisle\u00e1in mar aon le Cartlann agus L\u00e1rionad Taighde OOP-Ollscoil Mhaigh Nuad lonnaithe i mBaile an Chaisle\u00e1in, t\u00e1 i gceist againn taighde at\u00e1 bunaithe ar na bunfhoins\u00ed a threor\u00fa agus a fhorbairt sa chaoi go mbeidh \u00e1r leabhair, bileoga, taispe\u00e1ntais agus turais threoraithe chomh saibhir agus chomh taitneamhach agus is f\u00e9idir. Creidimid go mbeimid n\u00edos \u00e1balta an sainchomhartha iontach seo a chaomhn\u00fa, a l\u00e9irmh\u00edni\u00fa agus a thabhairt chun solais m\u00e1 thuigimid n\u00edos fearr \u00e1r l\u00e1ithre\u00e1n agus na d\u00e9ant\u00fas\u00e1in at\u00e1 ann, chun tairbhe na t\u00edre agus an iliomad cuairteoir\u00ed a gcuirimid f\u00e1ilte rompu gach bliain.<\/p>\n<p>T\u00e1 foilseach\u00e1in \u00e9ags\u00fala a d\u2019eascair \u00f3 thaispe\u00e1ntais agus \u00f3 thogra\u00ed taighde san am at\u00e1 thart i mBaile an Chaisle\u00e1in le feice\u00e1il th\u00edos.<\/p>\n<p>[\/et_pb_text][\/et_pb_column][\/et_pb_row][et_pb_row admin_label=&#8221;Row&#8221;][et_pb_column type=&#8221;1_3&#8243;][et_pb_image admin_label=&#8221;Casa Image&#8221; src=&#8221;http:\/\/castletown.ie\/wp-content\/uploads\/2016\/12\/Gorman_Casa.jpg&#8221; show_in_lightbox=&#8221;on&#8221; url_new_window=&#8221;off&#8221; use_overlay=&#8221;off&#8221; animation=&#8221;off&#8221; sticky=&#8221;off&#8221; align=&#8221;center&#8221; force_fullwidth=&#8221;off&#8221; always_center_on_mobile=&#8221;on&#8221; use_border_color=&#8221;off&#8221; border_color=&#8221;#ffffff&#8221; border_style=&#8221;solid&#8221; \/][et_pb_text admin_label=&#8221;Text&#8221; background_layout=&#8221;light&#8221; text_orientation=&#8221;left&#8221; use_border_color=&#8221;off&#8221; border_color=&#8221;#ffffff&#8221; border_style=&#8221;solid&#8221;]<\/p>\n<h4>Richard Gorman, CASA<\/h4>\n<p>OOP a d\u2019fhoilsigh, 2016<br \/>\nISBN 978-1-4064-2936-7<\/p>\n<p>R\u00e9it\u00edodh an chatal\u00f3g seo le teacht amach ag an am c\u00e9anna le taispe\u00e1ntas Richard Gorman, Casa, ag Teach Bhaile an Chaisle\u00e1in in 2016. T\u00e1 r\u00e9amhr\u00e1 \u00f3 Mary Heffernan (OOP) le f\u00e1il sa chatal\u00f3g chomh maith le haiste \u00f3 Jennifer Goff, Coime\u00e1da\u00ed Trosc\u00e1n, Airgid, Ceoil, Uirlis\u00ed Eola\u00edochta agus Bhaili\u00fach\u00e1n Eileen Gray in Ard-Mh\u00fasaem na h\u00c9ireann. <\/p>\n<p>T\u00e1 an chatal\u00f3g seo le ceannach ag deasc na dtic\u00e9ad i dTeach Bhaile an Chaisle\u00e1in ar \u20ac20.<\/p>\n<p>[\/et_pb_text][et_pb_image admin_label=&#8221;Children Image&#8221; src=&#8221;http:\/\/castletown.ie\/wp-content\/uploads\/2016\/12\/the-children-of-Castletown_S.-Conolly-Carew.jpg&#8221; show_in_lightbox=&#8221;on&#8221; url_new_window=&#8221;off&#8221; use_overlay=&#8221;off&#8221; animation=&#8221;off&#8221; sticky=&#8221;off&#8221; align=&#8221;center&#8221; force_fullwidth=&#8221;off&#8221; always_center_on_mobile=&#8221;on&#8221; use_border_color=&#8221;off&#8221; border_color=&#8221;#ffffff&#8221; border_style=&#8221;solid&#8221; \/][et_pb_text admin_label=&#8221;Text&#8221; background_layout=&#8221;light&#8221; text_orientation=&#8221;left&#8221; use_border_color=&#8221;off&#8221; border_color=&#8221;#ffffff&#8221; border_style=&#8221;solid&#8221;]<\/p>\n<h4>The Children of Castletown House<\/h4>\n<p>Le Sarah Conolly-Carew<br \/>\nThe History Press Ireland a d\u2019fhoilsigh, 2012<br \/>\nISBN: 978-1-84588-857-2<br \/>\nPraghas: \u20ac16.20 (ceannaigh ar l\u00edne <a href=\"https:\/\/www.thehistorypress.co.uk\/publication\/the-children-of-castletown-house\/9781845888572\/\" target=\"_blank\" rel=\"noopener noreferrer\">anseo<\/a>)<\/p>\n<p>Ba \u00e9 Teach Bhaile an Chaisle\u00e1in an \u00e1itreabh pr\u00edobh\u00e1ideach ba mh\u00f3 in \u00c9irinn tr\u00e1th, s\u00e1rtheach m\u00f3r sa st\u00edl Phallaidiach a raibh ar chomhch\u00e9im chumhachta le Baile \u00c1tha Cliath ar feadh tr\u00e9imhse. Is \u00e9 seo sc\u00e9al f\u00edorsp\u00e9isi\u00fail an cheathrar leana\u00ed a d\u2019fh\u00e1s suas agus Baile an Chaisle\u00e1in mar bhaile acu, mar a chuireann duine de na leana\u00ed c\u00e9anna s\u00edos air.<\/p>\n<p>[\/et_pb_text][\/et_pb_column][et_pb_column type=&#8221;1_3&#8243;][et_pb_image admin_label=&#8221;Decorative Arts Image&#8221; src=&#8221;http:\/\/castletown.ie\/wp-content\/uploads\/2016\/12\/Decorative-Arts.jpg&#8221; show_in_lightbox=&#8221;on&#8221; url_new_window=&#8221;off&#8221; use_overlay=&#8221;off&#8221; animation=&#8221;off&#8221; sticky=&#8221;off&#8221; align=&#8221;center&#8221; force_fullwidth=&#8221;off&#8221; always_center_on_mobile=&#8221;on&#8221; use_border_color=&#8221;off&#8221; border_color=&#8221;#ffffff&#8221; border_style=&#8221;solid&#8221; \/][et_pb_text admin_label=&#8221;Text&#8221; background_layout=&#8221;light&#8221; text_orientation=&#8221;left&#8221; use_border_color=&#8221;off&#8221; border_color=&#8221;#ffffff&#8221; border_style=&#8221;solid&#8221;]<\/p>\n<h4>Castletown: Decorative Arts<\/h4>\n<p>Elizabeth Mayes a chuir in eagar<br \/>\nOOP a d\u2019fhoilsigh, 2011<br \/>\nISBN: 2011\u2028ISBN (cl\u00fadach bog) 978-1-4064-2637-3<\/p>\n<p>T\u00e1 baili\u00fach\u00e1n t\u00e1bhachtach de phicti\u00fair, de throsc\u00e1n agus de dh\u00e9ant\u00fas\u00e1in, go leor acu bainteach leis an teach f\u00e9in, le f\u00e1il i mBaile an Chaisle\u00e1in, ceann de na tithe m\u00f3ra is bre\u00e1tha sa st\u00edl Phallaidiach in \u00c9irinn agus l\u00e1thair an-suntasach d\u2019\u00c9irinn agus do gach aon duine a bhfuil sp\u00e9is acu in eala\u00edn agus in ailtireacht na hEorpa. T\u00e1 an taighde is d\u00e9ana\u00ed ag roinnt scol\u00e1ir\u00ed m\u00f3r le r\u00e1 le f\u00e1il sa chatal\u00f3g seo de na picti\u00fair, den trosc\u00e1n, agus de na heala\u00edona maisi\u00fala at\u00e1 le f\u00e1il i mBaile an Chaisle\u00e1in. Is c\u00e9im mh\u00f3r chun cinn i staid\u00e9ar na dtithe m\u00f3ra in \u00c9irinn an saothar seo agus beidh s\u00e9 ina \u00e1is bhuan do staraithe s\u00f3isialta agus d\u00f3ibh si\u00fad go l\u00e9ir ar sp\u00e9is leo oidhreacht chult\u00fartha na h\u00c9ireann.<\/p>\n<p>T\u00e1 an leabhar seo le ceannach ag deasc na dtic\u00e9ad i dTeach Bhaile an Chaisle\u00e1in ar \u20ac30.<\/p>\n<p>[\/et_pb_text][et_pb_image admin_label=&#8221;Music Image&#8221; src=&#8221;http:\/\/castletown.ie\/wp-content\/uploads\/2016\/12\/SetRatioSize745550-mullaney-dignam-castletown.jpg&#8221; show_in_lightbox=&#8221;on&#8221; url_new_window=&#8221;off&#8221; use_overlay=&#8221;off&#8221; animation=&#8221;off&#8221; sticky=&#8221;off&#8221; align=&#8221;center&#8221; force_fullwidth=&#8221;off&#8221; always_center_on_mobile=&#8221;on&#8221; use_border_color=&#8221;off&#8221; border_color=&#8221;#ffffff&#8221; border_style=&#8221;solid&#8221; \/][et_pb_text admin_label=&#8221;Text&#8221; background_layout=&#8221;light&#8221; text_orientation=&#8221;left&#8221; use_border_color=&#8221;off&#8221; border_color=&#8221;#ffffff&#8221; border_style=&#8221;solid&#8221;]<\/p>\n<h4>Music and dancing at Castletown, Co. Kildare, 1759\u20131821<\/h4>\n<p>Le Karol Mullaney-Dignam<br \/>\nFour Courts Press a d\u2019fhoilsigh, 2011<br \/>\nISBN: 978-1-84682-296-4<br \/>\nPraghas: \u20ac8.95 (ceannaigh ar l\u00edne <a href=\"http:\/\/www.fourcourtspress.ie\/books\/archives\/music-and-dancing-at-castletown-co-kildare-17591821\/\" target=\"_blank\" rel=\"noopener noreferrer\">anseo<\/a>)<\/p>\n<p>Bh\u00ed Baile an Chaisle\u00e1in, in aice Chill Droichid i gCo. Chill Dara, mar theach ag an R\u00f3-On\u00f3rach Thomas Conolly agus a bhean ch\u00e9ile an Bhantiarna Louisa (n\u00e9e Lennox). Mar l\u00e1n\u00fain th\u00e1bhachtach de shliocht na n-uasal ba ghn\u00e1ch le muintir Conolly a bheith ag freastal ar na h\u00f3c\u00e1id\u00ed s\u00f3isialta ba ghal\u00e1nta i mBaile \u00c1tha Cliath agus i Londain. Bh\u00ed a n-\u00e1itreabh iontach ina l\u00e1rionad caidreamhachta faiseanta, ina raibh \u00e1it l\u00e1rnach ag an gceol agus an damhsa. Tugann an scr\u00fad\u00fa l\u00e9annta seo ar an gceol agus an damhsa mar ghn\u00e9ithe den chaidreamhacht, den tsiamsa\u00edocht agus den oideachas sa bhaile l\u00e9argas nua ar fhoirm, feidhm agus feisti\u00fa an t\u00ed mh\u00f3ir Sheoirseach in \u00c9irinn.<\/p>\n<p>[\/et_pb_text][\/et_pb_column][et_pb_column type=&#8221;1_3&#8243;][et_pb_image admin_label=&#8221;Walsh Image&#8221; src=&#8221;http:\/\/castletown.ie\/wp-content\/uploads\/2016\/12\/Walsh.jpg&#8221; show_in_lightbox=&#8221;on&#8221; url_new_window=&#8221;off&#8221; use_overlay=&#8221;off&#8221; animation=&#8221;off&#8221; sticky=&#8221;off&#8221; align=&#8221;center&#8221; force_fullwidth=&#8221;off&#8221; always_center_on_mobile=&#8221;on&#8221; use_border_color=&#8221;off&#8221; border_color=&#8221;#ffffff&#8221; border_style=&#8221;solid&#8221; \/][et_pb_text admin_label=&#8221;Text&#8221; background_layout=&#8221;light&#8221; text_orientation=&#8221;left&#8221; use_border_color=&#8221;off&#8221; border_color=&#8221;#ffffff&#8221; border_style=&#8221;solid&#8221;]<\/p>\n<h4>Castletown, Co. Kildare<\/h4>\n<p>Patrick Walsh<br \/>\nOOP a d\u2019fhoilsigh, 2007<br \/>\nISBN: 978-0-7557-7550-7<br \/>\nPraghas: \u20ac8<\/p>\n<p>Tugann an treoirleabhar seo do Bhaile an Chaisle\u00e1in \u00f3 pheann an stara\u00ed Patrick Walsh l\u00e9argas iontach ar stair an t\u00ed mh\u00f3ir. Tugtar m\u00edni\u00fa ar na gn\u00e9ithe is t\u00e1bhachta\u00ed den teach, seomra ar sheomra, agus pl\u00e9itear chomh maith na s\u00e9adchomhartha\u00ed san fhearann p\u00e1irce deartha mar aon le Baois Conolly agus an Iothlainn Aisteach.<\/p>\n<p>[\/et_pb_text][et_pb_image admin_label=&#8221;Landscape Image&#8221; src=&#8221;http:\/\/castletown.ie\/wp-content\/uploads\/2016\/12\/landscape-design-in-eighteenth-century-ireland_2_525_515_s.jpg&#8221; show_in_lightbox=&#8221;on&#8221; url_new_window=&#8221;off&#8221; use_overlay=&#8221;off&#8221; animation=&#8221;off&#8221; sticky=&#8221;off&#8221; align=&#8221;center&#8221; force_fullwidth=&#8221;off&#8221; always_center_on_mobile=&#8221;on&#8221; use_border_color=&#8221;off&#8221; border_color=&#8221;#ffffff&#8221; border_style=&#8221;solid&#8221; \/][et_pb_text admin_label=&#8221;Text&#8221; background_layout=&#8221;light&#8221; text_orientation=&#8221;left&#8221; use_border_color=&#8221;off&#8221; border_color=&#8221;#ffffff&#8221; border_style=&#8221;solid&#8221;]<\/p>\n<h4>Landscape Design in Eighteenth-Century Ireland: Mixing Foreign Trees with the Natives<\/h4>\n<p>Le Finola O\u2019Kane<br \/>\nCork UP a d\u2019fhoilsigh, 2004<br \/>\nISBN: 978-1859183625<\/p>\n<p>Mionstaid\u00e9ar bunaidh ar th\u00edrdhreacha i bP\u00e1il Bhaile \u00c1tha Cliath agus thart timpeall uirthi sa seacht\u00fa agus san ocht\u00fa haois d\u00e9ag mar aon le cuntas ar ghaird\u00edn\u00ed an cheantair agus spl\u00e9achadh ar na c\u00faiseanna aeist\u00e9iti\u00fala, polaiti\u00fala agus eacnama\u00edochta a thug ar a n-\u00fain\u00e9ir\u00ed iad a chruth\u00fa. Cuireann Finola O\u2019Kane stair iontach f\u00edsi\u00fail de na heast\u00e1it in\u00e1r l\u00e1thair, neartaithe lena hanail\u00eds bheacht ar a bhfuil f\u00e1gtha de na t\u00edrdhreacha bunaidh inniu. T\u00e1 na dosaenacha l\u00e9arsc\u00e1ileanna, pleananna, uiscedhathanna agus picti\u00far mar mhaisi\u00fa ar an sruth saibhir taighde sa leabhar seo.<\/p>\n<p>[\/et_pb_text][et_pb_image admin_label=&#8221;Aristocrats Image&#8221; src=&#8221;http:\/\/castletown.ie\/wp-content\/uploads\/2016\/12\/41TToCLHvL.jpg&#8221; show_in_lightbox=&#8221;on&#8221; url_new_window=&#8221;off&#8221; use_overlay=&#8221;off&#8221; animation=&#8221;off&#8221; sticky=&#8221;off&#8221; align=&#8221;center&#8221; force_fullwidth=&#8221;off&#8221; always_center_on_mobile=&#8221;on&#8221; use_border_color=&#8221;off&#8221; border_color=&#8221;#ffffff&#8221; border_style=&#8221;solid&#8221; \/][et_pb_text admin_label=&#8221;Text&#8221; background_layout=&#8221;light&#8221; text_orientation=&#8221;left&#8221; use_border_color=&#8221;off&#8221; border_color=&#8221;#ffffff&#8221; border_style=&#8221;solid&#8221;]<\/p>\n<h4>Aristocrats: Caroline, Emily, Louisa and Sarah Lennox, 1740 \u2013 1832<\/h4>\n<p>Le Stella Tillyard<br \/>\nVintage a d\u2019fhoilsigh, 1995<\/p>\n<p>Tugann leabhar m\u00f3rdh\u00edola Stella Tillyard \u2013 a ndearnadh mionsraith BBC d\u00f3 in 1999 \u2013 l\u00e9argas f\u00edorsp\u00e9isi\u00fail ar shaol na n-uasal san ocht\u00fa haois d\u00e9ag sa staid\u00e9ar seo ar bheatha\u00ed an cheathrar deirfi\u00faracha Lennox, in\u00edonacha garph\u00e1iste de Charles II. Tagann guthanna na ndeirfi\u00faracha Lennox chugainn go d\u00edreach agus go tr\u00e9an, iad paiseanta, greannmhar agus corraitheach. Tarraing\u00edtear an l\u00e9itheoir isteach ina ndomhan si\u00fad, rud a fh\u00e1gann gur seo ceann de na sc\u00e9alta stairi\u00fala is fearr a th\u00e1inig amach le blianta fada.<\/p>\n<p>[\/et_pb_text][\/et_pb_column][\/et_pb_row][\/et_pb_section][et_pb_section bb_built=&#8221;1&#8243; admin_label=&#8221;Section&#8221; fullwidth=&#8221;on&#8221; specialty=&#8221;off&#8221;][et_pb_fullwidth_image admin_label=&#8221;Fullwidth Image&#8221; src=&#8221;http:\/\/castletown.ie\/wp-content\/uploads\/2017\/01\/Nicola-Kelly-Archivist-conserves-the-collections-in-the-Archive-and-arranges-access-for-scholars-to-use-the-material.-Mark-Reddy-Trinity-Digital-Studios.-OPW..jpg&#8221; show_in_lightbox=&#8221;off&#8221; url_new_window=&#8221;off&#8221; use_overlay=&#8221;off&#8221; animation=&#8221;off&#8221; use_border_color=&#8221;off&#8221; border_color=&#8221;#ffffff&#8221; border_style=&#8221;solid&#8221; \/][\/et_pb_section]<\/p>\n","protected":false},"excerpt":{"rendered":"<p>Cl\u00e1r Taighde Gn\u00edomhach Is \u00e9 \u00e1r misean ag Baile an Chaisle\u00e1in an l\u00e1ithre\u00e1n stairi\u00fail seo agus a bhfuil ann \u2018a chaomhn\u00fa, a chosaint agus a choinne\u00e1il ar iontaobhas\u2019 \u2018de r\u00e9ir [&hellip;]<\/p>\n","protected":false},"author":12,"featured_media":0,"parent":0,"menu_order":0,"comment_status":"closed","ping_status":"closed","template":"","meta":{"_et_pb_use_builder":"on","_et_pb_old_content":"","_et_gb_content_width":"","footnotes":""},"class_list":["post-6780","page","type-page","status-publish","hentry"],"_links":{"self":[{"href":"https:\/\/castletown.ie\/ga\/wp-json\/wp\/v2\/pages\/6780","targetHints":{"allow":["GET"]}}],"collection":[{"href":"https:\/\/castletown.ie\/ga\/wp-json\/wp\/v2\/pages"}],"about":[{"href":"https:\/\/castletown.ie\/ga\/wp-json\/wp\/v2\/types\/page"}],"author":[{"embeddable":true,"href":"https:\/\/castletown.ie\/ga\/wp-json\/wp\/v2\/users\/12"}],"replies":[{"embeddable":true,"href":"https:\/\/castletown.ie\/ga\/wp-json\/wp\/v2\/comments?post=6780"}],"version-history":[{"count":3,"href":"https:\/\/castletown.ie\/ga\/wp-json\/wp\/v2\/pages\/6780\/revisions"}],"predecessor-version":[{"id":10849,"href":"https:\/\/castletown.ie\/ga\/wp-json\/wp\/v2\/pages\/6780\/revisions\/10849"}],"wp:attachment":[{"href":"https:\/\/castletown.ie\/ga\/wp-json\/wp\/v2\/media?parent=6780"}],"curies":[{"name":"wp","href":"https:\/\/api.w.org\/{rel}","templated":true}]}}