{"id":6783,"date":"2016-12-21T16:06:18","date_gmt":"2016-12-21T16:06:18","guid":{"rendered":"http:\/\/castletown.ie\/schools\/"},"modified":"2023-07-17T14:46:02","modified_gmt":"2023-07-17T13:46:02","slug":"schools","status":"publish","type":"page","link":"https:\/\/castletown.ie\/ga\/schools\/","title":{"rendered":"Scoileanna"},"content":{"rendered":"<p>[et_pb_section bb_built=&#8221;1&#8243; admin_label=&#8221;Section&#8221; fullwidth=&#8221;on&#8221; specialty=&#8221;off&#8221;][et_pb_fullwidth_header admin_label=&#8221;Fullwidth Header&#8221; title=&#8221;Scoileanna&#8221; background_layout=&#8221;dark&#8221; text_orientation=&#8221;center&#8221; header_fullscreen=&#8221;on&#8221; header_scroll_down=&#8221;on&#8221; background_url=&#8221;http:\/\/castletown.ie\/wp-content\/uploads\/2016\/12\/1-Mrs-Fitzsimons-class-scoil-na-mainistreach.jpg&#8221; background_overlay_color=&#8221;rgba(0,0,0,0.33)&#8221; parallax=&#8221;off&#8221; parallax_method=&#8221;off&#8221; content_orientation=&#8221;center&#8221; image_orientation=&#8221;center&#8221; title_font_size=&#8221;50px&#8221; custom_button_one=&#8221;off&#8221; button_one_letter_spacing=&#8221;0&#8243; button_one_use_icon=&#8221;default&#8221; button_one_icon_placement=&#8221;right&#8221; button_one_on_hover=&#8221;on&#8221; button_one_letter_spacing_hover=&#8221;0&#8243; custom_button_two=&#8221;off&#8221; button_two_letter_spacing=&#8221;0&#8243; button_two_use_icon=&#8221;default&#8221; button_two_icon_placement=&#8221;right&#8221; button_two_on_hover=&#8221;on&#8221; button_two_letter_spacing_hover=&#8221;0&#8243; scroll_down_icon=&#8221;%%0%%&#8221; scroll_down_icon_size=&#8221;25px&#8221; subhead=&#8221;Beala\u00ed \u00c9ags\u00fala le Bheith ag Pl\u00e9 len\u00e1r mBaili\u00fach\u00e1n&#8221; subhead_font_size=&#8221;23px&#8221; \/][\/et_pb_section][et_pb_section bb_built=&#8221;1&#8243; admin_label=&#8221;Section&#8221; fullwidth=&#8221;off&#8221; specialty=&#8221;off&#8221;][et_pb_row admin_label=&#8221;Row&#8221;][et_pb_column type=&#8221;1_2&#8243;][et_pb_text admin_label=&#8221;Free Guided Tours&#8230; Text&#8221; background_layout=&#8221;light&#8221; text_orientation=&#8221;left&#8221; use_border_color=&#8221;off&#8221; border_color=&#8221;#ffffff&#8221; border_style=&#8221;solid&#8221;]<\/p>\n<h3>Turais Threoraithe Saor in Aisce<\/h3>\n<p>\u00d3 thurais threoraithe go dt\u00ed ceardlanna praitici\u00fala go dt\u00ed an taispe\u00e1ntas s\u00edor-athraitheach, is an-\u00e1it \u00e9 Teach Bhaile an Chaisle\u00e1in chun dalta\u00ed a thabhairt ar mhaithe le foghlaim spreag\u00fail.<\/p>\n<p>T\u00e1 turais threoraithe den bhaili\u00fach\u00e1n agus de na taispe\u00e1ntais i mBaile an Chaisle\u00e1in ar f\u00e1il saor in aisce do bhunscoileanna agus do mhe\u00e1nscoileanna. Chun turas a chur in \u00e1irithe n\u00f3 chun tuilleadh eolais a fh\u00e1il <a href=\"http:\/\/castletown.ie\/ga\/contact-us\/\">b\u00ed i dteagmh\u00e1il linn<\/a> le do thoil.<\/p>\n<p>[\/et_pb_text][\/et_pb_column][et_pb_column type=&#8221;1_2&#8243;][et_pb_text admin_label=&#8221;Notes for Teachers Text&#8221; background_layout=&#8221;light&#8221; text_orientation=&#8221;left&#8221; use_border_color=&#8221;off&#8221; border_color=&#8221;#ffffff&#8221; border_style=&#8221;solid&#8221;]<\/p>\n<h3>N\u00f3ta\u00ed do Mh\u00fainteoir\u00ed<\/h3>\n<p>T\u00e1 an deis agat cuairt a thabhairt ar an teach agus an bhfearann mar aoi d\u00e1r gcuidne sula nd\u00e9anann do ghr\u00fapa scoile amhlaidh. Tabharfaimid cuairt amh\u00e1in saor in aisce in aghaidh an \u00e1irithint ghr\u00fapa (roimh dh\u00e1ta na h\u00e1irithinte) sa chaoi is go mbeidh t\u00fa \u00e1balta do thuras a eagr\u00fa.<\/p>\n<p>Cabhraigh linn aire a thabhairt don teach agus an don inneachar le linn thurais scoile tr\u00ed mhaoirseacht a dh\u00e9anamh ar na dalta\u00ed agus iad sa teach. Tabhair faoi deara le do thoil, nach f\u00e9idir ach pinn luaidhe amh\u00e1in a \u00fas\u00e1id le bileoga oibre \u2013 n\u00edl cead rubair a \u00fas\u00e1id mar f\u00e1gann siad rian cuimilte ar chairp\u00e9id n\u00f3 trosc\u00e1n. N\u00e1 d\u00e9an dearmad mios\u00far a thabhairt leat m\u00e1 t\u00e1 mod\u00fal Chonair na Mata don 5\u00fa agus 6\u00fa rang \u00e1 \u00fas\u00e1id agat.<\/p>\n<p>[\/et_pb_text][\/et_pb_column][\/et_pb_row][et_pb_row admin_label=&#8221;Row&#8221;][et_pb_column type=&#8221;4_4&#8243;][et_pb_divider admin_label=&#8221;Divider&#8221; color=&#8221;#5b5b5b&#8221; show_divider=&#8221;on&#8221; divider_style=&#8221;solid&#8221; divider_position=&#8221;top&#8221; hide_on_mobile=&#8221;off&#8221; \/][\/et_pb_column][\/et_pb_row][et_pb_row admin_label=&#8221;Row&#8221;][et_pb_column type=&#8221;4_4&#8243;][et_pb_text admin_label=&#8221;Primary Text&#8221; background_layout=&#8221;light&#8221; text_orientation=&#8221;left&#8221; use_border_color=&#8221;off&#8221; border_color=&#8221;#ffffff&#8221; border_style=&#8221;solid&#8221;]<\/p>\n<h3>Bunscoil<\/h3>\n<p>Is \u00e9 Teach Bhaile an Chaisle\u00e1in an teach m\u00f3r sa st\u00edl Phallaidiach is m\u00f3 agus is suntasa\u00ed in \u00c9irinn agus is \u00e1it iontach \u00e9 le dul ar thuras treoraithe. Is f\u00e9idir turas d\u00e1 leith\u00e9id a \u00fas\u00e1id ar bheala\u00ed \u00e9ags\u00fala le tac\u00fa le gn\u00e9ithe de churaclam na bunscoile taobh amuigh de thimpeallacht na scoile. <\/p>\n<p>T\u00e1 na mod\u00fail oideachais a leanas saor in aisce do bhunscoileanna agus ar f\u00e1il anois do mh\u00fainteoir\u00ed le cur in \u00e1irithe i mBaile an Chaisle\u00e1in. T\u00e1 mod\u00fail sa bhreis faoi fhorbairt agus beidh siad ar f\u00e1\u00edl sna m\u00edonna at\u00e1 romhainn.<\/p>\n<p>[\/et_pb_text][\/et_pb_column][\/et_pb_row][et_pb_row admin_label=&#8221;Row&#8221;][et_pb_column type=&#8221;1_3&#8243;][et_pb_blurb admin_label=&#8221;Living History Blurb&#8221; title=&#8221;Spl\u00e9achadh ar an Am at\u00e1 Thart leis an Stair Bheo&#8221; url_new_window=&#8221;off&#8221; use_icon=&#8221;on&#8221; font_icon=&#8221;%%373%%&#8221; icon_color=&#8221;#6cace4&#8243; use_circle=&#8221;off&#8221; circle_color=&#8221;#7EBEC5&#8243; use_circle_border=&#8221;off&#8221; circle_border_color=&#8221;#7EBEC5&#8243; icon_placement=&#8221;top&#8221; animation=&#8221;off&#8221; background_layout=&#8221;light&#8221; text_orientation=&#8221;left&#8221; use_icon_font_size=&#8221;on&#8221; use_border_color=&#8221;off&#8221; border_color=&#8221;#ffffff&#8221; border_style=&#8221;solid&#8221; custom_padding=&#8221;5px|5px|5px|5px&#8221; icon_font_size=&#8221;72px&#8221;]<\/p>\n<p>Sa mhod\u00fal seo cuireann na dalta\u00ed eolas ar an saol a mhair fir, mn\u00e1 agus p\u00e1ist\u00ed \u00f3 aicm\u00ed \u00e9ags\u00fala cult\u00fartha agus s\u00f3isialta. T\u00e1 f\u00edor-eisp\u00e9iris \u00f3n saol \u2018th\u00edos staighre\u2019 chomh maith le \u2018thuas staighre\u2019 san \u00e1ireamh.<\/p>\n<p>T\u00e1 t\u00e9ama an n\u00edoch\u00e1in faoi chaibidil th\u00edos staighre, agus taith\u00ed phraitici\u00fail le f\u00e1il ar an gcl\u00e1r n\u00edoch\u00e1in, an maide measctha agus an f\u00e1iscead\u00e1n. Pl\u00e9ann dalta\u00ed le tuiscint\u00ed maidir leis an lean\u00fanachas agus an t-athr\u00fa tr\u00ed f\u00edor-uirlis\u00ed n\u00edoch\u00e1in \u00f3n stair a \u00fas\u00e1id iad f\u00e9in.<\/p>\n<p>Faigheann na dalta\u00ed taith\u00ed ar an saol thuas staighre tr\u00ed ghl\u00e9asadh in \u00e9adach \u00f3n ocht\u00fa haois d\u00e9ag, tr\u00ed chuairt a thabhairt ar thaobh istigh gal\u00e1nta an t\u00ed agus tr\u00ed fhoghlaim faoi shaolta na bp\u00e1ist\u00ed agus na ndaoine f\u00e1sta a mhair ann tr\u00e1th d\u00e1 raibh.<\/p>\n<p>[\/et_pb_blurb][\/et_pb_column][et_pb_column type=&#8221;1_3&#8243;][et_pb_blurb admin_label=&#8221;Maths Blurb&#8221; title=&#8221;Mata i dTeach \u00f3n Ocht\u00fa hAois D\u00e9ag&#8221; url_new_window=&#8221;off&#8221; use_icon=&#8221;on&#8221; font_icon=&#8221;%%143%%&#8221; icon_color=&#8221;#6cace4&#8243; use_circle=&#8221;off&#8221; circle_color=&#8221;#7EBEC5&#8243; use_circle_border=&#8221;off&#8221; circle_border_color=&#8221;#7EBEC5&#8243; icon_placement=&#8221;top&#8221; animation=&#8221;off&#8221; background_layout=&#8221;light&#8221; text_orientation=&#8221;left&#8221; use_icon_font_size=&#8221;on&#8221; use_border_color=&#8221;off&#8221; border_color=&#8221;#ffffff&#8221; border_style=&#8221;solid&#8221; custom_padding=&#8221;5px|5px|5px|5px&#8221; icon_font_size=&#8221;72px&#8221;]<\/p>\n<p>T\u00e1 Conair\u00ed Mata le lean\u00faint ar fud an t\u00ed anois don 1\u00fa &#038; 2\u00fa, 3\u00fa &#038; 4\u00fa, agus 5\u00fa &#038; 6\u00fa rang. T\u00e1 siad seo leagtha amach ar chaoi a chabhr\u00f3idh le dalta\u00ed teacht isteach ar ghn\u00e9ithe de Bhaile an Chaisle\u00e1in a bhaineann le curaclam an tsiollabais mhata ar bhealach at\u00e1 spra\u00ed\u00fail agus sp\u00e9isi\u00fail.  <\/p>\n<p>Agus Baile an Chaisle\u00e1in mar \u00e1is acu, beidh matamaiticeoir\u00ed \u00f3ga \u00e1balta pl\u00e9 le cruthanna agus sp\u00e1s, meast\u00f3ireacht agus tomhas, chomh maith le c\u00f3d a ionramh\u00e1il chun ainm band\u00e9 Ghr\u00e9agaigh a fh\u00e1il (3\u00fa agus 4\u00fa rang), doirse r\u00fanda a aimsi\u00fa agus dul i dtaith\u00ed ar oidhreacht chult\u00fartha a scr\u00fad\u00fa \u00f3 dhearca\u00ed \u00e9ags\u00fala.<\/p>\n<p><a href=\"http:\/\/castletown.ie\/wp-content\/uploads\/2017\/03\/Maths-Trail-1st-and-2nd-Class-1.pdf\" target=\"_blank\" rel=\"noopener noreferrer\">\u00cdosl\u00f3d\u00e1il an Chonair Mhata don 1\u00fa agus 2\u00fa Rang.<\/a><\/p>\n<p><a href=\"http:\/\/castletown.ie\/wp-content\/uploads\/2017\/03\/Maths-Trail-3rd-and-4th-Class-2.pdf\" target=\"_blank\" rel=\"noopener noreferrer\">\u00cdosl\u00f3d\u00e1il an Chonair Mhata don 3\u00fa agus 4\u00fa Rang.<\/a><\/p>\n<p><a href=\"http:\/\/castletown.ie\/wp-content\/uploads\/2017\/03\/Maths-Trail-5th-and-6th-Class.pdf\" target=\"_blank\" rel=\"noopener noreferrer\">\u00cdosl\u00f3d\u00e1il an Chonair Mhata don 5\u00fa agus 6\u00fa Rang.<\/a><\/p>\n<p>[\/et_pb_blurb][\/et_pb_column][et_pb_column type=&#8221;1_3&#8243;][et_pb_blurb admin_label=&#8221;Nature Trail Blurb&#8221; title=&#8221;Conair Dh\u00falra Fh\u00e9intreoraithe&#8221; url_new_window=&#8221;off&#8221; use_icon=&#8221;on&#8221; font_icon=&#8221;%%124%%&#8221; icon_color=&#8221;#6cace4&#8243; use_circle=&#8221;off&#8221; circle_color=&#8221;#7EBEC5&#8243; use_circle_border=&#8221;off&#8221; circle_border_color=&#8221;#7EBEC5&#8243; icon_placement=&#8221;top&#8221; animation=&#8221;off&#8221; background_layout=&#8221;light&#8221; text_orientation=&#8221;left&#8221; use_icon_font_size=&#8221;on&#8221; use_border_color=&#8221;off&#8221; border_color=&#8221;#ffffff&#8221; border_style=&#8221;solid&#8221; custom_padding=&#8221;5px|5px|5px|5px&#8221; icon_font_size=&#8221;72px&#8221;]<\/p>\n<p>Is f\u00e9idir le dalta\u00ed leas a bhaint as an t\u00edrdhreach \u00e1lainn taobh amuigh den teach mar sheomra ranga faoin aer. Breathna\u00edodh siad thart ar an m\u00f3in\u00e9ar bl\u00e1thanna fi\u00e1ine, an h\u00e1 h\u00e1 n\u00f3 cla\u00ed tochailte ar a mbealach go dt\u00ed an teampall sa ghaird\u00edn n\u00f3, m\u00e1 t\u00e1 an t-am (thart ar 15 n\u00f3im\u00e9ad si\u00fail gach sl\u00ed) a mbealach a dh\u00e9anamh go dt\u00ed an Life ag bun an mh\u00f3in\u00e9ir.<\/p>\n<p>T\u00e1 leabhr\u00e1n don Chonair Dh\u00falra le f\u00e1il ag Teach Bhaile an Chaisle\u00e1in ina bhfuil l\u00e9arsc\u00e1il t\u00edrdhreacha, picti\u00fair agus cur s\u00edos ar bhl\u00e1thanna fi\u00e1ine a chabhr\u00f3idh leat teacht orthu, mar aon le heolas faoi chrainn agus beala\u00ed uisce.<\/p>\n<p>[\/et_pb_blurb][\/et_pb_column][\/et_pb_row][et_pb_row admin_label=&#8221;Row&#8221;][et_pb_column type=&#8221;4_4&#8243;][et_pb_divider admin_label=&#8221;Divider&#8221; color=&#8221;#5b5b5b&#8221; show_divider=&#8221;on&#8221; divider_style=&#8221;solid&#8221; divider_position=&#8221;top&#8221; hide_on_mobile=&#8221;off&#8221; \/][\/et_pb_column][\/et_pb_row][et_pb_row admin_label=&#8221;Row&#8221;][et_pb_column type=&#8221;4_4&#8243;][et_pb_text admin_label=&#8221;Secondary Text&#8221; background_layout=&#8221;light&#8221; text_orientation=&#8221;left&#8221; use_border_color=&#8221;off&#8221; border_color=&#8221;#ffffff&#8221; border_style=&#8221;solid&#8221;]<\/p>\n<h3>Me\u00e1nscoileanna<\/h3>\n<p>Ag Baile an Chaisle\u00e1in cuirimid r\u00e9imse taitneamhach de thurais ar f\u00e1il saor in aisce do dhalta\u00ed me\u00e1nscoile. Is f\u00e9idir na turais a bheith in oiri\u00faint don churaclam agus eolas a bhaineann leis an Teastas S\u00f3isearach agus an Ardteistim\u00e9ireacht a chur san \u00e1ireamh iontu. Is f\u00e9idir le dalta\u00ed at\u00e1 ag tabhairt faoin Teastas S\u00f3isearach foghlaim faoin saol le linn na r\u00e9 Seoirs\u00ed in \u00c9irinn. <\/p>\n<p>Cuirimid turais speisialaithe d\u00e1r mbaili\u00fach\u00e1n eala\u00edne agus d\u00e1r dtaispe\u00e1ntais shealadacha eala\u00edne ar f\u00e1il do dhalta\u00ed at\u00e1 ag d\u00e9anamh staid\u00e9ar ar Stair na hEala\u00edne. Is f\u00e9idir leo foghlaim faoin leagan amach, taispe\u00e1int, coime\u00e1da\u00edocht agus feals\u00fanacht at\u00e1 taobh thiar d\u00e1r gcuid taispe\u00e1ntas. T\u00e1 \u00e1r dtreoraithe inni\u00fail ar phl\u00e9 agus idirbhearta\u00edocht a spreagadh le linn na dturas, rud a chuireann leis an eisp\u00e9ireas do dhalta\u00ed. <\/p>\n<p>T\u00e1 turais threoraithe de Bhaile an Chaisle\u00e1in ar f\u00e1il saor in aisce do mhe\u00e1nscoileanna. Chun turas a chur in \u00e1irithe n\u00f3 chun tuilleadh eolais a fh\u00e1il b\u00ed i dteagmh\u00e1il linn le do thoil.<\/p>\n<p>[\/et_pb_text][\/et_pb_column][\/et_pb_row][\/et_pb_section][et_pb_section bb_built=&#8221;1&#8243; admin_label=&#8221;Section&#8221; fullwidth=&#8221;on&#8221; specialty=&#8221;off&#8221;][et_pb_fullwidth_image admin_label=&#8221;Fullwidth Image&#8221; src=&#8221;http:\/\/castletown.ie\/wp-content\/uploads\/2016\/12\/18-Castletown-House.-Mark-Reddy-Trinity-Digital-Studios.-Office-of-Public-Works.jpg&#8221; show_in_lightbox=&#8221;off&#8221; url_new_window=&#8221;off&#8221; use_overlay=&#8221;off&#8221; animation=&#8221;off&#8221; use_border_color=&#8221;off&#8221; border_color=&#8221;#ffffff&#8221; border_style=&#8221;solid&#8221; \/][\/et_pb_section]<\/p>\n","protected":false},"excerpt":{"rendered":"<p>Turais Threoraithe Saor in Aisce \u00d3 thurais threoraithe go dt\u00ed ceardlanna praitici\u00fala go dt\u00ed an taispe\u00e1ntas s\u00edor-athraitheach, is an-\u00e1it \u00e9 Teach Bhaile an Chaisle\u00e1in chun dalta\u00ed a thabhairt ar mhaithe [&hellip;]<\/p>\n","protected":false},"author":12,"featured_media":0,"parent":0,"menu_order":0,"comment_status":"closed","ping_status":"closed","template":"","meta":{"_et_pb_use_builder":"on","_et_pb_old_content":"","_et_gb_content_width":"","footnotes":""},"class_list":["post-6783","page","type-page","status-publish","hentry"],"_links":{"self":[{"href":"https:\/\/castletown.ie\/ga\/wp-json\/wp\/v2\/pages\/6783","targetHints":{"allow":["GET"]}}],"collection":[{"href":"https:\/\/castletown.ie\/ga\/wp-json\/wp\/v2\/pages"}],"about":[{"href":"https:\/\/castletown.ie\/ga\/wp-json\/wp\/v2\/types\/page"}],"author":[{"embeddable":true,"href":"https:\/\/castletown.ie\/ga\/wp-json\/wp\/v2\/users\/12"}],"replies":[{"embeddable":true,"href":"https:\/\/castletown.ie\/ga\/wp-json\/wp\/v2\/comments?post=6783"}],"version-history":[{"count":3,"href":"https:\/\/castletown.ie\/ga\/wp-json\/wp\/v2\/pages\/6783\/revisions"}],"predecessor-version":[{"id":6786,"href":"https:\/\/castletown.ie\/ga\/wp-json\/wp\/v2\/pages\/6783\/revisions\/6786"}],"wp:attachment":[{"href":"https:\/\/castletown.ie\/ga\/wp-json\/wp\/v2\/media?parent=6783"}],"curies":[{"name":"wp","href":"https:\/\/api.w.org\/{rel}","templated":true}]}}