{"id":6787,"date":"2017-01-04T15:27:32","date_gmt":"2017-01-04T15:27:32","guid":{"rendered":"http:\/\/castletown.ie\/adult-and-community\/"},"modified":"2017-06-13T10:44:57","modified_gmt":"2017-06-13T09:44:57","slug":"adult-and-community","status":"publish","type":"page","link":"https:\/\/castletown.ie\/ga\/adult-and-community\/","title":{"rendered":"Daoine F\u00e1sta agus an Pobal"},"content":{"rendered":"<p>[et_pb_section bb_built=&#8221;1&#8243; admin_label=&#8221;Section&#8221; fullwidth=&#8221;on&#8221; specialty=&#8221;off&#8221;][et_pb_fullwidth_header admin_label=&#8221;Fullwidth Header&#8221; title=&#8221;Daoine F\u00e1sta agus an Pobal&#8221; background_layout=&#8221;dark&#8221; text_orientation=&#8221;center&#8221; header_fullscreen=&#8221;on&#8221; header_scroll_down=&#8221;on&#8221; background_url=&#8221;http:\/\/castletown.ie\/wp-content\/uploads\/2017\/01\/4-Castletown-House.-Office-of-Public-Works-1.jpg&#8221; background_overlay_color=&#8221;rgba(0,0,0,0.33)&#8221; parallax=&#8221;off&#8221; parallax_method=&#8221;off&#8221; content_orientation=&#8221;center&#8221; image_orientation=&#8221;center&#8221; title_font_size=&#8221;50px&#8221; custom_button_one=&#8221;off&#8221; button_one_letter_spacing=&#8221;0&#8243; button_one_use_icon=&#8221;default&#8221; button_one_icon_placement=&#8221;right&#8221; button_one_on_hover=&#8221;on&#8221; button_one_letter_spacing_hover=&#8221;0&#8243; custom_button_two=&#8221;off&#8221; button_two_letter_spacing=&#8221;0&#8243; button_two_use_icon=&#8221;default&#8221; button_two_icon_placement=&#8221;right&#8221; button_two_on_hover=&#8221;on&#8221; button_two_letter_spacing_hover=&#8221;0&#8243; scroll_down_icon=&#8221;%%0%%&#8221; scroll_down_icon_size=&#8221;25px&#8221; subhead=&#8221;Imeachta\u00ed Spreag\u00fala d\u2019Fhoghlaimeoir\u00ed F\u00e1sta le Sp\u00e9iseanna \u00c9ags\u00fala.&#8221; subhead_font_size=&#8221;23px&#8221; \/][\/et_pb_section][et_pb_section bb_built=&#8221;1&#8243; admin_label=&#8221;Section&#8221; fullwidth=&#8221;off&#8221; specialty=&#8221;off&#8221;][et_pb_row admin_label=&#8221;Row&#8221;][et_pb_column type=&#8221;4_4&#8243;][et_pb_text admin_label=&#8221;Introduction Text&#8221; background_layout=&#8221;light&#8221; text_orientation=&#8221;left&#8221; use_border_color=&#8221;off&#8221; border_color=&#8221;#ffffff&#8221; border_style=&#8221;solid&#8221;]<\/p>\n<p>T\u00e1 cl\u00e1r imeachta\u00ed f\u00edorsp\u00e9isi\u00fail ar bun i gc\u00f3na\u00ed ag Baile an Chaisle\u00e1in d\u2019fhoghlaimeoir\u00ed f\u00e1sta le sp\u00e9iseanna \u00e9ags\u00fala. T\u00e1 cainteanna, si\u00fal\u00f3id\u00ed agus ceardlanna san \u00e1ireamh in\u00e1r gcl\u00e1r, \u00e1 re\u00e1cht\u00e1il taobh istigh den teach agus lasmuigh faoin aer. T\u00e1 go leor de na gn\u00edomha\u00edochta\u00ed oideachas\u00fala saor in aisce agus ba bhre\u00e1 linn t\u00fa a fheice\u00e1il ann!<\/p>\n<p>Chun sonra\u00ed a fh\u00e1\u00edl maidir le cainteanna agus ceardlanna at\u00e1 le teacht, <a href=\"http:\/\/castletown.ie\/wp-content\/uploads\/2017\/04\/2017_OPW_Castletown-Event-Programme.pdf\" target=\"_blank\" rel=\"noopener noreferrer\">\u00edosl\u00f3d\u00e1il \u00e1r gcl\u00e1r<\/a>, scr\u00fadaigh \u00e1r <a href=\"http:\/\/castletown.ie\/calendar\/\">bhF\u00e9ilire<\/a> n\u00f3 cl\u00e1raigh len\u00e1r nuachtlitir th\u00edos.<\/p>\n<p>T\u00e1 go leor d\u00e1r gcainteanna agus d\u00e1r gceardlanna saor in aisce ach is g\u00e1 \u00e1irithint a dh\u00e9anamh. Scr\u00fadaigh \u00e1r gcl\u00e1r le feice\u00e1il an f\u00e9idir tic\u00e9id d\u2019imeachta\u00ed ar leith a chur in \u00e1irithe le Eventbrite n\u00f3 b\u00ed i dteagmh\u00e1il linn chun \u00e1it a chur in \u00e1irithe.<\/p>\n<p>&nbsp;<\/p>\n<h4>T\u00e1 deiseanna oideachas\u00fala, l\u00e9achta\u00ed agus ceardlanna san \u00e1ireamh, liost\u00e1ilte th\u00edos.<br \/>\n<\/h4>\n<p>[\/et_pb_text][\/et_pb_column][\/et_pb_row][et_pb_row admin_label=&#8221;Row&#8221;][et_pb_column type=&#8221;4_4&#8243;][et_pb_text admin_label=&#8221;Calendar Shortcode Text&#8221; background_layout=&#8221;light&#8221; text_orientation=&#8221;left&#8221; use_border_color=&#8221;off&#8221; border_color=&#8221;#ffffff&#8221; border_style=&#8221;solid&#8221;]<\/p>\n<p><strong>[ai1ec cat_name=\u201dEducation\u201d]<\/strong><\/p>\n<p>[\/et_pb_text][\/et_pb_column][\/et_pb_row][\/et_pb_section][et_pb_section bb_built=&#8221;1&#8243; admin_label=&#8221;Section&#8221; fullwidth=&#8221;on&#8221; specialty=&#8221;off&#8221;][et_pb_fullwidth_image admin_label=&#8221;Fullwidth Image&#8221; src=&#8221;http:\/\/castletown.ie\/wp-content\/uploads\/2017\/01\/Vintage-Cars-2013.-Castletown-House.-Office-of-Public-Works.jpg&#8221; show_in_lightbox=&#8221;off&#8221; url_new_window=&#8221;off&#8221; use_overlay=&#8221;off&#8221; animation=&#8221;off&#8221; use_border_color=&#8221;off&#8221; border_color=&#8221;#ffffff&#8221; border_style=&#8221;solid&#8221; \/][\/et_pb_section]<\/p>\n","protected":false},"excerpt":{"rendered":"<p>T\u00e1 cl\u00e1r imeachta\u00ed f\u00edorsp\u00e9isi\u00fail ar bun i gc\u00f3na\u00ed ag Baile an Chaisle\u00e1in d\u2019fhoghlaimeoir\u00ed f\u00e1sta le sp\u00e9iseanna \u00e9ags\u00fala. T\u00e1 cainteanna, si\u00fal\u00f3id\u00ed agus ceardlanna san \u00e1ireamh in\u00e1r gcl\u00e1r, \u00e1 re\u00e1cht\u00e1il taobh istigh [&hellip;]<\/p>\n","protected":false},"author":12,"featured_media":0,"parent":0,"menu_order":0,"comment_status":"closed","ping_status":"closed","template":"","meta":{"_et_pb_use_builder":"on","_et_pb_old_content":"","_et_gb_content_width":"","footnotes":""},"class_list":["post-6787","page","type-page","status-publish","hentry"],"_links":{"self":[{"href":"https:\/\/castletown.ie\/ga\/wp-json\/wp\/v2\/pages\/6787","targetHints":{"allow":["GET"]}}],"collection":[{"href":"https:\/\/castletown.ie\/ga\/wp-json\/wp\/v2\/pages"}],"about":[{"href":"https:\/\/castletown.ie\/ga\/wp-json\/wp\/v2\/types\/page"}],"author":[{"embeddable":true,"href":"https:\/\/castletown.ie\/ga\/wp-json\/wp\/v2\/users\/12"}],"replies":[{"embeddable":true,"href":"https:\/\/castletown.ie\/ga\/wp-json\/wp\/v2\/comments?post=6787"}],"version-history":[{"count":2,"href":"https:\/\/castletown.ie\/ga\/wp-json\/wp\/v2\/pages\/6787\/revisions"}],"predecessor-version":[{"id":6789,"href":"https:\/\/castletown.ie\/ga\/wp-json\/wp\/v2\/pages\/6787\/revisions\/6789"}],"wp:attachment":[{"href":"https:\/\/castletown.ie\/ga\/wp-json\/wp\/v2\/media?parent=6787"}],"curies":[{"name":"wp","href":"https:\/\/api.w.org\/{rel}","templated":true}]}}