{"id":6790,"date":"2017-01-04T16:34:30","date_gmt":"2017-01-04T16:34:30","guid":{"rendered":"http:\/\/castletown.ie\/venue-hire-overview\/"},"modified":"2023-10-01T15:37:33","modified_gmt":"2023-10-01T14:37:33","slug":"venue-hire-overview","status":"publish","type":"page","link":"https:\/\/castletown.ie\/ga\/venue-hire-overview\/","title":{"rendered":"L\u00e9argas Ginear\u00e1lta"},"content":{"rendered":"<p>[et_pb_section bb_built=&#8221;1&#8243; admin_label=&#8221;Section&#8221; fullwidth=&#8221;on&#8221; specialty=&#8221;off&#8221;][et_pb_fullwidth_header admin_label=&#8221;Fullwidth Header&#8221; title=&#8221;Ionad ar C\u00edos&#8221; background_layout=&#8221;dark&#8221; text_orientation=&#8221;center&#8221; header_fullscreen=&#8221;on&#8221; header_scroll_down=&#8221;on&#8221; background_url=&#8221;http:\/\/castletown.ie\/wp-content\/uploads\/2017\/04\/Castletown-House.-Axel-Bernstorff.-OPW..jpg&#8221; background_overlay_color=&#8221;rgba(0,0,0,0.33)&#8221; parallax=&#8221;off&#8221; parallax_method=&#8221;off&#8221; content_orientation=&#8221;center&#8221; image_orientation=&#8221;center&#8221; title_font_size=&#8221;50px&#8221; custom_button_one=&#8221;off&#8221; button_one_letter_spacing=&#8221;0&#8243; button_one_use_icon=&#8221;default&#8221; button_one_icon_placement=&#8221;right&#8221; button_one_on_hover=&#8221;on&#8221; button_one_letter_spacing_hover=&#8221;0&#8243; custom_button_two=&#8221;off&#8221; button_two_letter_spacing=&#8221;0&#8243; button_two_use_icon=&#8221;default&#8221; button_two_icon_placement=&#8221;right&#8221; button_two_on_hover=&#8221;on&#8221; button_two_letter_spacing_hover=&#8221;0&#8243; scroll_down_icon=&#8221;%%0%%&#8221; scroll_down_icon_size=&#8221;25px&#8221; subhead=&#8221;Oiri\u00fanach d\u2019\u00c1irithint\u00ed Corpar\u00e1ideacha, Imeachta\u00ed Cult\u00fartha, Grianghrafad\u00f3ireacht agus Scann\u00e1n\u00fa&#8221; subhead_font_size=&#8221;23px&#8221; \/][\/et_pb_section][et_pb_section bb_built=&#8221;1&#8243; admin_label=&#8221;Section&#8221; fullwidth=&#8221;off&#8221; specialty=&#8221;off&#8221;][et_pb_row admin_label=&#8221;Row&#8221;][et_pb_column type=&#8221;1_2&#8243;][et_pb_text admin_label=&#8221;A Unique Setting Text&#8221; background_layout=&#8221;light&#8221; text_orientation=&#8221;left&#8221; use_border_color=&#8221;off&#8221; border_color=&#8221;#ffffff&#8221; border_style=&#8221;solid&#8221;]<\/p>\n<h3>L\u00e1thair ar Leith<\/h3>\n<p>Is l\u00e1thair ar leith in \u00c9irinn \u00e9 Teach Bhaile an Chaisle\u00e1in le d\u2019\u00f3c\u00e1id a eagr\u00fa ann. T\u00e1 na h\u00e1iseanna comhdh\u00e1la is nua-aimseartha ar f\u00e1il i sean-Sciath\u00e1n na St\u00e1bla\u00ed mar aon le rogha de sheomra\u00ed \u00e1ille st\u00e1iri\u00fala istigh sa Teach M\u00f3r d\u2019\u00f3c\u00e1id\u00ed st\u00e1it agus corpar\u00e1ideacha, f\u00f3taisheisi\u00fain, seoladh t\u00e1irg\u00ed agus imeachta\u00ed cult\u00fartha. I measc na l\u00e1ithreacha seo t\u00e1 an Halla Iontr\u00e1la iontach, a dhear Edward Lovett Pearce, agus an Gaileara\u00ed Fada, maisithe le m\u00farphicti\u00fair i st\u00edl Phoimp\u00e9 and soilsithe le foireann de thr\u00ed choinnleoir\u00ed chraobhacha neamhchoitianta d\u00e9anta as gloine Murano sna 1770id\u00ed. Chomh maith leis na l\u00e1ithreacha stairi\u00fala seo taobh istigh, cuireann Baile an Chaisle\u00e1in na Gaird\u00edn\u00ed Pl\u00e9isi\u00fair, at\u00e1 athch\u00f3irithe le deireanas, ar f\u00e1il d\u2019\u00e1irithint\u00ed corpar\u00e1ideacha.<\/p>\n<p>B\u00ed i dteagmh\u00e1il linn chun do riachtanais a phl\u00e9, beidh \u00e1r bhfoireann bre\u00e1 s\u00e1sta cabhr\u00fa!<\/p>\n<p>[\/et_pb_text][\/et_pb_column][et_pb_column type=&#8221;1_2&#8243;][et_pb_blurb admin_label=&#8221;Download Blurb&#8221; title=&#8221;\u00cdosl\u00f3d\u00e1il&#8221; url=&#8221;http:\/\/castletown.ie\/wp-content\/uploads\/2017\/03\/Castletown-Venue-Hire-Brochure.pdf&#8221; url_new_window=&#8221;on&#8221; use_icon=&#8221;on&#8221; font_icon=&#8221;%%115%%&#8221; icon_color=&#8221;#6cace4&#8243; use_circle=&#8221;off&#8221; circle_color=&#8221;#7EBEC5&#8243; use_circle_border=&#8221;off&#8221; circle_border_color=&#8221;#7EBEC5&#8243; icon_placement=&#8221;left&#8221; animation=&#8221;off&#8221; background_layout=&#8221;light&#8221; text_orientation=&#8221;left&#8221; use_icon_font_size=&#8221;off&#8221; use_border_color=&#8221;off&#8221; border_color=&#8221;#ffffff&#8221; border_style=&#8221;solid&#8221;]<\/p>\n<p>An br\u00f3isi\u00far maidir le hionaid a th\u00f3g\u00e1il ar c\u00edos ag Teach Bhaile an Chaisle\u00e1in. Caith s\u00fail ar \u00e1r gCeisteanna Coitianta freisin, le do thoil.<\/p>\n<p>[\/et_pb_blurb][et_pb_text admin_label=&#8221;Location Text&#8221; background_layout=&#8221;light&#8221; text_orientation=&#8221;left&#8221; use_border_color=&#8221;off&#8221; border_color=&#8221;#ffffff&#8221; border_style=&#8221;solid&#8221;]<\/p>\n<p>T\u00e1 Teach Bhaile an Chaisle\u00e1in lonnaithe d\u00edreach 20km \u00f3 l\u00e1r Chathair Bhaile \u00c1tha Cliath (23 n\u00f3im\u00e9ad sa ghluaiste\u00e1n) agus d\u00edreach 10 n\u00f3im\u00e9ad \u00f3 Ghleann na Life. T\u00e1 s\u00e9 an-\u00e9asca tiom\u00e1int anseo tr\u00ed Bhealach Amach 6 \u00f3n M4, Cill Droichid Thiar.<\/p>\n<p>[\/et_pb_text][et_pb_text admin_label=&#8221;Airports Text&#8221; background_layout=&#8221;light&#8221; text_orientation=&#8221;left&#8221; use_border_color=&#8221;off&#8221; border_color=&#8221;#ffffff&#8221; border_style=&#8221;solid&#8221;]<\/p>\n<p>Is iad na haerfoirt is gaire d\u00fainn n\u00e1 Aerfort Bhaile \u00c1tha Cliath (28km) agus Aerfort Weston (7km; scairdeitle\u00e1in phr\u00edobh\u00e1ideacha\/ghn\u00f3).<\/p>\n<p>[\/et_pb_text][\/et_pb_column][\/et_pb_row][et_pb_row admin_label=&#8221;Row&#8221;][et_pb_column type=&#8221;4_4&#8243;][et_pb_divider admin_label=&#8221;Divider&#8221; color=&#8221;#5e5e5e&#8221; show_divider=&#8221;on&#8221; divider_style=&#8221;solid&#8221; divider_position=&#8221;top&#8221; hide_on_mobile=&#8221;off&#8221; \/][\/et_pb_column][\/et_pb_row][et_pb_row admin_label=&#8221;Row&#8221;][et_pb_column type=&#8221;4_4&#8243;][et_pb_text admin_label=&#8221;Portfolio Text&#8221; background_layout=&#8221;light&#8221; text_orientation=&#8221;left&#8221; use_border_color=&#8221;off&#8221; border_color=&#8221;#ffffff&#8221; border_style=&#8221;solid&#8221;]<\/p>\n<h3>Punann d\u2019Fhoirgnimh Stairi\u00fala<\/h3>\n<p>Chomh maith le Baile an Chaisle\u00e1in, t\u00e1 ionaid eile de chuid Oifig na nOibreacha Poibl\u00ed ar f\u00e1il le cur in \u00e1irithe. Br\u00faigh th\u00edos le n\u00edos m\u00f3 a l\u00e9amh faoi cheithre fhoirgneamh stairi\u00fala i mBaile \u00c1tha Cliath at\u00e1 ar f\u00e1il d\u2019imeachta\u00ed. B\u00ed i dteagmh\u00e1il len\u00e1r gcomhghleacaithe san <a href=\"http:\/\/www.dublincastle.ie\/venue-hire\/\" target=\"_blank\" rel=\"noopener noreferrer\">Oifig Imeachta\u00ed i gCaisle\u00e1n Bhaile \u00c1tha Cliath<\/a> chun na deiseanna seo a phl\u00e9 agus an rogha is oiri\u00fana\u00ed do d\u2019imeacht a dh\u00e9anamh.<\/p>\n<p>[\/et_pb_text][\/et_pb_column][\/et_pb_row][et_pb_row admin_label=&#8221;Row&#8221;][et_pb_column type=&#8221;1_4&#8243;][et_pb_image admin_label=&#8221;Bots Image&#8221; src=&#8221;http:\/\/castletown.ie\/wp-content\/uploads\/2017\/01\/Botanic-Gardens.jpg&#8221; show_in_lightbox=&#8221;off&#8221; url=&#8221;http:\/\/www.botanicgardens.ie\/&#8221; url_new_window=&#8221;on&#8221; use_overlay=&#8221;off&#8221; animation=&#8221;off&#8221; sticky=&#8221;off&#8221; align=&#8221;center&#8221; force_fullwidth=&#8221;off&#8221; always_center_on_mobile=&#8221;on&#8221; use_border_color=&#8221;off&#8221; border_color=&#8221;#ffffff&#8221; border_style=&#8221;solid&#8221; \/][et_pb_text admin_label=&#8221;Text&#8221; background_layout=&#8221;light&#8221; text_orientation=&#8221;center&#8221; use_border_color=&#8221;off&#8221; border_color=&#8221;#ffffff&#8221; border_style=&#8221;solid&#8221;]<\/p>\n<p>Garraithe N\u00e1isi\u00fanta na Lus<\/p>\n<p>[\/et_pb_text][\/et_pb_column][et_pb_column type=&#8221;1_4&#8243;][et_pb_image admin_label=&#8221;Casino Image&#8221; src=&#8221;http:\/\/castletown.ie\/wp-content\/uploads\/2017\/01\/Casino-Exterior-Photo-Unit-National-Monuments-Service-DAHG2.jpg&#8221; show_in_lightbox=&#8221;off&#8221; url=&#8221;http:\/\/www.casinomarino.ie\/&#8221; url_new_window=&#8221;on&#8221; use_overlay=&#8221;off&#8221; animation=&#8221;off&#8221; sticky=&#8221;off&#8221; align=&#8221;center&#8221; force_fullwidth=&#8221;off&#8221; always_center_on_mobile=&#8221;on&#8221; use_border_color=&#8221;off&#8221; border_color=&#8221;#ffffff&#8221; border_style=&#8221;solid&#8221; \/][et_pb_text admin_label=&#8221;Text&#8221; background_layout=&#8221;light&#8221; text_orientation=&#8221;center&#8221; use_border_color=&#8221;off&#8221; border_color=&#8221;#ffffff&#8221; border_style=&#8221;solid&#8221;]<\/p>\n<p>Casino Marino<\/p>\n<p>[\/et_pb_text][\/et_pb_column][et_pb_column type=&#8221;1_4&#8243;][et_pb_image admin_label=&#8221;Dublin Castle Image&#8221; src=&#8221;http:\/\/castletown.ie\/wp-content\/uploads\/2017\/01\/dublin-castle01.jpg&#8221; show_in_lightbox=&#8221;off&#8221; url=&#8221;http:\/\/www.dublincastle.ie\/&#8221; url_new_window=&#8221;on&#8221; use_overlay=&#8221;off&#8221; animation=&#8221;off&#8221; sticky=&#8221;off&#8221; align=&#8221;center&#8221; force_fullwidth=&#8221;off&#8221; always_center_on_mobile=&#8221;on&#8221; use_border_color=&#8221;off&#8221; border_color=&#8221;#ffffff&#8221; border_style=&#8221;solid&#8221; \/][et_pb_text admin_label=&#8221;Text&#8221; background_layout=&#8221;light&#8221; text_orientation=&#8221;center&#8221; use_border_color=&#8221;off&#8221; border_color=&#8221;#ffffff&#8221; border_style=&#8221;solid&#8221;]<\/p>\n<p>Caisle\u00e1n Bhaile \u00c1tha Cliath<\/p>\n<p>[\/et_pb_text][\/et_pb_column][et_pb_column type=&#8221;1_4&#8243;][et_pb_image admin_label=&#8221;Rathfarnham Image&#8221; src=&#8221;http:\/\/castletown.ie\/wp-content\/uploads\/2017\/01\/4-Rathfarnham-300&#215;300.jpg&#8221; show_in_lightbox=&#8221;off&#8221; url=&#8221;http:\/\/www.rathfarnhamcastle.ie\/&#8221; url_new_window=&#8221;on&#8221; use_overlay=&#8221;off&#8221; animation=&#8221;off&#8221; sticky=&#8221;off&#8221; align=&#8221;center&#8221; force_fullwidth=&#8221;off&#8221; always_center_on_mobile=&#8221;on&#8221; use_border_color=&#8221;off&#8221; border_color=&#8221;#ffffff&#8221; border_style=&#8221;solid&#8221; \/][et_pb_text admin_label=&#8221;Text&#8221; background_layout=&#8221;light&#8221; text_orientation=&#8221;center&#8221; use_border_color=&#8221;off&#8221; border_color=&#8221;#ffffff&#8221; border_style=&#8221;solid&#8221;]<\/p>\n<p>Caisle\u00e1n R\u00e1th Fearn\u00e1in<\/p>\n<p>[\/et_pb_text][\/et_pb_column][\/et_pb_row][\/et_pb_section][et_pb_section bb_built=&#8221;1&#8243; admin_label=&#8221;Section&#8221; fullwidth=&#8221;on&#8221; specialty=&#8221;off&#8221;][et_pb_fullwidth_map admin_label=&#8221;Fullwidth Map&#8221; address=&#8221;Celbridge, Co. Kildare, Ireland&#8221; address_lat=&#8221;53.34399653459992&#8243; address_lng=&#8221;-6.527300910498073&#8243; mouse_wheel=&#8221;off&#8221; mobile_dragging=&#8221;off&#8221; zoom_level=&#8221;11&#8243;]<\/p>\n<p>[et_pb_map_pin title=&#8221;Castletown House&#8221; pin_address=&#8221;Castletown, Celbridge, Co. Kildare, Ireland&#8221; pin_address_lat=&#8221;53.349127&#8243; pin_address_lng=&#8221;-6.530290000000036&#8243; \/]<\/p>\n<p>[\/et_pb_fullwidth_map][\/et_pb_section]<\/p>\n","protected":false},"excerpt":{"rendered":"<p>L\u00e1thair ar Leith Is l\u00e1thair ar leith in \u00c9irinn \u00e9 Teach Bhaile an Chaisle\u00e1in le d\u2019\u00f3c\u00e1id a eagr\u00fa ann. T\u00e1 na h\u00e1iseanna comhdh\u00e1la is nua-aimseartha ar f\u00e1il i sean-Sciath\u00e1n na [&hellip;]<\/p>\n","protected":false},"author":12,"featured_media":0,"parent":0,"menu_order":0,"comment_status":"closed","ping_status":"closed","template":"","meta":{"_et_pb_use_builder":"on","_et_pb_old_content":"","_et_gb_content_width":"","footnotes":""},"class_list":["post-6790","page","type-page","status-publish","hentry"],"_links":{"self":[{"href":"https:\/\/castletown.ie\/ga\/wp-json\/wp\/v2\/pages\/6790","targetHints":{"allow":["GET"]}}],"collection":[{"href":"https:\/\/castletown.ie\/ga\/wp-json\/wp\/v2\/pages"}],"about":[{"href":"https:\/\/castletown.ie\/ga\/wp-json\/wp\/v2\/types\/page"}],"author":[{"embeddable":true,"href":"https:\/\/castletown.ie\/ga\/wp-json\/wp\/v2\/users\/12"}],"replies":[{"embeddable":true,"href":"https:\/\/castletown.ie\/ga\/wp-json\/wp\/v2\/comments?post=6790"}],"version-history":[{"count":2,"href":"https:\/\/castletown.ie\/ga\/wp-json\/wp\/v2\/pages\/6790\/revisions"}],"predecessor-version":[{"id":6792,"href":"https:\/\/castletown.ie\/ga\/wp-json\/wp\/v2\/pages\/6790\/revisions\/6792"}],"wp:attachment":[{"href":"https:\/\/castletown.ie\/ga\/wp-json\/wp\/v2\/media?parent=6790"}],"curies":[{"name":"wp","href":"https:\/\/api.w.org\/{rel}","templated":true}]}}