{"id":6793,"date":"2017-02-02T19:58:25","date_gmt":"2017-02-02T19:58:25","guid":{"rendered":"http:\/\/castletown.ie\/castletown-venues\/"},"modified":"2025-08-26T16:19:52","modified_gmt":"2025-08-26T15:19:52","slug":"castletown-venues","status":"publish","type":"page","link":"https:\/\/castletown.ie\/ga\/castletown-venues\/","title":{"rendered":"Ionaid"},"content":{"rendered":"<p>[et_pb_section bb_built=&#8221;1&#8243; admin_label=&#8221;Section&#8221; fullwidth=&#8221;on&#8221; specialty=&#8221;off&#8221;][et_pb_fullwidth_header admin_label=&#8221;Fullwidth Header&#8221; title=&#8221;Ionaid&#8221; background_layout=&#8221;dark&#8221; text_orientation=&#8221;center&#8221; header_fullscreen=&#8221;on&#8221; header_scroll_down=&#8221;on&#8221; background_url=&#8221;http:\/\/castletown.ie\/wp-content\/uploads\/2017\/02\/121-Castle-12-Jan-2.jpg&#8221; background_overlay_color=&#8221;rgba(0,0,0,0.33)&#8221; parallax=&#8221;off&#8221; parallax_method=&#8221;off&#8221; content_orientation=&#8221;center&#8221; image_orientation=&#8221;center&#8221; title_font_size=&#8221;50px&#8221; custom_button_one=&#8221;off&#8221; button_one_letter_spacing=&#8221;0&#8243; button_one_use_icon=&#8221;default&#8221; button_one_icon_placement=&#8221;right&#8221; button_one_on_hover=&#8221;on&#8221; button_one_letter_spacing_hover=&#8221;0&#8243; custom_button_two=&#8221;off&#8221; button_two_letter_spacing=&#8221;0&#8243; button_two_use_icon=&#8221;default&#8221; button_two_icon_placement=&#8221;right&#8221; button_two_on_hover=&#8221;on&#8221; button_two_letter_spacing_hover=&#8221;0&#8243; scroll_down_icon=&#8221;%%0%%&#8221; scroll_down_icon_size=&#8221;25px&#8221; subhead=&#8221;Su\u00edomh Foirfe do Ghn\u00f3 n\u00f3 do Phl\u00e9isi\u00far&#8221; subhead_font_size=&#8221;23px&#8221; \/][\/et_pb_section][et_pb_section bb_built=&#8221;1&#8243; admin_label=&#8221;Section&#8221; fullwidth=&#8221;off&#8221; specialty=&#8221;off&#8221; transparent_background=&#8221;off&#8221; allow_player_pause=&#8221;off&#8221; inner_shadow=&#8221;off&#8221; parallax=&#8221;off&#8221; parallax_method=&#8221;off&#8221; padding_mobile=&#8221;off&#8221; make_fullwidth=&#8221;off&#8221; use_custom_width=&#8221;off&#8221; width_unit=&#8221;on&#8221; make_equal=&#8221;off&#8221; use_custom_gutter=&#8221;off&#8221; module_id=&#8221;bedford&#8221;][et_pb_row admin_label=&#8221;Row&#8221;][et_pb_column type=&#8221;2_3&#8243;][et_pb_text admin_label=&#8221;The Stables&#8221; background_layout=&#8221;light&#8221; text_orientation=&#8221;left&#8221; use_border_color=&#8221;off&#8221; border_color=&#8221;#ffffff&#8221; border_style=&#8221;solid&#8221;]<\/p>\n<h3>Na St\u00e1bla\u00ed agus an Teach C\u00f3iste<\/h3>\n<p>Dh\u00e1 st\u00e1bla ar ceachtar taobh d\u2019ionad f\u00e1ilte sa Teach C\u00f3iste at\u00e1 i Sciath\u00e1n na St\u00e1bla\u00ed, a bhfuil athch\u00f3iri\u00fa d\u00e9anta air le d\u00e9ana\u00ed. Is iad na st\u00e1bla\u00ed an sampla is luaithe de st\u00e1bla\u00ed boghtacha at\u00e1 ar marthain in \u00c9irinn anois agus is faoina nd\u00edonta a re\u00e1cht\u00e1iltear \u00e1r Marga\u00ed Tuaithe agus Aonaigh Chearda\u00edochta rialta. T\u00e1thar tar \u00e9is Aonach Seandachta\u00ed na h\u00c9ireann, maille lena st\u00f3r de sheandachta\u00ed \u00e1ille agus uath\u00fala, a re\u00e1cht\u00e1il anseo faoi dh\u00f3 chomh maith.<\/p>\n<p>Is f\u00e9idir na St\u00e1bla\u00ed agus an Teach C\u00f3iste a chur in \u00e1irithe le haghaidh:<\/p>\n<ul>\n<li>Taispe\u00e1ntais<\/li>\n<li>F\u00e1iltithe<\/li>\n<li>Aonaigh agus Marga\u00ed<\/li>\n<li>Seoladh Tairg\u00ed<\/li>\n<li>F\u00f3taisheisi\u00fain<\/li>\n<\/ul>\n<p>[\/et_pb_text][\/et_pb_column][et_pb_column type=&#8221;1_3&#8243;][et_pb_gallery admin_label=&#8221;Gallery&#8221; gallery_ids=&#8221;10948,10939,10940,10941,10942&#8243; fullwidth=&#8221;on&#8221; show_title_and_caption=&#8221;off&#8221; show_pagination=&#8221;off&#8221; background_layout=&#8221;light&#8221; auto=&#8221;on&#8221; hover_overlay_color=&#8221;rgba(255,255,255,0.9)&#8221; use_border_color=&#8221;off&#8221; border_color=&#8221;#ffffff&#8221; border_style=&#8221;solid&#8221; auto_speed=&#8221;4000&#8243; \/][\/et_pb_column][\/et_pb_row][et_pb_row admin_label=&#8221;Row&#8221;][et_pb_column type=&#8221;4_4&#8243;][et_pb_divider admin_label=&#8221;Divider&#8221; color=&#8221;#3f3f3f&#8221; show_divider=&#8221;on&#8221; divider_style=&#8221;solid&#8221; divider_position=&#8221;top&#8221; hide_on_mobile=&#8221;off&#8221; \/][\/et_pb_column][\/et_pb_row][et_pb_row admin_label=&#8221;Row&#8221;][et_pb_column type=&#8221;2_3&#8243;][et_pb_text admin_label=&#8221;Hunting&#8221; background_layout=&#8221;light&#8221; text_orientation=&#8221;left&#8221; use_border_color=&#8221;off&#8221; border_color=&#8221;#ffffff&#8221; border_style=&#8221;solid&#8221;]<\/p>\n<h3>An Seomra Seilge<\/h3>\n<p>Ar an gc\u00e9ad url\u00e1r de Sciath\u00e1n na St\u00e1bla\u00ed, rinneadh Ionad Comhdh\u00e1lacha nua a shuiti\u00fa le deireanas ina bhfuil tr\u00ed Ionad ar leith \u2013 An Seomra Seilge, An Seomra Glas agus An Seomra Bill\u00e9arda\u00ed \u2013 chomh maith le rochtain \u00e9asca ardaitheora, cistin l\u00f3nad\u00f3ireachta agus \u00e1iseanna leithris.<\/p>\n<p>Measc\u00e1n de ghal\u00e1ntacht an tseansaoil agus samhla\u00edocht an aon\u00fa haois agus fiche at\u00e1 sa Seomra Seilge, an seomra is m\u00f3 san ionad comhdh\u00e1lacha. Faoina bh\u00edoma\u00ed adhmaid mionsnoite t\u00e1 l\u00e1thair fhoirfe ar f\u00e1il d\u2019imeachta\u00ed corpar\u00e1ideacha agus cult\u00fartha araon.<\/p>\n<p>Is f\u00e9idir an Seomra Seilge a chur in \u00e1irithe le haghaidh:<\/p>\n<ul>\n<li>Cruinnithe Boird<\/li>\n<li>Comhdh\u00e1lacha<\/li>\n<li>L\u00e9achta\u00ed<\/li>\n<li>Ceolchoirmeacha<\/li>\n<li>Seolta\u00ed Leabhar<\/li>\n<li>L\u00e9irithe Amharclanna\u00edochta<\/li>\n<\/ul>\n<p>\u00cdosl\u00f3d\u00e1il plean url\u00e1ir den Seomra Seilge <a href=\"http:\/\/castletown.ie\/wp-content\/uploads\/2017\/03\/CH-Hunting-Room-boardroom-36.pdf\" target=\"_blank\" rel=\"noopener noreferrer\">anseo<\/a>.<\/p>\n<p>\u00cdosl\u00f3d\u00e1il plean url\u00e1ir den ch\u00e9ad url\u00e1r den Ionad Comhdh\u00e1lacha (An Seomra Seilge, An Seomra Bill\u00e9arda\u00ed agus An Seomra Glas san \u00e1ireamh) <a href=\"http:\/\/castletown.ie\/wp-content\/uploads\/2017\/03\/CH-dining-boardroom-40.pdf\" target=\"_blank\" rel=\"noopener noreferrer\">anseo<\/a>.<\/p>\n<p>[\/et_pb_text][\/et_pb_column][et_pb_column type=&#8221;1_3&#8243;][et_pb_gallery admin_label=&#8221;Gallery&#8221; gallery_ids=&#8221;10949,10950,10951&#8243; fullwidth=&#8221;on&#8221; show_title_and_caption=&#8221;off&#8221; show_pagination=&#8221;off&#8221; background_layout=&#8221;light&#8221; auto=&#8221;on&#8221; hover_overlay_color=&#8221;rgba(255,255,255,0.9)&#8221; use_border_color=&#8221;off&#8221; border_color=&#8221;#ffffff&#8221; border_style=&#8221;solid&#8221; auto_speed=&#8221;4000&#8243; \/][\/et_pb_column][\/et_pb_row][et_pb_row admin_label=&#8221;Row&#8221;][et_pb_column type=&#8221;4_4&#8243;][et_pb_divider admin_label=&#8221;Divider&#8221; color=&#8221;#3f3f3f&#8221; show_divider=&#8221;on&#8221; divider_style=&#8221;solid&#8221; divider_position=&#8221;top&#8221; hide_on_mobile=&#8221;off&#8221; \/][\/et_pb_column][\/et_pb_row][et_pb_row admin_label=&#8221;Row&#8221;][et_pb_column type=&#8221;2_3&#8243;][et_pb_text admin_label=&#8221;Green&#8221; background_layout=&#8221;light&#8221; text_orientation=&#8221;left&#8221; use_border_color=&#8221;off&#8221; border_color=&#8221;#ffffff&#8221; border_style=&#8221;solid&#8221;]<\/p>\n<h3>An Seomra Glas<\/h3>\n<p>T\u00e1 an Seomra Glas buailte leis an Seomra Seilge agus is f\u00e9idir \u00e9 a \u00fas\u00e1id mar sheomra cruinnithe beag, seomra le haghaidh gr\u00fapa\u00ed beaga, n\u00f3 mar sheomra ar leith chun c\u00farsa\u00ed l\u00f3nad\u00f3ireachta a eagr\u00fa.<\/p>\n<p>\u00cdosl\u00f3d\u00e1il plean url\u00e1ir den ch\u00e9ad url\u00e1r den Ionad Comhdh\u00e1lacha (An Seomra Seilge, An Seomra Bill\u00e9arda\u00ed agus An Seomra Glas san \u00e1ireamh) <a href=\"http:\/\/castletown.ie\/wp-content\/uploads\/2017\/03\/CH-dining-boardroom-40.pdf\" target=\"_blank\">anseo<\/a>.<\/p>\n<p>[\/et_pb_text][\/et_pb_column][et_pb_column type=&#8221;1_3&#8243;][et_pb_gallery admin_label=&#8221;Gallery&#8221; gallery_ids=&#8221;10944,10945&#8243; fullwidth=&#8221;on&#8221; show_title_and_caption=&#8221;off&#8221; show_pagination=&#8221;off&#8221; background_layout=&#8221;light&#8221; auto=&#8221;on&#8221; hover_overlay_color=&#8221;rgba(255,255,255,0.9)&#8221; use_border_color=&#8221;off&#8221; border_color=&#8221;#ffffff&#8221; border_style=&#8221;solid&#8221; auto_speed=&#8221;4000&#8243; \/][\/et_pb_column][\/et_pb_row][et_pb_row admin_label=&#8221;Row&#8221;][et_pb_column type=&#8221;4_4&#8243;][et_pb_divider admin_label=&#8221;Divider&#8221; color=&#8221;#3f3f3f&#8221; show_divider=&#8221;on&#8221; divider_style=&#8221;solid&#8221; divider_position=&#8221;top&#8221; hide_on_mobile=&#8221;off&#8221; \/][\/et_pb_column][\/et_pb_row][et_pb_row admin_label=&#8221;Row&#8221;][et_pb_column type=&#8221;2_3&#8243;][et_pb_text admin_label=&#8221;Billiard&#8221; background_layout=&#8221;light&#8221; text_orientation=&#8221;left&#8221; use_border_color=&#8221;off&#8221; border_color=&#8221;#ffffff&#8221; border_style=&#8221;solid&#8221;]<\/p>\n<h3>An Seomra Bill\u00e9arda\u00ed<\/h3>\n<p>T\u00e1 an seomra geal sc\u00f3ipi\u00fail seo suite d\u00edreach os cionn an T\u00ed Ch\u00f3iste (f\u00e1ilti\u00fa) agus t\u00e1 s\u00e9 ceangailte leis an Seomra Seilge.<\/p>\n<p>T\u00e1 an Seomra Bill\u00e9arda\u00ed d\u00edreach i gceart do chruinnithe lasmuigh den l\u00e1thair oibre n\u00f3, nuair a chuirtear in \u00e1irithe in \u00e9ineacht leis an Seomra Seilge (at\u00e1 n\u00edos m\u00f3) \u00e9, t\u00e1 s\u00e9 foirfe mar sheomra le haghaidh gr\u00fapa\u00ed beaga n\u00f3 mar sheomra le haghaidh l\u00f3in\/dinn\u00e9ir, idir bh\u00e9ile ag an mbord agus bhuif\u00e9, chomh maith le briseadh tae agus caife.<\/p>\n<p>Is f\u00e9idir an Seomra Bill\u00e9arda\u00ed a chur in \u00e1irithe le haghaidh:<\/p>\n<ul>\n<li>Cruinnithe Boird<\/li>\n<li>Seomra le hAghaidh Gr\u00fapa\u00ed Beaga<\/li>\n<li>L\u00f3n\/Dinn\u00e9ar<\/li>\n<\/ul>\n<p>\u00cdosl\u00f3d\u00e1il plean url\u00e1ir den ch\u00e9ad url\u00e1r den Ionad Comhdh\u00e1lacha (An Seomra Seilge, An Seomra Bill\u00e9arda\u00ed agus An Seomra Glas san \u00e1ireamh) <a href=\"http:\/\/castletown.ie\/wp-content\/uploads\/2017\/03\/CH-dining-boardroom-40.pdf\" target=\"_blank\">anseo<\/a>.<\/p>\n<p>[\/et_pb_text][\/et_pb_column][et_pb_column type=&#8221;1_3&#8243;][et_pb_gallery admin_label=&#8221;Gallery&#8221; gallery_ids=&#8221;10934,10935,10953&#8243; fullwidth=&#8221;on&#8221; show_title_and_caption=&#8221;off&#8221; show_pagination=&#8221;off&#8221; background_layout=&#8221;light&#8221; auto=&#8221;on&#8221; hover_overlay_color=&#8221;rgba(255,255,255,0.9)&#8221; use_border_color=&#8221;off&#8221; border_color=&#8221;#ffffff&#8221; border_style=&#8221;solid&#8221; auto_speed=&#8221;4000&#8243; \/][\/et_pb_column][\/et_pb_row][et_pb_row admin_label=&#8221;Row&#8221;][et_pb_column type=&#8221;4_4&#8243;][et_pb_divider admin_label=&#8221;Divider&#8221; color=&#8221;#3f3f3f&#8221; show_divider=&#8221;on&#8221; divider_style=&#8221;solid&#8221; divider_position=&#8221;top&#8221; hide_on_mobile=&#8221;off&#8221; \/][\/et_pb_column][\/et_pb_row][et_pb_row admin_label=&#8221;Row&#8221;][et_pb_column type=&#8221;2_3&#8243;][et_pb_text admin_label=&#8221;Entrance Hall&#8221; background_layout=&#8221;light&#8221; text_orientation=&#8221;left&#8221; use_border_color=&#8221;off&#8221; border_color=&#8221;#ffffff&#8221; border_style=&#8221;solid&#8221;]<\/p>\n<h3>An Halla Iontr\u00e1la agus Halla an Staighre<\/h3>\n<p>T\u00e1 r\u00e1iteas l\u00e1idir, muin\u00edneach \u00e1 dh\u00e9anamh \u00f3n n\u00f3im\u00e9ad a leagann t\u00fa cos i dTeach Bhaile an Chaisle\u00e1in agus a bhfeiceann t\u00fa an Halla Iontr\u00e1la dra\u00edocht\u00fail ar airde dh\u00e1 url\u00e1r romhat, agus an staighre starrmhaide maorga de chloch Portland agus an maisi\u00fach\u00e1n saibhir stuc\u00f3 i Halla an Staighre. Tagann an t-url\u00e1r d\u2019aolchloch shnasta i bpatr\u00fan seicear agus an teallach de mharmar Chill Chainnigh le mian William Conolly gur de scoth an \u00e1bhair \u00c9ireannaigh amh\u00e1in a th\u00f3gfa\u00ed an teach. L\u00e9ir\u00edonn an stuc\u00f3 f\u00edne\u00e1ilte ar na balla\u00ed agus na s\u00edle\u00e1lacha an mh\u00e1istreacht a bh\u00ed ag na dearth\u00e1ireacha Eilv\u00e9iseacha Lafranchini ar a gceird.<\/p>\n<p>Is f\u00e9idir an Halla Iontr\u00e1la agus Halla an Staighre a chur in \u00e1irithe le haghaidh:<\/p>\n<ul>\n<li>F\u00e1iltithe<\/li>\n<li>Dinn\u00e9ir Cheili\u00fartha<\/li>\n<li>Ceolchoirmeacha<\/li>\n<li>Seolta\u00ed<\/li>\n<li>F\u00f3taisheisi\u00fain<\/li>\n<\/ul>\n<p>\u00cdosl\u00f3d\u00e1il plean url\u00e1ir den Halla Iontr\u00e1la <a href=\"http:\/\/castletown.ie\/wp-content\/uploads\/2017\/03\/castletown-plans-MAIN-ENTRANCE-ROUNDS.pdf\" target=\"_blank\">anseo<\/a>.<\/p>\n<p>[\/et_pb_text][\/et_pb_column][et_pb_column type=&#8221;1_3&#8243;][et_pb_gallery admin_label=&#8221;Gallery&#8221; gallery_ids=&#8221;10957,10958,10943&#8243; fullwidth=&#8221;on&#8221; show_title_and_caption=&#8221;off&#8221; show_pagination=&#8221;off&#8221; background_layout=&#8221;light&#8221; auto=&#8221;on&#8221; hover_overlay_color=&#8221;rgba(255,255,255,0.9)&#8221; use_border_color=&#8221;off&#8221; border_color=&#8221;#ffffff&#8221; border_style=&#8221;solid&#8221; auto_speed=&#8221;4000&#8243; \/][\/et_pb_column][\/et_pb_row][et_pb_row admin_label=&#8221;Row&#8221;][et_pb_column type=&#8221;4_4&#8243;][et_pb_divider admin_label=&#8221;Divider&#8221; color=&#8221;#3f3f3f&#8221; show_divider=&#8221;on&#8221; divider_style=&#8221;solid&#8221; divider_position=&#8221;top&#8221; hide_on_mobile=&#8221;off&#8221; \/][\/et_pb_column][\/et_pb_row][et_pb_row admin_label=&#8221;Row&#8221;][et_pb_column type=&#8221;2_3&#8243;][et_pb_text admin_label=&#8221;Long Gallery&#8221; background_layout=&#8221;light&#8221; text_orientation=&#8221;left&#8221; use_border_color=&#8221;off&#8221; border_color=&#8221;#ffffff&#8221; border_style=&#8221;solid&#8221;]<\/p>\n<h3>An Gaileara\u00ed Fada<\/h3>\n<p>Is \u00e9 at\u00e1 sa Ghaileara\u00ed Fada n\u00e1 toradh na mblianta fada den fhuinneamh, den scil agus den chearda\u00edocht a caitheadh ar \u00edomh\u00e1 na Bantiarna Louisa Conolly do Theach Bhaile an Chaisle\u00e1in a fh\u00edor\u00fa. Athch\u00f3ir\u00edodh an seomra seo sna 1770id\u00ed agus deir foins\u00ed an ama linn go raibh an-t\u00f3ir ar an tsiamsa\u00edocht phr\u00edobh\u00e1ideach sa su\u00edomh gal\u00e1nta seo i st\u00edl na hIod\u00e1ile. Bh\u00ed s\u00e9 ag cur thar maoil le picti\u00fair Rafaeil\u00edteacha, arabascaigh i st\u00edl Phoimp\u00e9, coinnleoir\u00ed craobhacha gleoite de ghloine Murano agus baili\u00fach\u00e1n de dhealbha agus de bhusta\u00ed clasaiceacha; an t-ioml\u00e1n faoi bhr\u00e1id phortr\u00e1id\u00ed Thomas agus an Bhantiarna Louisa Conolly ag ceachtar ceann an tseomra.<\/p>\n<p>Go dt\u00ed an l\u00e1 inniu f\u00e9in, is l\u00e1thair ar leith \u00e9 an Gaileara\u00ed Fada le haghaidh:<\/p>\n<ul>\n<li>Ceolchoirmeacha<\/li>\n<li>Dinn\u00e9ir Cheili\u00fartha<\/li>\n<li>F\u00e1iltithe<\/li>\n<li>Searmanais Bhronnta<\/li>\n<li>L\u00e9achta\u00ed<\/li>\n<li>L\u00e9irithe Amharclanna\u00edochta<\/li>\n<li>F\u00f3taisheisi\u00fain<\/li>\n<\/ul>\n<p>[\/et_pb_text][\/et_pb_column][et_pb_column type=&#8221;1_3&#8243;][et_pb_gallery admin_label=&#8221;Gallery&#8221; gallery_ids=&#8221;10959,10960,10936,10961&#8243; fullwidth=&#8221;on&#8221; show_title_and_caption=&#8221;off&#8221; show_pagination=&#8221;off&#8221; background_layout=&#8221;light&#8221; auto=&#8221;on&#8221; hover_overlay_color=&#8221;rgba(255,255,255,0.9)&#8221; use_border_color=&#8221;off&#8221; border_color=&#8221;#ffffff&#8221; border_style=&#8221;solid&#8221; auto_speed=&#8221;4000&#8243; \/][\/et_pb_column][\/et_pb_row][et_pb_row admin_label=&#8221;Row&#8221;][et_pb_column type=&#8221;4_4&#8243;][et_pb_divider admin_label=&#8221;Divider&#8221; color=&#8221;#3f3f3f&#8221; show_divider=&#8221;on&#8221; divider_style=&#8221;solid&#8221; divider_position=&#8221;top&#8221; hide_on_mobile=&#8221;off&#8221; \/][\/et_pb_column][\/et_pb_row][et_pb_row admin_label=&#8221;Row&#8221;][et_pb_column type=&#8221;2_3&#8243;][et_pb_text admin_label=&#8221;Dining&#8221; background_layout=&#8221;light&#8221; text_orientation=&#8221;left&#8221; use_border_color=&#8221;off&#8221; border_color=&#8221;#ffffff&#8221; border_style=&#8221;solid&#8221;]<\/p>\n<h3>An Seomra Bia<\/h3>\n<p>Bh\u00ed p\u00e1irt an-t\u00e1bhachtach ag c\u00farsa\u00ed bia san fh\u00e1ilte a cuireadh roimh chuairteoir\u00ed i mBaile an Chaisle\u00e1in, ach n\u00edor crutha\u00edodh seomra a bh\u00ed leagtha amach mar sheomra bia go dt\u00ed 1768. Ba gh\u00e1 balla idir dh\u00e1 sheomra ar url\u00e1r na tal\u00fan a bhaint amach go seifti\u00fail chun seomra m\u00f3r go leor a chruth\u00fa agus rinneadh at\u00f3g\u00e1il d\u00e1 r\u00e9ir ar an gcrosbhalla ar an d\u00e1 url\u00e1r uachtaracha. Is f\u00e9idir dinn\u00e9ir do suas le 40 duine a \u00f3st\u00e1il sa Seomra Bia go f\u00f3ill, rud a thugann deis do do chuid a\u00edonna sult a bhaint as \u00f3c\u00e1id dhodhearmadta faoin ts\u00edle\u00e1il iontach stuc\u00f3. Beidh siad timpeallaithe ag an trosc\u00e1n \u00f3raithe bunaidh a shnoigh an cearda\u00ed iomr\u00e1iteach Richard Cranfield \u00f3 Bhaile \u00c1tha Cliath san ocht\u00fa haois d\u00e9ag. T\u00e1 \u00e1iseanna do lucht l\u00f3nad\u00f3ireachta i seomra \u00fas\u00e1ideach in aice l\u00e1imhe.<\/p>\n<p>Is f\u00e9idir an Seomra Bia a chur in \u00e1irithe le haghaidh:<\/p>\n<ul>\n<li>F\u00e1iltithe<\/li>\n<li>Dinn\u00e9ir Cheili\u00fartha<\/li>\n<li>Ceadail<\/li>\n<\/ul>\n<p>[\/et_pb_text][\/et_pb_column][et_pb_column type=&#8221;1_3&#8243;][et_pb_gallery admin_label=&#8221;Gallery&#8221; gallery_ids=&#8221;10965,10937,10938&#8243; fullwidth=&#8221;on&#8221; show_title_and_caption=&#8221;off&#8221; show_pagination=&#8221;off&#8221; background_layout=&#8221;light&#8221; auto=&#8221;on&#8221; hover_overlay_color=&#8221;rgba(255,255,255,0.9)&#8221; use_border_color=&#8221;off&#8221; border_color=&#8221;#ffffff&#8221; border_style=&#8221;solid&#8221; auto_speed=&#8221;4000&#8243; orientation=&#8221;landscape&#8221; \/][\/et_pb_column][\/et_pb_row][et_pb_row admin_label=&#8221;Row&#8221;][et_pb_column type=&#8221;4_4&#8243;][et_pb_divider admin_label=&#8221;Divider&#8221; color=&#8221;#3f3f3f&#8221; show_divider=&#8221;on&#8221; divider_style=&#8221;solid&#8221; divider_position=&#8221;top&#8221; hide_on_mobile=&#8221;off&#8221; \/][\/et_pb_column][\/et_pb_row][et_pb_row admin_label=&#8221;Row&#8221;][et_pb_column type=&#8221;2_3&#8243;][et_pb_text admin_label=&#8221;Pleasure Grounds&#8221; background_layout=&#8221;light&#8221; text_orientation=&#8221;left&#8221; use_border_color=&#8221;off&#8221; border_color=&#8221;#ffffff&#8221; border_style=&#8221;solid&#8221;]<\/p>\n<h3>Na Gaird\u00edn\u00ed Pl\u00e9isi\u00fair<\/h3>\n<p>Lonnaithe in aice an chl\u00f3is thiar agus Sciath\u00e1n na Cistine, rinne an OOP athch\u00f3iri\u00fa ar na Gaird\u00edni Pl\u00e9isi\u00fair in 2016 agus t\u00e1 siad ar f\u00e1il anois do ch\u00f3isir\u00ed n\u00f3 imeachta\u00ed pr\u00edobh\u00e1ideacha sa ghaird\u00edn. T\u00e1 siad go hioml\u00e1n sreangaithe do sheirbh\u00eds\u00ed agus t\u00e1 pr\u00edobh\u00e1ideachas agus suaimhneas ar leith le f\u00e1il iontu chomh maith leis an deis Baile an Chaisle\u00e1in a bhlaiseadh ar bhealach nua.<\/p>\n<p>San am at\u00e1 thart, bh\u00edodh dr\u00e1ma\u00ed agus l\u00e9irithe ceoldr\u00e1ma\u00edochta ar bun ar na pl\u00e1s\u00f3ga taobh thiar den teach agus tugann an sp\u00e1s sa bhreis at\u00e1 sna Gaird\u00edn\u00ed Pl\u00e9isi\u00fair t\u00edrdhreachtaithe deiseanna nua chun cinn d\u2019ollphubaill agus do ch\u00f3isir\u00ed agus imeachta\u00ed samhraidh.<\/p>\n<p>Is f\u00e9idir na Gaird\u00edn\u00ed Pl\u00e9isi\u00fair a chur in \u00e1irithe le haghaidh:<\/p>\n<ul>\n<li>C\u00f3isir\u00ed Gaird\u00edn<\/li>\n<li>L\u00e9irithe Amharclanna\u00edochta<\/li>\n<li>Ceolchoirmeacha<\/li>\n<li>Seolta\u00ed<\/li>\n<li>F\u00f3taisheisi\u00fain<\/li>\n<\/ul>\n<p>[\/et_pb_text][\/et_pb_column][et_pb_column type=&#8221;1_3&#8243;][et_pb_gallery admin_label=&#8221;Gallery&#8221; gallery_ids=&#8221;10963,10966&#8243; fullwidth=&#8221;on&#8221; show_title_and_caption=&#8221;off&#8221; show_pagination=&#8221;off&#8221; background_layout=&#8221;light&#8221; auto=&#8221;on&#8221; hover_overlay_color=&#8221;rgba(255,255,255,0.9)&#8221; use_border_color=&#8221;off&#8221; border_color=&#8221;#ffffff&#8221; border_style=&#8221;solid&#8221; auto_speed=&#8221;4000&#8243; orientation=&#8221;landscape&#8221; \/][\/et_pb_column][\/et_pb_row][\/et_pb_section][et_pb_section bb_built=&#8221;1&#8243; admin_label=&#8221;Section&#8221; fullwidth=&#8221;off&#8221; specialty=&#8221;off&#8221; transparent_background=&#8221;off&#8221; background_color=&#8221;#f7f7f7&#8243; allow_player_pause=&#8221;off&#8221; inner_shadow=&#8221;off&#8221; parallax=&#8221;off&#8221; parallax_method=&#8221;on&#8221; make_fullwidth=&#8221;off&#8221; use_custom_width=&#8221;off&#8221; width_unit=&#8221;on&#8221; make_equal=&#8221;off&#8221; use_custom_gutter=&#8221;off&#8221;][et_pb_row admin_label=&#8221;Row&#8221;][et_pb_column type=&#8221;4_4&#8243;][et_pb_text admin_label=&#8221;Text&#8221; background_layout=&#8221;light&#8221; text_orientation=&#8221;left&#8221; use_border_color=&#8221;off&#8221; border_color=&#8221;#ffffff&#8221; border_style=&#8221;solid&#8221;]<\/p>\n<h3>Acmhainn sp\u00e1is agus Teicneola\u00edocht<\/h3>\n<p>T\u00e1 \u00e1r bpr\u00edomhionaid chomhdh\u00e1la ioml\u00e1n feistithe le c\u00f3rais fuaime, sc\u00e1ile\u00e1in agus teilgeoir\u00ed, agus Wi-Fi saor in aisce.<\/p>\n<p>[\/et_pb_text][et_pb_text admin_label=&#8221;Capacity Table&#8221; background_layout=&#8221;light&#8221; text_orientation=&#8221;left&#8221; use_border_color=&#8221;off&#8221; border_color=&#8221;#ffffff&#8221; border_style=&#8221;solid&#8221;]<\/p>\n<table style=\"height: 227px;\" width=\"500\">\n<tbody>\n<tr>\n<td><strong>Ionad<\/strong><\/td>\n<td><strong>Achar (m. cearn)<\/strong><\/td>\n<td><strong>Amharclann<\/strong><\/td>\n<td><strong>F\u00e9asta\/F\u00e1ilti\u00fa<\/strong><\/td>\n<td><strong>F\u00e1ilti\u00fa<\/strong><\/td>\n<\/tr>\n<tr>\n<td>An Seomra Seilge<\/td>\n<td>114<\/td>\n<td>90<\/td>\n<td>100<\/td>\n<td>150<\/td>\n<\/tr>\n<tr>\n<td>An Seomra Bill\u00e9arda\u00ed<\/td>\n<td>46<\/td>\n<td>40<\/td>\n<td>60<\/td>\n<td>80<\/td>\n<\/tr>\n<tr>\n<td>An Gaileara\u00ed Fada<\/td>\n<td>164<\/td>\n<td>150<\/td>\n<td>80<\/td>\n<td>150<\/td>\n<\/tr>\n<tr>\n<td>An Seomra Bia<\/td>\n<td>78<\/td>\n<td>50<\/td>\n<td>40<\/td>\n<td>60<\/td>\n<\/tr>\n<tr>\n<td>An Halla Iontr\u00e1la<\/td>\n<td>81<\/td>\n<td>60<\/td>\n<td>90<\/td>\n<td>150<\/td>\n<\/tr>\n<tr>\n<td>Na Gaird\u00edn\u00ed Pl\u00e9isi\u00fair<\/td>\n<td>3200<\/td>\n<td><\/td>\n<td><\/td>\n<td><\/td>\n<\/tr>\n<tr>\n<td>Na St\u00e1bla\u00ed<\/td>\n<td>42 + 2 stalla ag 11 m. cearn. an ceann d\u2019achar taispe\u00e1ntais<\/td>\n<td><\/td>\n<td><\/td>\n<td><\/td>\n<\/tr>\n<\/tbody>\n<\/table>\n<p>[\/et_pb_text][\/et_pb_column][\/et_pb_row][\/et_pb_section][et_pb_section bb_built=&#8221;1&#8243; admin_label=&#8221;Section&#8221; fullwidth=&#8221;on&#8221; specialty=&#8221;off&#8221;][et_pb_fullwidth_image admin_label=&#8221;Fullwidth Image&#8221; src=&#8221;http:\/\/castletown.ie\/wp-content\/uploads\/2017\/02\/1-Castletown-House.-National-Monuments-Service-Dept.-of-Arts-Heritage-Regional-Rural-and-Gaeltacht-Affairs.jpg&#8221; show_in_lightbox=&#8221;off&#8221; url_new_window=&#8221;off&#8221; use_overlay=&#8221;off&#8221; animation=&#8221;off&#8221; use_border_color=&#8221;off&#8221; border_color=&#8221;#ffffff&#8221; border_style=&#8221;solid&#8221; \/][\/et_pb_section]<\/p>\n","protected":false},"excerpt":{"rendered":"<p>Na St\u00e1bla\u00ed agus an Teach C\u00f3iste Dh\u00e1 st\u00e1bla ar ceachtar taobh d\u2019ionad f\u00e1ilte sa Teach C\u00f3iste at\u00e1 i Sciath\u00e1n na St\u00e1bla\u00ed, a bhfuil athch\u00f3iri\u00fa d\u00e9anta air le d\u00e9ana\u00ed. Is iad [&hellip;]<\/p>\n","protected":false},"author":12,"featured_media":0,"parent":0,"menu_order":0,"comment_status":"closed","ping_status":"closed","template":"","meta":{"_et_pb_use_builder":"on","_et_pb_old_content":"","_et_gb_content_width":"","footnotes":""},"class_list":["post-6793","page","type-page","status-publish","hentry"],"_links":{"self":[{"href":"https:\/\/castletown.ie\/ga\/wp-json\/wp\/v2\/pages\/6793","targetHints":{"allow":["GET"]}}],"collection":[{"href":"https:\/\/castletown.ie\/ga\/wp-json\/wp\/v2\/pages"}],"about":[{"href":"https:\/\/castletown.ie\/ga\/wp-json\/wp\/v2\/types\/page"}],"author":[{"embeddable":true,"href":"https:\/\/castletown.ie\/ga\/wp-json\/wp\/v2\/users\/12"}],"replies":[{"embeddable":true,"href":"https:\/\/castletown.ie\/ga\/wp-json\/wp\/v2\/comments?post=6793"}],"version-history":[{"count":3,"href":"https:\/\/castletown.ie\/ga\/wp-json\/wp\/v2\/pages\/6793\/revisions"}],"predecessor-version":[{"id":10968,"href":"https:\/\/castletown.ie\/ga\/wp-json\/wp\/v2\/pages\/6793\/revisions\/10968"}],"wp:attachment":[{"href":"https:\/\/castletown.ie\/ga\/wp-json\/wp\/v2\/media?parent=6793"}],"curies":[{"name":"wp","href":"https:\/\/api.w.org\/{rel}","templated":true}]}}